{"id":1815,"date":"2025-09-15T15:01:00","date_gmt":"2025-09-15T13:01:00","guid":{"rendered":"https:\/\/lejardinbotanique.roaaar.fr\/?page_id=1815"},"modified":"2025-09-15T15:04:13","modified_gmt":"2025-09-15T13:04:13","slug":"presse","status":"publish","type":"page","link":"https:\/\/lejardinbotanique.roaaar.fr\/en\/presse\/","title":{"rendered":"Presse"},"content":{"rendered":"<div data-elementor-type=\"wp-page\" data-elementor-id=\"1815\" class=\"elementor elementor-1815\" data-elementor-post-type=\"page\">\n\t\t\t\t<div class=\"elementor-element elementor-element-6b8f4248 e-flex e-con-boxed e-con e-parent\" data-id=\"6b8f4248\" data-element_type=\"container\" data-settings=\"{&quot;background_background&quot;:&quot;classic&quot;}\">\n\t\t\t\t\t<div class=\"e-con-inner\">\n\t\t\t\t<div class=\"elementor-element elementor-element-2414d0ac elementor-widget elementor-widget-heading\" data-id=\"2414d0ac\" data-element_type=\"widget\" data-widget_type=\"heading.default\">\n\t\t\t\t<div class=\"elementor-widget-container\">\n\t\t\t\t\t<h2 class=\"elementor-heading-title elementor-size-default\">Presse<\/h2>\t\t\t\t<\/div>\n\t\t\t\t<\/div>\n\t\t\t\t\t<\/div>\n\t\t\t\t<\/div>\n\t\t<div class=\"elementor-element elementor-element-2f78bdd4 e-flex e-con-boxed e-con e-parent\" data-id=\"2f78bdd4\" data-element_type=\"container\">\n\t\t\t\t\t<div class=\"e-con-inner\">\n\t\t<div class=\"elementor-element elementor-element-c0be47e e-con-full e-flex e-con e-child\" data-id=\"c0be47e\" data-element_type=\"container\">\n\t\t\t\t<div class=\"elementor-element elementor-element-0a7ad3c elementor-widget__width-inherit elementor-widget elementor-widget-image\" data-id=\"0a7ad3c\" data-element_type=\"widget\" data-widget_type=\"image.default\">\n\t\t\t\t<div class=\"elementor-widget-container\">\n\t\t\t\t\t\t\t\t\t\t\t\t\t\t\t<img fetchpriority=\"high\" decoding=\"async\" width=\"704\" height=\"600\" src=\"https:\/\/lejardinbotanique.roaaar.fr\/wp-content\/uploads\/2025\/07\/cannelle_MP-1.webp\" class=\"attachment-full size-full wp-image-1521\" alt=\"\" srcset=\"https:\/\/lejardinbotanique.roaaar.fr\/wp-content\/uploads\/2025\/07\/cannelle_MP-1.webp 704w, https:\/\/lejardinbotanique.roaaar.fr\/wp-content\/uploads\/2025\/07\/cannelle_MP-1-300x256.webp 300w, https:\/\/lejardinbotanique.roaaar.fr\/wp-content\/uploads\/2025\/07\/cannelle_MP-1-14x12.webp 14w\" sizes=\"(max-width: 704px) 100vw, 704px\" \/>\t\t\t\t\t\t\t\t\t\t\t\t\t\t\t<\/div>\n\t\t\t\t<\/div>\n\t\t\t\t<\/div>\n\t\t<div class=\"elementor-element elementor-element-06f7b3c e-con-full e-flex e-con e-child\" data-id=\"06f7b3c\" data-element_type=\"container\">\n\t\t\t\t<div class=\"elementor-element elementor-element-b36f6eb elementor-hidden-desktop elementor-hidden-tablet elementor-hidden-mobile elementor-widget elementor-widget-heading\" data-id=\"b36f6eb\" data-element_type=\"widget\" data-widget_type=\"heading.default\">\n\t\t\t\t<div class=\"elementor-widget-container\">\n\t\t\t\t\t<h2 class=\"elementor-heading-title elementor-size-default\">Un restaurant\u00a0cr\u00e9ole \n<br>\u00e0 Mascarin<\/h2>\t\t\t\t<\/div>\n\t\t\t\t<\/div>\n\t\t\t\t<div class=\"elementor-element elementor-element-431475e elementor-hidden-desktop elementor-hidden-tablet elementor-hidden-mobile elementor-widget-divider--view-line elementor-widget elementor-widget-divider\" data-id=\"431475e\" data-element_type=\"widget\" data-widget_type=\"divider.default\">\n\t\t\t\t<div class=\"elementor-widget-container\">\n\t\t\t\t\t\t\t<div class=\"elementor-divider\">\n\t\t\t<span class=\"elementor-divider-separator\">\n\t\t\t\t\t\t<\/span>\n\t\t<\/div>\n\t\t\t\t\t\t<\/div>\n\t\t\t\t<\/div>\n\t\t\t\t<div class=\"elementor-element elementor-element-61ade92 elementor-widget elementor-widget-text-editor\" data-id=\"61ade92\" data-element_type=\"widget\" data-widget_type=\"text-editor.default\">\n\t\t\t\t<div class=\"elementor-widget-container\">\n\t\t\t\t\t\t\t\t\t<p class=\"p1\">Pour toute demande veuillez nous contacter par mail \u00e0 l&rsquo;adresse : <a href=\"mailto:samuel.hivanhoe@cg974.fr\">samuel.hivanhoe@cg974.fr<\/a><br \/><br \/><strong>ou<br \/><\/strong> <br \/>par t\u00e9l\u00e9phone au <a href=\"tel:0693927155\">0693 92 71 55<\/a><\/p>\t\t\t\t\t\t\t\t<\/div>\n\t\t\t\t<\/div>\n\t\t\t\t<\/div>\n\t\t\t\t\t<\/div>\n\t\t\t\t<\/div>\n\t\t\t\t<\/div>","protected":false},"excerpt":{"rendered":"<p>Un restaurant\u00a0cr\u00e9ole \u00e0 Mascarin Pour toute demande veuillez nous contacter par mail \u00e0 l&rsquo;adresse : samuel.hivanhoe@cg974.fr ou par t\u00e9l\u00e9phone au 0693 92 71 55<\/p>","protected":false},"author":1,"featured_media":0,"parent":0,"menu_order":0,"comment_status":"closed","ping_status":"closed","template":"","meta":{"pgc_sgb_lightbox_settings":"","footnotes":""},"categories":[],"class_list":["post-1815","page","type-page","status-publish","hentry"],"_links":{"self":[{"href":"https:\/\/lejardinbotanique.roaaar.fr\/en\/wp-json\/wp\/v2\/pages\/1815","targetHints":{"allow":["GET"]}}],"collection":[{"href":"https:\/\/lejardinbotanique.roaaar.fr\/en\/wp-json\/wp\/v2\/pages"}],"about":[{"href":"https:\/\/lejardinbotanique.roaaar.fr\/en\/wp-json\/wp\/v2\/types\/page"}],"author":[{"embeddable":true,"href":"https:\/\/lejardinbotanique.roaaar.fr\/en\/wp-json\/wp\/v2\/users\/1"}],"replies":[{"embeddable":true,"href":"https:\/\/lejardinbotanique.roaaar.fr\/en\/wp-json\/wp\/v2\/comments?post=1815"}],"version-history":[{"count":0,"href":"https:\/\/lejardinbotanique.roaaar.fr\/en\/wp-json\/wp\/v2\/pages\/1815\/revisions"}],"wp:attachment":[{"href":"https:\/\/lejardinbotanique.roaaar.fr\/en\/wp-json\/wp\/v2\/media?parent=1815"}],"wp:term":[{"taxonomy":"category","embeddable":true,"href":"https:\/\/lejardinbotanique.roaaar.fr\/en\/wp-json\/wp\/v2\/categories?post=1815"}],"curies":[{"name":"wp","href":"https:\/\/api.w.org\/{rel}","templated":true}]}}