{"id":1924,"date":"2025-10-02T13:43:41","date_gmt":"2025-10-02T11:43:41","guid":{"rendered":"https:\/\/lejardinbotanique.roaaar.fr\/?page_id=1924"},"modified":"2025-10-03T10:01:38","modified_gmt":"2025-10-03T08:01:38","slug":"plantes-carnivores","status":"publish","type":"page","link":"https:\/\/lejardinbotanique.roaaar.fr\/en\/nos-collections\/plantes-carnivores\/","title":{"rendered":"Plantes Carnivores"},"content":{"rendered":"<div class=\"wp-block-columns is-layout-flex wp-container-core-columns-is-layout-6127943d wp-block-columns-is-layout-flex\">\n<div class=\"wp-block-column is-layout-flow wp-block-column-is-layout-flow\" style=\"flex-basis:50%\"><div class=\"pgc-sgb-cb wp-block-pgcsimplygalleryblock-slider\" data-gallery-id=\"a1500389\"style=\"&quot;min-height:400px&quot;\"><div class=\"sgb-preloader\" id=\"pr_a1500389\">\n\t<div class=\"sgb-square\" style=\"background:#d4d4d4\"><\/div>\n\t<div class=\"sgb-square\" style=\"background:#d4d4d4\"><\/div>\n\t<div class=\"sgb-square\" style=\"background:#d4d4d4\"><\/div>\n\t<div class=\"sgb-square\" style=\"background:#d4d4d4\"><\/div><\/div><div class=\"simply-gallery-amp pgc_sgb_slider\"><noscript><div class=\"sgb-gallery\"><div class=\"sgb-item\"><a href=\"https:\/\/lejardinbotanique.roaaar.fr\/en\/nos-collections\/plantes-carnivores\/nepenthes_mp\/\" target=\"_blank\"><img loading=\"lazy\" decoding=\"async\" alt=\"Nepenthe\u0300s_MP\" width=\"300\" height=\"225\" src=\"http:\/\/lejardinbotanique.roaaar.fr\/wp-content\/uploads\/2025\/10\/nepenthes_mp-300x225.webp\" srcset=\"http:\/\/lejardinbotanique.roaaar.fr\/wp-content\/uploads\/2025\/10\/nepenthes_mp-300x225.webp 300w,http:\/\/lejardinbotanique.roaaar.fr\/wp-content\/uploads\/2025\/10\/nepenthes_mp-1024x768.webp 1024w,http:\/\/lejardinbotanique.roaaar.fr\/wp-content\/uploads\/2025\/10\/nepenthes_mp-scaled-e1759405796189.webp 1333w\" sizes=\"auto, 250px\"\/><\/a><div class=\"sgb-item-caption\"><em>Nepenthe\u0300s_MP<\/em><\/div><\/div><div class=\"sgb-item\"><a href=\"https:\/\/lejardinbotanique.roaaar.fr\/en\/nos-collections\/plantes-carnivores\/dionee_mp\/\" target=\"_blank\"><img loading=\"lazy\" decoding=\"async\" alt=\"Dione\u0301e_MP\" width=\"300\" height=\"225\" src=\"http:\/\/lejardinbotanique.roaaar.fr\/wp-content\/uploads\/2025\/10\/dionee_mp-300x225.webp\" srcset=\"http:\/\/lejardinbotanique.roaaar.fr\/wp-content\/uploads\/2025\/10\/dionee_mp-300x225.webp 300w,http:\/\/lejardinbotanique.roaaar.fr\/wp-content\/uploads\/2025\/10\/dionee_mp-1024x768.webp 1024w,http:\/\/lejardinbotanique.roaaar.fr\/wp-content\/uploads\/2025\/10\/dionee_mp-scaled-e1759405720495.webp 1333w\" sizes=\"auto, 250px\"\/><\/a><div class=\"sgb-item-caption\"><em>Dione\u0301e_MP<\/em><\/div><\/div><\/div><\/noscript><\/div><script type=\"application\/json\" class=\"sgb-data\">{\"externalLink\":false,\"captions\":false,\"collectionThumbSubMenuDownload\":false,\"collectionThumbSubMenuShare\":false,\"sliderAdminWidth\":388,\"responsiveHeight\":true,\"collectionColumns\":1,\"sliderThumbsNavi\":false,\"galleryType\":\"pgc_sgb_slider\",\"galleryId\":\"a1500389\",\"images\":[{\"id\":1928,\"title\":\"Nepenthe\u0300s_MP\",\"url\":\"http:\/\/lejardinbotanique.roaaar.fr\/wp-content\/uploads\/2025\/10\/nepenthes_mp-scaled-e1759405796189.webp\",\"link\":\"https:\/\/lejardinbotanique.roaaar.fr\/nos-collections\/plantes-carnivores\/nepenthes_mp\/\",\"alt\":\"Nepenthe\u0300s_MP\",\"description\":\"Nepenthe\u0300s_MP\",\"caption\":\"Nepenthe\u0300s_MP\",\"mime\":\"image\/webp\",\"type\":\"image\",\"width\":1333,\"height\":1000,\"sizes\":{\"thumbnail\":{\"height\":150,\"width\":150,\"url\":\"http:\/\/lejardinbotanique.roaaar.fr\/wp-content\/uploads\/2025\/10\/nepenthes_mp-150x150.webp\",\"orientation\":\"landscape\"},\"medium\":{\"height\":225,\"width\":300,\"url\":\"http:\/\/lejardinbotanique.roaaar.fr\/wp-content\/uploads\/2025\/10\/nepenthes_mp-300x225.webp\",\"orientation\":\"landscape\"},\"large\":{\"height\":768,\"width\":1024,\"url\":\"http:\/\/lejardinbotanique.roaaar.fr\/wp-content\/uploads\/2025\/10\/nepenthes_mp-1024x768.webp\",\"orientation\":\"landscape\"},\"full\":{\"url\":\"http:\/\/lejardinbotanique.roaaar.fr\/wp-content\/uploads\/2025\/10\/nepenthes_mp-scaled-e1759405796189.webp\",\"height\":1000,\"width\":1333,\"orientation\":\"landscape\"}},\"imageMeta\":{\"aperture\":\"0\",\"credit\":\"\",\"camera\":\"\",\"caption\":\"\",\"created_timestamp\":\"0\",\"copyright\":\"\",\"focal_length\":\"0\",\"iso\":\"0\",\"shutter_speed\":\"0\",\"title\":\"\",\"orientation\":\"0\",\"keywords\":[]},\"meta\":false,\"postlink\":\"https:\/\/lejardinbotanique.roaaar.fr\/nos-collections\/plantes-carnivores\/nepenthes_mp\/\"},{\"id\":1927,\"title\":\"Dione\u0301e_MP\",\"url\":\"http:\/\/lejardinbotanique.roaaar.fr\/wp-content\/uploads\/2025\/10\/dionee_mp-scaled-e1759405720495.webp\",\"link\":\"https:\/\/lejardinbotanique.roaaar.fr\/nos-collections\/plantes-carnivores\/dionee_mp\/\",\"alt\":\"Dione\u0301e_MP\",\"description\":\"Dione\u0301e_MP\",\"caption\":\"Dione\u0301e_MP\",\"mime\":\"image\/webp\",\"type\":\"image\",\"width\":1333,\"height\":1000,\"sizes\":{\"thumbnail\":{\"height\":150,\"width\":150,\"url\":\"http:\/\/lejardinbotanique.roaaar.fr\/wp-content\/uploads\/2025\/10\/dionee_mp-150x150.webp\",\"orientation\":\"landscape\"},\"medium\":{\"height\":225,\"width\":300,\"url\":\"http:\/\/lejardinbotanique.roaaar.fr\/wp-content\/uploads\/2025\/10\/dionee_mp-300x225.webp\",\"orientation\":\"landscape\"},\"large\":{\"height\":768,\"width\":1024,\"url\":\"http:\/\/lejardinbotanique.roaaar.fr\/wp-content\/uploads\/2025\/10\/dionee_mp-1024x768.webp\",\"orientation\":\"landscape\"},\"full\":{\"url\":\"http:\/\/lejardinbotanique.roaaar.fr\/wp-content\/uploads\/2025\/10\/dionee_mp-scaled-e1759405720495.webp\",\"height\":1000,\"width\":1333,\"orientation\":\"landscape\"}},\"imageMeta\":{\"aperture\":\"0\",\"credit\":\"\",\"camera\":\"\",\"caption\":\"\",\"created_timestamp\":\"0\",\"copyright\":\"\",\"focal_length\":\"0\",\"iso\":\"0\",\"shutter_speed\":\"0\",\"title\":\"\",\"orientation\":\"0\",\"keywords\":[]},\"meta\":false,\"postlink\":\"https:\/\/lejardinbotanique.roaaar.fr\/nos-collections\/plantes-carnivores\/dionee_mp\/\"}],\"contentNoPadding\":true,\"customCSS\":\"selector {ntz-index: 11;n}\",\"sliderItemCounterEnable\":false,\"sliderItemTitleEnable\":false,\"sliderSlideshow\":false,\"sliderSocialShareEnabled\":false,\"sliderZoomEnable\":false,\"sliderFullscreenEnabled\":false,\"TrpContentRestriction\":{\"restriction_type\":\"exclude\",\"selected_languages\":[],\"panel_open\":false},\"itemsMetaDataCollection\":[]}<\/script><script>(function(){if(window.PGC_SGB && window.PGC_SGB.searcher){window.PGC_SGB.searcher.initBlocks()}})()<\/script><\/div><\/div>\n\n\n\n<div class=\"wp-block-column is-layout-flow wp-block-column-is-layout-flow\" style=\"flex-basis:50%\">\n<p>Inaugur\u00e9e en 2023, la <strong>collection des Plantes Carnivores<\/strong> offre aux visiteurs une plong\u00e9e in\u00e9dite dans l\u2019univers myst\u00e9rieux de ces esp\u00e8ces extraordinaires.<\/p>\n\n\n\n<p>\u00c0 travers un <strong>parcours sc\u00e9nographi\u00e9<\/strong>, petits et grands d\u00e9couvrent des v\u00e9g\u00e9taux aux strat\u00e9gies surprenantes : urnes color\u00e9es, pi\u00e8ges gluants, m\u00e2choires v\u00e9g\u00e9tales qui se referment \u00e0 la moindre caresse\u2026 Un monde o\u00f9 la nature rivalise d\u2019ing\u00e9niosit\u00e9 pour s\u2019adapter et survivre.<\/p>\n\n\n\n<p>Ce jardin pas comme les autres stimule la <strong>curiosit\u00e9 scientifique<\/strong> et invite \u00e0 l\u2019\u00e9merveillement, en particulier chez le <strong>jeune public<\/strong>, qui y trouve une porte d\u2019entr\u00e9e ludique vers la compr\u00e9hension de la biodiversit\u00e9 et des incroyables m\u00e9canismes du vivant.<\/p>\n\n\n\n<p>Plus qu\u2019une simple exposition, la collection des Carnivores est une <strong>exp\u00e9rience sensorielle et p\u00e9dagogique<\/strong>, entre science et magie, qui enrichit l\u2019aventure botanique de Mascarin.<\/p>\n<\/div>\n<\/div>","protected":false},"excerpt":{"rendered":"<p>Inaugur\u00e9e en 2023, la collection des Plantes Carnivores offre aux visiteurs une plong\u00e9e in\u00e9dite dans l\u2019univers myst\u00e9rieux de ces esp\u00e8ces extraordinaires. \u00c0 travers un parcours sc\u00e9nographi\u00e9, petits et grands d\u00e9couvrent des v\u00e9g\u00e9taux aux strat\u00e9gies surprenantes : urnes color\u00e9es, pi\u00e8ges gluants, m\u00e2choires v\u00e9g\u00e9tales qui se referment \u00e0 la moindre caresse\u2026 Un monde o\u00f9 la nature rivalise [&hellip;]<\/p>","protected":false},"author":1,"featured_media":1938,"parent":395,"menu_order":0,"comment_status":"closed","ping_status":"closed","template":"","meta":{"pgc_sgb_lightbox_settings":"","footnotes":""},"categories":[10],"class_list":["post-1924","page","type-page","status-publish","has-post-thumbnail","hentry","category-collection"],"_links":{"self":[{"href":"https:\/\/lejardinbotanique.roaaar.fr\/en\/wp-json\/wp\/v2\/pages\/1924","targetHints":{"allow":["GET"]}}],"collection":[{"href":"https:\/\/lejardinbotanique.roaaar.fr\/en\/wp-json\/wp\/v2\/pages"}],"about":[{"href":"https:\/\/lejardinbotanique.roaaar.fr\/en\/wp-json\/wp\/v2\/types\/page"}],"author":[{"embeddable":true,"href":"https:\/\/lejardinbotanique.roaaar.fr\/en\/wp-json\/wp\/v2\/users\/1"}],"replies":[{"embeddable":true,"href":"https:\/\/lejardinbotanique.roaaar.fr\/en\/wp-json\/wp\/v2\/comments?post=1924"}],"version-history":[{"count":0,"href":"https:\/\/lejardinbotanique.roaaar.fr\/en\/wp-json\/wp\/v2\/pages\/1924\/revisions"}],"up":[{"embeddable":true,"href":"https:\/\/lejardinbotanique.roaaar.fr\/en\/wp-json\/wp\/v2\/pages\/395"}],"wp:featuredmedia":[{"embeddable":true,"href":"https:\/\/lejardinbotanique.roaaar.fr\/en\/wp-json\/wp\/v2\/media\/1938"}],"wp:attachment":[{"href":"https:\/\/lejardinbotanique.roaaar.fr\/en\/wp-json\/wp\/v2\/media?parent=1924"}],"wp:term":[{"taxonomy":"category","embeddable":true,"href":"https:\/\/lejardinbotanique.roaaar.fr\/en\/wp-json\/wp\/v2\/categories?post=1924"}],"curies":[{"name":"wp","href":"https:\/\/api.w.org\/{rel}","templated":true}]}}