{"id":1931,"date":"2025-10-02T13:56:04","date_gmt":"2025-10-02T11:56:04","guid":{"rendered":"https:\/\/lejardinbotanique.roaaar.fr\/?page_id=1931"},"modified":"2025-10-03T10:00:59","modified_gmt":"2025-10-03T08:00:59","slug":"la-roseraie-marie-therese","status":"publish","type":"page","link":"https:\/\/lejardinbotanique.roaaar.fr\/en\/nos-collections\/la-roseraie-marie-therese\/","title":{"rendered":"La Roseraie Marie-Th\u00e9r\u00e8se"},"content":{"rendered":"<div class=\"wp-block-columns is-layout-flex wp-container-core-columns-is-layout-6127943d wp-block-columns-is-layout-flex\">\n<div class=\"wp-block-column is-layout-flow wp-block-column-is-layout-flow\" style=\"flex-basis:50%\"><div class=\"pgc-sgb-cb wp-block-pgcsimplygalleryblock-slider\" data-gallery-id=\"a1500389\"style=\"&quot;min-height:400px&quot;\"><div class=\"sgb-preloader\" id=\"pr_a1500389\">\n\t<div class=\"sgb-square\" style=\"background:#d4d4d4\"><\/div>\n\t<div class=\"sgb-square\" style=\"background:#d4d4d4\"><\/div>\n\t<div class=\"sgb-square\" style=\"background:#d4d4d4\"><\/div>\n\t<div class=\"sgb-square\" style=\"background:#d4d4d4\"><\/div><\/div><div class=\"simply-gallery-amp pgc_sgb_slider\"><noscript><div class=\"sgb-gallery\"><div class=\"sgb-item\"><a href=\"https:\/\/lejardinbotanique.roaaar.fr\/en\/?attachment_id=1932\" target=\"_blank\"><img loading=\"lazy\" decoding=\"async\" alt=\"Pierre de Saint-Cyr_MP\" width=\"300\" height=\"225\" src=\"http:\/\/lejardinbotanique.roaaar.fr\/wp-content\/uploads\/2025\/10\/pierre-de-saint-cyr_mp-300x225.webp\" srcset=\"http:\/\/lejardinbotanique.roaaar.fr\/wp-content\/uploads\/2025\/10\/pierre-de-saint-cyr_mp-300x225.webp 300w,http:\/\/lejardinbotanique.roaaar.fr\/wp-content\/uploads\/2025\/10\/pierre-de-saint-cyr_mp-1024x768.webp 1024w,http:\/\/lejardinbotanique.roaaar.fr\/wp-content\/uploads\/2025\/10\/pierre-de-saint-cyr_mp-scaled-e1759406135436.webp 1333w\" sizes=\"auto, 250px\"\/><\/a><div class=\"sgb-item-caption\"><em>Pierre de Saint-Cyr_MP<\/em><\/div><\/div><div class=\"sgb-item\"><a href=\"https:\/\/lejardinbotanique.roaaar.fr\/en\/?attachment_id=1933\" target=\"_blank\"><img loading=\"lazy\" decoding=\"async\" alt=\"P1002463\" width=\"300\" height=\"242\" src=\"http:\/\/lejardinbotanique.roaaar.fr\/wp-content\/uploads\/2025\/10\/p1002463-300x242.webp\" srcset=\"http:\/\/lejardinbotanique.roaaar.fr\/wp-content\/uploads\/2025\/10\/p1002463-300x242.webp 300w,http:\/\/lejardinbotanique.roaaar.fr\/wp-content\/uploads\/2025\/10\/p1002463-1024x827.webp 1024w,http:\/\/lejardinbotanique.roaaar.fr\/wp-content\/uploads\/2025\/10\/p1002463-scaled-e1759406152653.webp 1238w\" sizes=\"auto, 250px\"\/><\/a><div class=\"sgb-item-caption\"><em>P1002463<\/em><\/div><\/div><\/div><\/noscript><\/div><script type=\"application\/json\" class=\"sgb-data\">{\"externalLink\":false,\"captions\":false,\"collectionThumbSubMenuDownload\":false,\"collectionThumbSubMenuShare\":false,\"sliderAdminWidth\":388,\"responsiveHeight\":true,\"collectionColumns\":1,\"sliderThumbsNavi\":false,\"galleryType\":\"pgc_sgb_slider\",\"galleryId\":\"a1500389\",\"images\":[{\"id\":1932,\"title\":\"Pierre de Saint-Cyr_MP\",\"url\":\"http:\/\/lejardinbotanique.roaaar.fr\/wp-content\/uploads\/2025\/10\/pierre-de-saint-cyr_mp-scaled-e1759406135436.webp\",\"link\":\"https:\/\/lejardinbotanique.roaaar.fr\/?attachment_id=1932\",\"alt\":\"Pierre de Saint-Cyr_MP\",\"description\":\"Pierre de Saint-Cyr_MP\",\"caption\":\"Pierre de Saint-Cyr_MP\",\"mime\":\"image\/webp\",\"type\":\"image\",\"width\":1333,\"height\":1000,\"sizes\":{\"thumbnail\":{\"height\":150,\"width\":150,\"url\":\"http:\/\/lejardinbotanique.roaaar.fr\/wp-content\/uploads\/2025\/10\/pierre-de-saint-cyr_mp-150x150.webp\",\"orientation\":\"landscape\"},\"medium\":{\"height\":225,\"width\":300,\"url\":\"http:\/\/lejardinbotanique.roaaar.fr\/wp-content\/uploads\/2025\/10\/pierre-de-saint-cyr_mp-300x225.webp\",\"orientation\":\"landscape\"},\"large\":{\"height\":768,\"width\":1024,\"url\":\"http:\/\/lejardinbotanique.roaaar.fr\/wp-content\/uploads\/2025\/10\/pierre-de-saint-cyr_mp-1024x768.webp\",\"orientation\":\"landscape\"},\"full\":{\"url\":\"http:\/\/lejardinbotanique.roaaar.fr\/wp-content\/uploads\/2025\/10\/pierre-de-saint-cyr_mp-scaled-e1759406135436.webp\",\"height\":1000,\"width\":1333,\"orientation\":\"landscape\"}},\"imageMeta\":{\"aperture\":\"0\",\"credit\":\"\",\"camera\":\"\",\"caption\":\"\",\"created_timestamp\":\"0\",\"copyright\":\"\",\"focal_length\":\"0\",\"iso\":\"0\",\"shutter_speed\":\"0\",\"title\":\"\",\"orientation\":\"0\",\"keywords\":[]},\"meta\":false,\"postlink\":\"https:\/\/lejardinbotanique.roaaar.fr\/?attachment_id=1932\"},{\"id\":1933,\"title\":\"P1002463\",\"url\":\"http:\/\/lejardinbotanique.roaaar.fr\/wp-content\/uploads\/2025\/10\/p1002463-scaled-e1759406152653.webp\",\"link\":\"https:\/\/lejardinbotanique.roaaar.fr\/?attachment_id=1933\",\"alt\":\"P1002463\",\"description\":\"P1002463\",\"caption\":\"P1002463\",\"mime\":\"image\/webp\",\"type\":\"image\",\"width\":1238,\"height\":1000,\"sizes\":{\"thumbnail\":{\"height\":150,\"width\":150,\"url\":\"http:\/\/lejardinbotanique.roaaar.fr\/wp-content\/uploads\/2025\/10\/p1002463-150x150.webp\",\"orientation\":\"landscape\"},\"medium\":{\"height\":242,\"width\":300,\"url\":\"http:\/\/lejardinbotanique.roaaar.fr\/wp-content\/uploads\/2025\/10\/p1002463-300x242.webp\",\"orientation\":\"landscape\"},\"large\":{\"height\":827,\"width\":1024,\"url\":\"http:\/\/lejardinbotanique.roaaar.fr\/wp-content\/uploads\/2025\/10\/p1002463-1024x827.webp\",\"orientation\":\"landscape\"},\"full\":{\"url\":\"http:\/\/lejardinbotanique.roaaar.fr\/wp-content\/uploads\/2025\/10\/p1002463-scaled-e1759406152653.webp\",\"height\":1000,\"width\":1238,\"orientation\":\"landscape\"}},\"imageMeta\":{\"aperture\":\"0\",\"credit\":\"\",\"camera\":\"\",\"caption\":\"\",\"created_timestamp\":\"0\",\"copyright\":\"\",\"focal_length\":\"0\",\"iso\":\"0\",\"shutter_speed\":\"0\",\"title\":\"\",\"orientation\":\"0\",\"keywords\":[]},\"meta\":false,\"postlink\":\"https:\/\/lejardinbotanique.roaaar.fr\/?attachment_id=1933\"}],\"contentNoPadding\":true,\"customCSS\":\"selector {ntz-index: 11;n}\",\"sliderItemCounterEnable\":false,\"sliderItemTitleEnable\":false,\"sliderSlideshow\":false,\"sliderSocialShareEnabled\":false,\"sliderZoomEnable\":false,\"sliderFullscreenEnabled\":false,\"TrpContentRestriction\":{\"restriction_type\":\"exclude\",\"selected_languages\":[],\"panel_open\":false},\"itemsMetaDataCollection\":[]}<\/script><script>(function(){if(window.PGC_SGB && window.PGC_SGB.searcher){window.PGC_SGB.searcher.initBlocks()}})()<\/script><\/div><\/div>\n\n\n\n<div class=\"wp-block-column is-layout-flow wp-block-column-is-layout-flow\" style=\"flex-basis:50%\">\n<p>Au c\u0153ur du Jardin Botanique, la <strong>Roseraie Marie-Th\u00e9r\u00e8se<\/strong> d\u00e9ploie ses parfums et ses couleurs dans une mise en sc\u00e8ne \u00e0 la fois scientifique et po\u00e9tique. Cette collection unique r\u00e9unit <strong>plus de 60 vari\u00e9t\u00e9s de roses Bourbon<\/strong>, cr\u00e9\u00e9es \u00e0 travers le monde \u00e0 partir d\u2019un anc\u00eatre prestigieux : la <strong>rose \u00c9douard<\/strong>, d\u00e9couverte sur l\u2019\u00eele de La R\u00e9union.<\/p>\n\n\n\n<p>\u00c9l\u00e9gantes et g\u00e9n\u00e9reuses, ces roses racontent une histoire qui d\u00e9passe les fronti\u00e8res, reliant notre \u00eele \u00e0 l\u2019h\u00e9ritage horticole mondial.<\/p>\n\n\n\n<p>La Roseraie rend hommage \u00e0 <strong>Marie-Th\u00e9r\u00e8se de Chateauvieux<\/strong> (1915-1987), figure pionni\u00e8re et inspirante, premi\u00e8re femme \u00e9lue maire \u00e0 La R\u00e9union en 1965, et derni\u00e8re propri\u00e9taire priv\u00e9e du domaine de Mascarin. Surnomm\u00e9e affectueusement <em>\u00ab Mademoiselle \u00bb<\/em>, elle incarne le lien ind\u00e9fectible entre ce site patrimonial et l\u2019histoire r\u00e9unionnaise.<\/p>\n\n\n\n<p>\u2728 Fl\u00e2ner dans la Roseraie Marie-Th\u00e9r\u00e8se, c\u2019est d\u00e9couvrir un patrimoine vivant, entre <strong>m\u00e9moire, beaut\u00e9 et science<\/strong>, au c\u0153ur m\u00eame de Mascarin.<\/p>\n<\/div>\n<\/div>","protected":false},"excerpt":{"rendered":"<p>Au c\u0153ur du Jardin Botanique, la Roseraie Marie-Th\u00e9r\u00e8se d\u00e9ploie ses parfums et ses couleurs dans une mise en sc\u00e8ne \u00e0 la fois scientifique et po\u00e9tique. Cette collection unique r\u00e9unit plus de 60 vari\u00e9t\u00e9s de roses Bourbon, cr\u00e9\u00e9es \u00e0 travers le monde \u00e0 partir d\u2019un anc\u00eatre prestigieux : la rose \u00c9douard, d\u00e9couverte sur l\u2019\u00eele de La [&hellip;]<\/p>","protected":false},"author":1,"featured_media":1936,"parent":395,"menu_order":0,"comment_status":"closed","ping_status":"closed","template":"","meta":{"pgc_sgb_lightbox_settings":"","footnotes":""},"categories":[10],"class_list":["post-1931","page","type-page","status-publish","has-post-thumbnail","hentry","category-collection"],"_links":{"self":[{"href":"https:\/\/lejardinbotanique.roaaar.fr\/en\/wp-json\/wp\/v2\/pages\/1931","targetHints":{"allow":["GET"]}}],"collection":[{"href":"https:\/\/lejardinbotanique.roaaar.fr\/en\/wp-json\/wp\/v2\/pages"}],"about":[{"href":"https:\/\/lejardinbotanique.roaaar.fr\/en\/wp-json\/wp\/v2\/types\/page"}],"author":[{"embeddable":true,"href":"https:\/\/lejardinbotanique.roaaar.fr\/en\/wp-json\/wp\/v2\/users\/1"}],"replies":[{"embeddable":true,"href":"https:\/\/lejardinbotanique.roaaar.fr\/en\/wp-json\/wp\/v2\/comments?post=1931"}],"version-history":[{"count":0,"href":"https:\/\/lejardinbotanique.roaaar.fr\/en\/wp-json\/wp\/v2\/pages\/1931\/revisions"}],"up":[{"embeddable":true,"href":"https:\/\/lejardinbotanique.roaaar.fr\/en\/wp-json\/wp\/v2\/pages\/395"}],"wp:featuredmedia":[{"embeddable":true,"href":"https:\/\/lejardinbotanique.roaaar.fr\/en\/wp-json\/wp\/v2\/media\/1936"}],"wp:attachment":[{"href":"https:\/\/lejardinbotanique.roaaar.fr\/en\/wp-json\/wp\/v2\/media?parent=1931"}],"wp:term":[{"taxonomy":"category","embeddable":true,"href":"https:\/\/lejardinbotanique.roaaar.fr\/en\/wp-json\/wp\/v2\/categories?post=1931"}],"curies":[{"name":"wp","href":"https:\/\/api.w.org\/{rel}","templated":true}]}}