{"id":372,"date":"2025-03-14T09:35:32","date_gmt":"2025-03-14T08:35:32","guid":{"rendered":"http:\/\/lejardinbotanique.test\/?page_id=372"},"modified":"2025-10-13T13:57:50","modified_gmt":"2025-10-13T11:57:50","slug":"comment-visiter-le-jardin","status":"publish","type":"page","link":"https:\/\/lejardinbotanique.roaaar.fr\/en\/comment-visiter-le-jardin\/","title":{"rendered":"Comment visiter le jardin"},"content":{"rendered":"<div data-elementor-type=\"wp-page\" data-elementor-id=\"372\" class=\"elementor elementor-372\" data-elementor-post-type=\"page\">\n\t\t\t\t<div class=\"elementor-element elementor-element-14e330e6 e-flex e-con-boxed e-con e-parent\" data-id=\"14e330e6\" data-element_type=\"container\" data-settings=\"{&quot;background_background&quot;:&quot;classic&quot;}\">\n\t\t\t\t\t<div class=\"e-con-inner\">\n\t\t\t\t<div class=\"elementor-element elementor-element-68f5ba50 elementor-widget elementor-widget-heading\" data-id=\"68f5ba50\" data-element_type=\"widget\" data-widget_type=\"heading.default\">\n\t\t\t\t<div class=\"elementor-widget-container\">\n\t\t\t\t\t<h2 class=\"elementor-heading-title elementor-size-default\">Comment visiter le jardin<\/h2>\t\t\t\t<\/div>\n\t\t\t\t<\/div>\n\t\t\t\t\t<\/div>\n\t\t\t\t<\/div>\n\t\t<div class=\"elementor-element elementor-element-7378248d e-flex e-con-boxed e-con e-parent\" data-id=\"7378248d\" data-element_type=\"container\">\n\t\t\t\t\t<div class=\"e-con-inner\">\n\t\t\t\t<div class=\"elementor-element elementor-element-3033b44d elementor-widget elementor-widget-text-editor\" data-id=\"3033b44d\" data-element_type=\"widget\" data-widget_type=\"text-editor.default\">\n\t\t\t\t<div class=\"elementor-widget-container\">\n\t\t\t\t\t\t\t\t\t<p class=\"p1\">Le jardin est ouvert du mardi au dimanche de <strong>9h \u00e0 17h<\/strong>.<br \/>Il est <strong>ferm\u00e9<\/strong> le <span style=\"text-decoration: underline;\">1<span class=\"s1\"><sup>er<\/sup><\/span> mai<\/span>, pour la <span style=\"text-decoration: underline;\">F\u00eate du Sacr\u00e9-C\u0153ur de Colima\u00e7on<\/span> et <span style=\"text-decoration: underline;\">20 D\u00e9cembre<\/span> et ponctuellement <span style=\"text-decoration: underline;\">entre No\u00ebl et Nouvel An<\/span>.<\/p>\t\t\t\t\t\t\t\t<\/div>\n\t\t\t\t<\/div>\n\t\t\t\t\t<\/div>\n\t\t\t\t<\/div>\n\t\t<div class=\"elementor-element elementor-element-f833818 e-flex e-con-boxed e-con e-parent\" data-id=\"f833818\" data-element_type=\"container\">\n\t\t\t\t\t<div class=\"e-con-inner\">\n\t\t<div class=\"elementor-element elementor-element-bcc43ff e-con-full elementor-hidden-mobile e-flex e-con e-child\" data-id=\"bcc43ff\" data-element_type=\"container\">\n\t\t\t\t<div class=\"elementor-element elementor-element-c720309 elementor-widget__width-inherit elementor-widget elementor-widget-image\" data-id=\"c720309\" data-element_type=\"widget\" data-widget_type=\"image.default\">\n\t\t\t\t<div class=\"elementor-widget-container\">\n\t\t\t\t\t\t\t\t\t\t\t\t\t\t\t<img fetchpriority=\"high\" decoding=\"async\" width=\"442\" height=\"578\" src=\"https:\/\/lejardinbotanique.roaaar.fr\/wp-content\/uploads\/2025\/06\/arc-1.png\" class=\"attachment-full size-full wp-image-1178\" alt=\"\" srcset=\"https:\/\/lejardinbotanique.roaaar.fr\/wp-content\/uploads\/2025\/06\/arc-1.png 442w, https:\/\/lejardinbotanique.roaaar.fr\/wp-content\/uploads\/2025\/06\/arc-1-229x300.png 229w, https:\/\/lejardinbotanique.roaaar.fr\/wp-content\/uploads\/2025\/06\/arc-1-9x12.png 9w\" sizes=\"(max-width: 442px) 100vw, 442px\" \/>\t\t\t\t\t\t\t\t\t\t\t\t\t\t\t<\/div>\n\t\t\t\t<\/div>\n\t\t\t\t<\/div>\n\t\t<div class=\"elementor-element elementor-element-58b0fff e-con-full e-flex e-con e-child\" data-id=\"58b0fff\" data-element_type=\"container\">\n\t\t\t\t<div class=\"elementor-element elementor-element-610ead7 elementor-widget elementor-widget-text-editor\" data-id=\"610ead7\" data-element_type=\"widget\" data-widget_type=\"text-editor.default\">\n\t\t\t\t<div class=\"elementor-widget-container\">\n\t\t\t\t\t\t\t\t\t<p class=\"p1\">Le jardin propose une tarification adapt\u00e9e pour individuels et groupes (\u00e0 partir de 10 personnes). <br \/>Pour des groupes de plus de 10 personnes une r\u00e9servation est obligatoire.<span class=\"s1\">\u00a0<\/span><\/p>\t\t\t\t\t\t\t\t<\/div>\n\t\t\t\t<\/div>\n\t\t\t\t<div class=\"elementor-element elementor-element-541c842 elementor-widget-divider--view-line elementor-widget elementor-widget-divider\" data-id=\"541c842\" data-element_type=\"widget\" data-widget_type=\"divider.default\">\n\t\t\t\t<div class=\"elementor-widget-container\">\n\t\t\t\t\t\t\t<div class=\"elementor-divider\">\n\t\t\t<span class=\"elementor-divider-separator\">\n\t\t\t\t\t\t<\/span>\n\t\t<\/div>\n\t\t\t\t\t\t<\/div>\n\t\t\t\t<\/div>\n\t\t\t\t<div class=\"elementor-element elementor-element-6543a64 elementor-widget elementor-widget-text-editor\" data-id=\"6543a64\" data-element_type=\"widget\" data-widget_type=\"text-editor.default\">\n\t\t\t\t<div class=\"elementor-widget-container\">\n\t\t\t\t\t\t\t\t\t<p class=\"p1\"><b>Tarif Visite Guid\u00e9e<\/b> : 10 \u20ac<\/p><p class=\"p1\"><b>Tarif Plein (adulte + de 12 ans) Visite libre<\/b> : 7 \u20ac<\/p><p class=\"p1\"><strong>Tarif r\u00e9duit Visite Libre<\/strong> : 5 \u20ac<\/p><ul><li class=\"p1\">Enfant \u00e0 partir de 5 ans \u00e0 12 ans<\/li><li class=\"p1\">Etudiant<\/li><li class=\"p1\">S\u00e9nior <em>(adulte \u00e0 partir de 65 ans)<\/em><\/li><li class=\"p1\">Demandeur d\u2019emploi<\/li><li class=\"p1\">Groupe (<em>\u00e0 partir de 10 personnes<\/em>)<\/li><\/ul>\t\t\t\t\t\t\t\t<\/div>\n\t\t\t\t<\/div>\n\t\t\t\t<div class=\"elementor-element elementor-element-2d28c88 elementor-widget elementor-widget-text-editor\" data-id=\"2d28c88\" data-element_type=\"widget\" data-widget_type=\"text-editor.default\">\n\t\t\t\t<div class=\"elementor-widget-container\">\n\t\t\t\t\t\t\t\t\t<p class=\"p1\"><b>Carte d\u2019abonnement (de date \u00e0 date)<\/b><\/p><ul><li class=\"p1\">Adulte de + 12 ans\u00a0: 25\u20ac<\/li><li class=\"p1\">Enfant de \u2013 12 ans ans\u00a0: 13\u20ac<\/li><li class=\"p1\">Enfant de \u2013 5 ans\u00a0: Gratuit<\/li><\/ul><p class=\"p1\"><b><br \/>Carte d\u2019abonnement Famille (de date \u00e0 date)<\/b><\/p><ul><li class=\"p1\">Pour une famille parents et enfants (quelque soit le nombre d\u2019enfants) : 35\u20ac<\/li><\/ul>\t\t\t\t\t\t\t\t<\/div>\n\t\t\t\t<\/div>\n\t\t\t\t<\/div>\n\t\t\t\t\t<\/div>\n\t\t\t\t<\/div>\n\t\t<div class=\"elementor-element elementor-element-1162041 e-flex e-con-boxed e-con e-parent\" data-id=\"1162041\" data-element_type=\"container\">\n\t\t\t\t\t<div class=\"e-con-inner\">\n\t\t\t\t<div class=\"elementor-element elementor-element-7153731 elementor-widget elementor-widget-text-editor\" data-id=\"7153731\" data-element_type=\"widget\" data-widget_type=\"text-editor.default\">\n\t\t\t\t<div class=\"elementor-widget-container\">\n\t\t\t\t\t\t\t\t\t<p class=\"p1\">Les tarifs appliqu\u00e9s ont \u00e9t\u00e9 vot\u00e9s en assembl\u00e9e pl\u00e9ni\u00e8re du Conseil D\u00e9partemental de La R\u00e9union.<\/p>\t\t\t\t\t\t\t\t<\/div>\n\t\t\t\t<\/div>\n\t\t\t\t<div class=\"elementor-element elementor-element-428d46b elementor-widget elementor-widget-text-editor\" data-id=\"428d46b\" data-element_type=\"widget\" data-widget_type=\"text-editor.default\">\n\t\t\t\t<div class=\"elementor-widget-container\">\n\t\t\t\t\t\t\t\t\t<p class=\"p1\">Le paiement est possible par esp\u00e8ces, carte bleue, ch\u00e8que, ou encore par ch\u00e8que vacances.<\/p>\t\t\t\t\t\t\t\t<\/div>\n\t\t\t\t<\/div>\n\t\t\t\t<div class=\"elementor-element elementor-element-125e796 elementor-widget elementor-widget-text-editor\" data-id=\"125e796\" data-element_type=\"widget\" data-widget_type=\"text-editor.default\">\n\t\t\t\t<div class=\"elementor-widget-container\">\n\t\t\t\t\t\t\t\t\t<p class=\"p1\"><span style=\"text-decoration: underline;\"><a href=\"#\" target=\"_blank\" rel=\"noopener\">Consulter ici nos tarifs valid\u00e9s par le conseil d\u00e9partemental<\/a><\/span><\/p>\t\t\t\t\t\t\t\t<\/div>\n\t\t\t\t<\/div>\n\t\t\t\t\t<\/div>\n\t\t\t\t<\/div>\n\t\t<div class=\"elementor-element elementor-element-1cc4ec5 e-flex e-con-boxed e-con e-parent\" data-id=\"1cc4ec5\" data-element_type=\"container\">\n\t\t\t\t\t<div class=\"e-con-inner\">\n\t\t<div class=\"elementor-element elementor-element-3afe499 e-con-full e-flex e-con e-child\" data-id=\"3afe499\" data-element_type=\"container\">\n\t\t\t\t<div class=\"elementor-element elementor-element-5f8296f elementor-widget__width-inherit elementor-widget elementor-widget-image\" data-id=\"5f8296f\" data-element_type=\"widget\" data-widget_type=\"image.default\">\n\t\t\t\t<div class=\"elementor-widget-container\">\n\t\t\t\t\t\t\t\t\t\t\t\t\t\t\t<img decoding=\"async\" width=\"467\" height=\"350\" src=\"https:\/\/lejardinbotanique.roaaar.fr\/wp-content\/uploads\/2025\/09\/psc14.jpg\" class=\"attachment-full size-full wp-image-1801\" alt=\"\" srcset=\"https:\/\/lejardinbotanique.roaaar.fr\/wp-content\/uploads\/2025\/09\/psc14.jpg 467w, https:\/\/lejardinbotanique.roaaar.fr\/wp-content\/uploads\/2025\/09\/psc14-300x225.jpg 300w, https:\/\/lejardinbotanique.roaaar.fr\/wp-content\/uploads\/2025\/09\/psc14-16x12.jpg 16w\" sizes=\"(max-width: 467px) 100vw, 467px\" \/>\t\t\t\t\t\t\t\t\t\t\t\t\t\t\t<\/div>\n\t\t\t\t<\/div>\n\t\t\t\t<\/div>\n\t\t<div class=\"elementor-element elementor-element-505e046 e-con-full e-flex e-con e-child\" data-id=\"505e046\" data-element_type=\"container\">\n\t\t\t\t<div class=\"elementor-element elementor-element-530044b elementor-widget elementor-widget-text-editor\" data-id=\"530044b\" data-element_type=\"widget\" data-widget_type=\"text-editor.default\">\n\t\t\t\t<div class=\"elementor-widget-container\">\n\t\t\t\t\t\t\t\t\t<p class=\"p1\">Le visiteur a la possibilit\u00e9 de suivre une ou plusieurs des deux visites guid\u00e9es propos\u00e9es \u00e0 11h, 14h30 sur l\u2019une ou l\u2019autre des collections selon la saison, mais au moins une visite quotidienne est programm\u00e9e sur la collection \u00ab\u00a0R\u00e9union\u00a0\u00bb, la plus demand\u00e9e par le public.<\/p><p class=\"p1\">Ces visites sont assur\u00e9es par une \u00e9quipe de 3 m\u00e9diateurs scientifiques et culturels.<\/p>\t\t\t\t\t\t\t\t<\/div>\n\t\t\t\t<\/div>\n\t\t\t\t<\/div>\n\t\t\t\t\t<\/div>\n\t\t\t\t<\/div>\n\t\t\t\t<\/div>","protected":false},"excerpt":{"rendered":"<p>Le jardin est ouvert du mardi au dimanche de 9h \u00e0 17h.Il est ferm\u00e9 le 1er mai, pour la F\u00eate du Sacr\u00e9-C\u0153ur de Colima\u00e7on et 20 D\u00e9cembre et ponctuellement entre No\u00ebl et Nouvel An. Le jardin propose une tarification adapt\u00e9e pour individuels et groupes (\u00e0 partir de 10 personnes). Pour des groupes de plus de [&hellip;]<\/p>","protected":false},"author":1,"featured_media":0,"parent":0,"menu_order":0,"comment_status":"closed","ping_status":"closed","template":"","meta":{"pgc_sgb_lightbox_settings":"","footnotes":""},"categories":[],"class_list":["post-372","page","type-page","status-publish","hentry"],"_links":{"self":[{"href":"https:\/\/lejardinbotanique.roaaar.fr\/en\/wp-json\/wp\/v2\/pages\/372","targetHints":{"allow":["GET"]}}],"collection":[{"href":"https:\/\/lejardinbotanique.roaaar.fr\/en\/wp-json\/wp\/v2\/pages"}],"about":[{"href":"https:\/\/lejardinbotanique.roaaar.fr\/en\/wp-json\/wp\/v2\/types\/page"}],"author":[{"embeddable":true,"href":"https:\/\/lejardinbotanique.roaaar.fr\/en\/wp-json\/wp\/v2\/users\/1"}],"replies":[{"embeddable":true,"href":"https:\/\/lejardinbotanique.roaaar.fr\/en\/wp-json\/wp\/v2\/comments?post=372"}],"version-history":[{"count":0,"href":"https:\/\/lejardinbotanique.roaaar.fr\/en\/wp-json\/wp\/v2\/pages\/372\/revisions"}],"wp:attachment":[{"href":"https:\/\/lejardinbotanique.roaaar.fr\/en\/wp-json\/wp\/v2\/media?parent=372"}],"wp:term":[{"taxonomy":"category","embeddable":true,"href":"https:\/\/lejardinbotanique.roaaar.fr\/en\/wp-json\/wp\/v2\/categories?post=372"}],"curies":[{"name":"wp","href":"https:\/\/api.w.org\/{rel}","templated":true}]}}