{"id":374,"date":"2025-03-14T09:35:47","date_gmt":"2025-03-14T08:35:47","guid":{"rendered":"http:\/\/lejardinbotanique.test\/?page_id=374"},"modified":"2025-09-03T18:44:32","modified_gmt":"2025-09-03T16:44:32","slug":"accueil-services","status":"publish","type":"page","link":"https:\/\/lejardinbotanique.roaaar.fr\/en\/accueil-services\/","title":{"rendered":"Accueil &amp; Services"},"content":{"rendered":"<div data-elementor-type=\"wp-page\" data-elementor-id=\"374\" class=\"elementor elementor-374\" data-elementor-post-type=\"page\">\n\t\t\t\t<div class=\"elementor-element elementor-element-5100098d e-flex e-con-boxed e-con e-parent\" data-id=\"5100098d\" data-element_type=\"container\" data-settings=\"{&quot;background_background&quot;:&quot;classic&quot;}\">\n\t\t\t\t\t<div class=\"e-con-inner\">\n\t\t\t\t<div class=\"elementor-element elementor-element-15aefb21 elementor-widget elementor-widget-heading\" data-id=\"15aefb21\" data-element_type=\"widget\" data-widget_type=\"heading.default\">\n\t\t\t\t<div class=\"elementor-widget-container\">\n\t\t\t\t\t<h2 class=\"elementor-heading-title elementor-size-default\">Accueil &amp; Services<\/h2>\t\t\t\t<\/div>\n\t\t\t\t<\/div>\n\t\t\t\t\t<\/div>\n\t\t\t\t<\/div>\n\t\t<div class=\"elementor-element elementor-element-339cb174 e-flex e-con-boxed e-con e-parent\" data-id=\"339cb174\" data-element_type=\"container\">\n\t\t\t\t\t<div class=\"e-con-inner\">\n\t\t\t\t<div class=\"elementor-element elementor-element-7c821016 elementor-widget elementor-widget-text-editor\" data-id=\"7c821016\" data-element_type=\"widget\" data-widget_type=\"text-editor.default\">\n\t\t\t\t<div class=\"elementor-widget-container\">\n\t\t\t\t\t\t\t\t\t<p class=\"p1\">Afin de r\u00e9pondre aux enjeux territoriaux de pr\u00e9servation de la biodiversit\u00e9 r\u00e9unionnaise, \u00e0 l\u2019urgence de comprendre la place des plantes dans nos soci\u00e9t\u00e9s, aux besoins de partager les connaissances sur notre patrimoine commun naturel et culturel et d\u2019ouvrir cette connaissance \u00e0 tous, tout en contribuant au d\u00e9veloppement \u00e9conomique et social de notre \u00eele, Mascarin Jardin Botanique de La R\u00e9union se propose d\u2019investir une r\u00e9elle strat\u00e9gie de d\u00e9veloppellement au service du territoire.<\/p>\t\t\t\t\t\t\t\t<\/div>\n\t\t\t\t<\/div>\n\t\t\t\t\t<\/div>\n\t\t\t\t<\/div>\n\t\t<div class=\"elementor-element elementor-element-4acc683 e-flex e-con-boxed e-con e-parent\" data-id=\"4acc683\" data-element_type=\"container\">\n\t\t\t\t\t<div class=\"e-con-inner\">\n\t\t<div class=\"elementor-element elementor-element-9b28249 e-con-full e-flex e-con e-child\" data-id=\"9b28249\" data-element_type=\"container\">\n\t\t\t\t<div class=\"elementor-element elementor-element-8d9b5d8 elementor-widget__width-inherit elementor-widget elementor-widget-image\" data-id=\"8d9b5d8\" data-element_type=\"widget\" data-widget_type=\"image.default\">\n\t\t\t\t<div class=\"elementor-widget-container\">\n\t\t\t\t\t\t\t\t\t\t\t\t\t\t\t<img fetchpriority=\"high\" decoding=\"async\" width=\"466\" height=\"347\" src=\"https:\/\/lejardinbotanique.roaaar.fr\/wp-content\/uploads\/2025\/09\/psc12.jpg\" class=\"attachment-full size-full wp-image-1782\" alt=\"\" srcset=\"https:\/\/lejardinbotanique.roaaar.fr\/wp-content\/uploads\/2025\/09\/psc12.jpg 466w, https:\/\/lejardinbotanique.roaaar.fr\/wp-content\/uploads\/2025\/09\/psc12-300x223.jpg 300w, https:\/\/lejardinbotanique.roaaar.fr\/wp-content\/uploads\/2025\/09\/psc12-16x12.jpg 16w\" sizes=\"(max-width: 466px) 100vw, 466px\" \/>\t\t\t\t\t\t\t\t\t\t\t\t\t\t\t<\/div>\n\t\t\t\t<\/div>\n\t\t\t\t<\/div>\n\t\t<div class=\"elementor-element elementor-element-8d36c93 e-con-full e-flex e-con e-child\" data-id=\"8d36c93\" data-element_type=\"container\">\n\t\t\t\t<div class=\"elementor-element elementor-element-d99ea9b elementor-widget elementor-widget-text-editor\" data-id=\"d99ea9b\" data-element_type=\"widget\" data-widget_type=\"text-editor.default\">\n\t\t\t\t<div class=\"elementor-widget-container\">\n\t\t\t\t\t\t\t\t\t<p class=\"p1\"><b>Au-del\u00e0 de la valorisation des collections, un jardin botanique contemporain s\u2019inscrit comme une r\u00e9ponse aux d\u00e9fis du D\u00e9veloppement Durable. <\/b><b> <\/b><\/p>\t\t\t\t\t\t\t\t<\/div>\n\t\t\t\t<\/div>\n\t\t\t\t<div class=\"elementor-element elementor-element-495be03 elementor-widget-divider--view-line elementor-widget elementor-widget-divider\" data-id=\"495be03\" data-element_type=\"widget\" data-widget_type=\"divider.default\">\n\t\t\t\t<div class=\"elementor-widget-container\">\n\t\t\t\t\t\t\t<div class=\"elementor-divider\">\n\t\t\t<span class=\"elementor-divider-separator\">\n\t\t\t\t\t\t<\/span>\n\t\t<\/div>\n\t\t\t\t\t\t<\/div>\n\t\t\t\t<\/div>\n\t\t\t\t<div class=\"elementor-element elementor-element-954e940 elementor-widget elementor-widget-text-editor\" data-id=\"954e940\" data-element_type=\"widget\" data-widget_type=\"text-editor.default\">\n\t\t\t\t<div class=\"elementor-widget-container\">\n\t\t\t\t\t\t\t\t\t<p class=\"p1\">Il doit permettre <b>une prise de conscience de l\u2019importance de la biodiversit\u00e9<\/b> \u00e0 l\u2019heure o\u00f9 son \u00e9rosion semble in\u00e9luctable.<\/p><p class=\"p1\">C\u2019est <b>un outil de conservation<\/b>, en lien avec le tissu de partenaires scientifiques et de<span class=\"Apple-converted-space\">\u00a0 <\/span>gestionnaires de milieux naturels.<\/p><p class=\"p1\">C\u2019est <b>un lieu pour apprendre \u00e0 repenser notre lien avec l\u2019environnement et s\u2019exercer \u00e0 l\u2019\u00e9cocitoyennet\u00e9<\/b>, en acqu\u00e9rant des connaissances et des savoirs-faires.<b> <\/b><\/p>\t\t\t\t\t\t\t\t<\/div>\n\t\t\t\t<\/div>\n\t\t\t\t<\/div>\n\t\t\t\t\t<\/div>\n\t\t\t\t<\/div>\n\t\t<div class=\"elementor-element elementor-element-d06d19a e-flex e-con-boxed e-con e-parent\" data-id=\"d06d19a\" data-element_type=\"container\">\n\t\t\t\t\t<div class=\"e-con-inner\">\n\t\t<div class=\"elementor-element elementor-element-b68e14a e-con-full elementor-hidden-mobile e-flex e-con e-child\" data-id=\"b68e14a\" data-element_type=\"container\">\n\t\t\t\t<div class=\"elementor-element elementor-element-13794d3 elementor-widget__width-inherit elementor-widget elementor-widget-image\" data-id=\"13794d3\" data-element_type=\"widget\" data-widget_type=\"image.default\">\n\t\t\t\t<div class=\"elementor-widget-container\">\n\t\t\t\t\t\t\t\t\t\t\t\t\t\t\t<img decoding=\"async\" width=\"468\" height=\"350\" src=\"https:\/\/lejardinbotanique.roaaar.fr\/wp-content\/uploads\/2025\/09\/psc11.jpg\" class=\"attachment-full size-full wp-image-1783\" alt=\"\" srcset=\"https:\/\/lejardinbotanique.roaaar.fr\/wp-content\/uploads\/2025\/09\/psc11.jpg 468w, https:\/\/lejardinbotanique.roaaar.fr\/wp-content\/uploads\/2025\/09\/psc11-300x224.jpg 300w, https:\/\/lejardinbotanique.roaaar.fr\/wp-content\/uploads\/2025\/09\/psc11-16x12.jpg 16w\" sizes=\"(max-width: 468px) 100vw, 468px\" \/>\t\t\t\t\t\t\t\t\t\t\t\t\t\t\t<\/div>\n\t\t\t\t<\/div>\n\t\t\t\t<\/div>\n\t\t<div class=\"elementor-element elementor-element-14b67d6 e-con-full e-flex e-con e-child\" data-id=\"14b67d6\" data-element_type=\"container\">\n\t\t\t\t<div class=\"elementor-element elementor-element-68e1897 elementor-widget elementor-widget-text-editor\" data-id=\"68e1897\" data-element_type=\"widget\" data-widget_type=\"text-editor.default\">\n\t\t\t\t<div class=\"elementor-widget-container\">\n\t\t\t\t\t\t\t\t\t<p class=\"p1\">Situ\u00e9 \u00e0 500 m\u00e8tres d\u2019altitude sur la c\u00f4te Ouest de notre \u00eele sur la commune de Saint-Leu richement dot\u00e9e de structures culturelles diversifi\u00e9es (le Mus\u00e9e industriel de Stella Matutina, le Mus\u00e9e du Sel, l\u2019observatoire des tortues marines K\u00e9lonia, la sc\u00e8ne du S\u00e9choir, \u2026) le site jouxte l\u2019\u00e9glise de Colima\u00e7ons, inscrite aux Monuments historiques.&nbsp;<\/p>\n<p class=\"p2\">Cet ancien domaine historique et agricole de la famille de Ch\u00e2teauvieux appartient \u00e0 la Collectivit\u00e9 d\u00e9partementale depuis 1987 qui l\u2019a restaur\u00e9 et confi\u00e9 \u00e0 l\u2019association Conservatoire Botanique de Mascarin (CBM) jusqu\u2019en juin 2014.<\/p>\n<p>Au vu des enjeux de pr\u00e9servation et valorisation de la biodiversit\u00e9 v\u00e9g\u00e9tale, notamment indig\u00e8ne, le CBM a donc initialement cr\u00e9\u00e9 et g\u00e9r\u00e9 les collections botaniques, tout en assurant des missions de connaissances, de conservation, d\u2019\u00e9ducation et de valorisation touristique. Il a \u00e9t\u00e9 agr\u00e9\u00e9 en tant que Conservatoire Botanique National d\u00e8s 1993 puis en tant que Centre Permanent d\u2019Initiatives pour l\u2019Environnement en 2003.<\/p><p>En 2014, le D\u00e9partement de La R\u00e9union a souhait\u00e9 reprendre la gestion du site et l\u2019accueil des publics. Ainsi est n\u00e9 Mascarin, jardin botanique de La R\u00e9union (Mascarin, JBR), devenant un service du D\u00e9partement de La R\u00e9union, rattach\u00e9 \u00e0 la Direction de l\u2019Agriculture de l\u2019Eau et de l\u2019Environnement.<span class=\"Apple-converted-space\">&nbsp;&nbsp;<\/span>Aujourd\u2019hui ses \u00e9quipes sont pluridisciplinaires, offrant notamment des comp\u00e9tences dans les domaines de la gestion et l\u2019entretien des espaces cultiv\u00e9s, des collections et de b\u00e2timents, une expertise en accueil des publics, \u00e9ducation, formation et gestion de projets.<\/p>\t\t\t\t\t\t\t\t<\/div>\n\t\t\t\t<\/div>\n\t\t\t\t<\/div>\n\t\t\t\t\t<\/div>\n\t\t\t\t<\/div>\n\t\t<div class=\"elementor-element elementor-element-c6cb187 e-flex e-con-boxed e-con e-parent\" data-id=\"c6cb187\" data-element_type=\"container\">\n\t\t\t\t\t<div class=\"e-con-inner\">\n\t\t<div class=\"elementor-element elementor-element-b4fc50f e-con-full e-flex e-con e-child\" data-id=\"b4fc50f\" data-element_type=\"container\">\n\t\t\t\t<div class=\"elementor-element elementor-element-2b32bf3 elementor-widget__width-inherit elementor-widget elementor-widget-image\" data-id=\"2b32bf3\" data-element_type=\"widget\" data-widget_type=\"image.default\">\n\t\t\t\t<div class=\"elementor-widget-container\">\n\t\t\t\t\t\t\t\t\t\t\t\t\t\t\t<img decoding=\"async\" width=\"2048\" height=\"1151\" src=\"https:\/\/lejardinbotanique.roaaar.fr\/wp-content\/uploads\/2025\/07\/Mascarin-jardin-botanique-de-la-reunion-saint-leu-vue-aerienne.webp\" class=\"attachment-full size-full wp-image-1560\" alt=\"\" srcset=\"https:\/\/lejardinbotanique.roaaar.fr\/wp-content\/uploads\/2025\/07\/Mascarin-jardin-botanique-de-la-reunion-saint-leu-vue-aerienne.webp 2048w, https:\/\/lejardinbotanique.roaaar.fr\/wp-content\/uploads\/2025\/07\/Mascarin-jardin-botanique-de-la-reunion-saint-leu-vue-aerienne-300x169.webp 300w, https:\/\/lejardinbotanique.roaaar.fr\/wp-content\/uploads\/2025\/07\/Mascarin-jardin-botanique-de-la-reunion-saint-leu-vue-aerienne-1024x576.webp 1024w, https:\/\/lejardinbotanique.roaaar.fr\/wp-content\/uploads\/2025\/07\/Mascarin-jardin-botanique-de-la-reunion-saint-leu-vue-aerienne-768x432.webp 768w, https:\/\/lejardinbotanique.roaaar.fr\/wp-content\/uploads\/2025\/07\/Mascarin-jardin-botanique-de-la-reunion-saint-leu-vue-aerienne-1536x863.webp 1536w, https:\/\/lejardinbotanique.roaaar.fr\/wp-content\/uploads\/2025\/07\/Mascarin-jardin-botanique-de-la-reunion-saint-leu-vue-aerienne-18x10.webp 18w\" sizes=\"(max-width: 2048px) 100vw, 2048px\" \/>\t\t\t\t\t\t\t\t\t\t\t\t\t\t\t<\/div>\n\t\t\t\t<\/div>\n\t\t\t\t<\/div>\n\t\t<div class=\"elementor-element elementor-element-7e7151c e-con-full e-flex e-con e-child\" data-id=\"7e7151c\" data-element_type=\"container\">\n\t\t\t\t<div class=\"elementor-element elementor-element-249baae elementor-widget elementor-widget-heading\" data-id=\"249baae\" data-element_type=\"widget\" data-widget_type=\"heading.default\">\n\t\t\t\t<div class=\"elementor-widget-container\">\n\t\t\t\t\t<h2 class=\"elementor-heading-title elementor-size-default\">Description DU SITE<\/h2>\t\t\t\t<\/div>\n\t\t\t\t<\/div>\n\t\t\t\t<div class=\"elementor-element elementor-element-ee3d2b6 elementor-widget-divider--view-line elementor-widget elementor-widget-divider\" data-id=\"ee3d2b6\" data-element_type=\"widget\" data-widget_type=\"divider.default\">\n\t\t\t\t<div class=\"elementor-widget-container\">\n\t\t\t\t\t\t\t<div class=\"elementor-divider\">\n\t\t\t<span class=\"elementor-divider-separator\">\n\t\t\t\t\t\t<\/span>\n\t\t<\/div>\n\t\t\t\t\t\t<\/div>\n\t\t\t\t<\/div>\n\t\t\t\t<div class=\"elementor-element elementor-element-9eb4eaa elementor-widget elementor-widget-text-editor\" data-id=\"9eb4eaa\" data-element_type=\"widget\" data-widget_type=\"text-editor.default\">\n\t\t\t\t<div class=\"elementor-widget-container\">\n\t\t\t\t\t\t\t\t\t<p class=\"p1\">Sur un<span class=\"s1\"> terrain de pr\u00e8s de treize hectares, dont huit sont ouverts au public, Mascarin rassemble des collections \u00e0 des fins d\u2019exposition, d\u2019enseignement et de valorisation du patrimoine v\u00e9g\u00e9tal r\u00e9unionnais, dans le respect de la strat\u00e9gie r\u00e9unionnaise de pr\u00e9servation de la biodiversit\u00e9 (respect des plantes prot\u00e9g\u00e9es et des conventions internationales, lutte contre les esp\u00e8ces exotiques invasives, \u2026). 10 collections botaniques de v\u00e9g\u00e9taux vivants, dont la majorit\u00e9 \u00e9quip\u00e9e d\u2019une signal\u00e9tique didactique permettent une d\u00e9ambulation libre ou en visites guid\u00e9es.<\/span><\/p><p class=\"p2\">Divers b\u00e2timents (restaur\u00e9s ou modernes) sont d\u00e9di\u00e9s soit \u00e0 divers services d\u2019accueil des publics soit \u00e0 l\u2019administration de Mascarin. Par ailleurs, d\u2019autres institutions sont \u00e9galement h\u00e9berg\u00e9es sur le site\u00a0: le Conservatoire Botanique National et CPIE de Mascarin (CBNM) et le Vieux Pressoir (restaurant du site).<\/p>\t\t\t\t\t\t\t\t<\/div>\n\t\t\t\t<\/div>\n\t\t\t\t<\/div>\n\t\t\t\t\t<\/div>\n\t\t\t\t<\/div>\n\t\t\t\t<\/div>","protected":false},"excerpt":{"rendered":"<p>Afin de r\u00e9pondre aux enjeux territoriaux de pr\u00e9servation de la biodiversit\u00e9 r\u00e9unionnaise, \u00e0 l\u2019urgence de comprendre la place des plantes dans nos soci\u00e9t\u00e9s, aux besoins de partager les connaissances sur notre patrimoine commun naturel et culturel et d\u2019ouvrir cette connaissance \u00e0 tous, tout en contribuant au d\u00e9veloppement \u00e9conomique et social de notre \u00eele, Mascarin Jardin [&hellip;]<\/p>","protected":false},"author":1,"featured_media":0,"parent":0,"menu_order":0,"comment_status":"closed","ping_status":"closed","template":"","meta":{"pgc_sgb_lightbox_settings":"","footnotes":""},"categories":[],"class_list":["post-374","page","type-page","status-publish","hentry"],"_links":{"self":[{"href":"https:\/\/lejardinbotanique.roaaar.fr\/en\/wp-json\/wp\/v2\/pages\/374","targetHints":{"allow":["GET"]}}],"collection":[{"href":"https:\/\/lejardinbotanique.roaaar.fr\/en\/wp-json\/wp\/v2\/pages"}],"about":[{"href":"https:\/\/lejardinbotanique.roaaar.fr\/en\/wp-json\/wp\/v2\/types\/page"}],"author":[{"embeddable":true,"href":"https:\/\/lejardinbotanique.roaaar.fr\/en\/wp-json\/wp\/v2\/users\/1"}],"replies":[{"embeddable":true,"href":"https:\/\/lejardinbotanique.roaaar.fr\/en\/wp-json\/wp\/v2\/comments?post=374"}],"version-history":[{"count":0,"href":"https:\/\/lejardinbotanique.roaaar.fr\/en\/wp-json\/wp\/v2\/pages\/374\/revisions"}],"wp:attachment":[{"href":"https:\/\/lejardinbotanique.roaaar.fr\/en\/wp-json\/wp\/v2\/media?parent=374"}],"wp:term":[{"taxonomy":"category","embeddable":true,"href":"https:\/\/lejardinbotanique.roaaar.fr\/en\/wp-json\/wp\/v2\/categories?post=374"}],"curies":[{"name":"wp","href":"https:\/\/api.w.org\/{rel}","templated":true}]}}