{"id":377,"date":"2025-03-14T09:36:34","date_gmt":"2025-03-14T08:36:34","guid":{"rendered":"http:\/\/lejardinbotanique.test\/?page_id=377"},"modified":"2025-09-25T13:05:01","modified_gmt":"2025-09-25T11:05:01","slug":"le-restaurant-le-vieux-pressoir","status":"publish","type":"page","link":"https:\/\/lejardinbotanique.roaaar.fr\/en\/le-restaurant-le-vieux-pressoir\/","title":{"rendered":"Le restaurant : Le Vieux Pressoir"},"content":{"rendered":"<div data-elementor-type=\"wp-page\" data-elementor-id=\"377\" class=\"elementor elementor-377\" data-elementor-post-type=\"page\">\n\t\t\t\t<div class=\"elementor-element elementor-element-6b8f4248 e-flex e-con-boxed e-con e-parent\" data-id=\"6b8f4248\" data-element_type=\"container\" data-settings=\"{&quot;background_background&quot;:&quot;classic&quot;}\">\n\t\t\t\t\t<div class=\"e-con-inner\">\n\t\t\t\t<div class=\"elementor-element elementor-element-2414d0ac elementor-widget elementor-widget-heading\" data-id=\"2414d0ac\" data-element_type=\"widget\" data-widget_type=\"heading.default\">\n\t\t\t\t<div class=\"elementor-widget-container\">\n\t\t\t\t\t<h2 class=\"elementor-heading-title elementor-size-default\">Le restaurant : Le Vieux Pressoir<\/h2>\t\t\t\t<\/div>\n\t\t\t\t<\/div>\n\t\t\t\t\t<\/div>\n\t\t\t\t<\/div>\n\t\t<div class=\"elementor-element elementor-element-2f78bdd4 e-flex e-con-boxed e-con e-parent\" data-id=\"2f78bdd4\" data-element_type=\"container\">\n\t\t\t\t\t<div class=\"e-con-inner\">\n\t\t<div class=\"elementor-element elementor-element-c0be47e e-con-full e-flex e-con e-child\" data-id=\"c0be47e\" data-element_type=\"container\">\n\t\t\t\t<div class=\"elementor-element elementor-element-0a7ad3c elementor-widget__width-inherit elementor-widget elementor-widget-image\" data-id=\"0a7ad3c\" data-element_type=\"widget\" data-widget_type=\"image.default\">\n\t\t\t\t<div class=\"elementor-widget-container\">\n\t\t\t\t\t\t\t\t\t\t\t\t\t\t\t<img fetchpriority=\"high\" decoding=\"async\" width=\"800\" height=\"600\" src=\"https:\/\/lejardinbotanique.roaaar.fr\/wp-content\/uploads\/2025\/09\/1383575614b7.jpg\" class=\"attachment-full size-full wp-image-1690\" alt=\"\" srcset=\"https:\/\/lejardinbotanique.roaaar.fr\/wp-content\/uploads\/2025\/09\/1383575614b7.jpg 800w, https:\/\/lejardinbotanique.roaaar.fr\/wp-content\/uploads\/2025\/09\/1383575614b7-300x225.jpg 300w, https:\/\/lejardinbotanique.roaaar.fr\/wp-content\/uploads\/2025\/09\/1383575614b7-768x576.jpg 768w, https:\/\/lejardinbotanique.roaaar.fr\/wp-content\/uploads\/2025\/09\/1383575614b7-16x12.jpg 16w\" sizes=\"(max-width: 800px) 100vw, 800px\" \/>\t\t\t\t\t\t\t\t\t\t\t\t\t\t\t<\/div>\n\t\t\t\t<\/div>\n\t\t\t\t<\/div>\n\t\t<div class=\"elementor-element elementor-element-06f7b3c e-con-full e-flex e-con e-child\" data-id=\"06f7b3c\" data-element_type=\"container\">\n\t\t\t\t<div class=\"elementor-element elementor-element-b36f6eb elementor-widget elementor-widget-heading\" data-id=\"b36f6eb\" data-element_type=\"widget\" data-widget_type=\"heading.default\">\n\t\t\t\t<div class=\"elementor-widget-container\">\n\t\t\t\t\t<h2 class=\"elementor-heading-title elementor-size-default\">Un restaurant\u00a0cr\u00e9ole \n<br>\u00e0 Mascarin<\/h2>\t\t\t\t<\/div>\n\t\t\t\t<\/div>\n\t\t\t\t<div class=\"elementor-element elementor-element-431475e elementor-widget-divider--view-line elementor-widget elementor-widget-divider\" data-id=\"431475e\" data-element_type=\"widget\" data-widget_type=\"divider.default\">\n\t\t\t\t<div class=\"elementor-widget-container\">\n\t\t\t\t\t\t\t<div class=\"elementor-divider\">\n\t\t\t<span class=\"elementor-divider-separator\">\n\t\t\t\t\t\t<\/span>\n\t\t<\/div>\n\t\t\t\t\t\t<\/div>\n\t\t\t\t<\/div>\n\t\t\t\t<div class=\"elementor-element elementor-element-61ade92 elementor-widget elementor-widget-text-editor\" data-id=\"61ade92\" data-element_type=\"widget\" data-widget_type=\"text-editor.default\">\n\t\t\t\t<div class=\"elementor-widget-container\">\n\t\t\t\t\t\t\t\t\t<p class=\"p1\">Au restaurant Le Vieux Pressoir, il vous est propos\u00e9 une vari\u00e9t\u00e9 de\u00a0<a href=\"https:\/\/www.levieuxpressoir.re\/restaurant-traditionnel.php\" target=\"_blank\" rel=\"noopener\">plats traditionnels<\/a>\u00a0et de\u00a0<a href=\"https:\/\/www.levieuxpressoir.re\/cuisine-creole.php\" target=\"_blank\" rel=\"noopener\">sp\u00e9cialit\u00e9s cr\u00e9oles<\/a>. Le chef talentueux met en valeur les saveurs uniques de la cuisine cr\u00e9ole, garantissant ainsi une exp\u00e9rience gustative inoubliable.<\/p><p class=\"p1\">Que vous soyez amateur de fruits de mer, de viandes ou de plats v\u00e9g\u00e9tariens, notre\u00a0<a href=\"https:\/\/www.levieuxpressoir.re\/cartes-menus.php\" target=\"_blank\" rel=\"noopener\">menu<\/a>\u00a0saura combler toutes vos envies culinaires. La salle et la terrasse accommodent 60 personnes.<\/p><p class=\"p2\">Notez que l\u2019entr\u00e9e est payante via le Jardin Botanique. Toutefois, ceux qui r\u00e9servent au restaurant \u00e0 l\u2019avance b\u00e9n\u00e9ficieront d\u2019un tarif r\u00e9duit.<\/p><p class=\"p1\"><a href=\"https:\/\/www.levieuxpressoir.re\"><strong>www.levieuxpressoir.re<\/strong><\/a><\/p>\t\t\t\t\t\t\t\t<\/div>\n\t\t\t\t<\/div>\n\t\t\t\t<\/div>\n\t\t\t\t\t<\/div>\n\t\t\t\t<\/div>\n\t\t\t\t<\/div>","protected":false},"excerpt":{"rendered":"<p>Un restaurant\u00a0cr\u00e9ole \u00e0 Mascarin Au restaurant Le Vieux Pressoir, il vous est propos\u00e9 une vari\u00e9t\u00e9 de\u00a0plats traditionnels\u00a0et de\u00a0sp\u00e9cialit\u00e9s cr\u00e9oles. Le chef talentueux met en valeur les saveurs uniques de la cuisine cr\u00e9ole, garantissant ainsi une exp\u00e9rience gustative inoubliable. Que vous soyez amateur de fruits de mer, de viandes ou de plats v\u00e9g\u00e9tariens, notre\u00a0menu\u00a0saura combler toutes [&hellip;]<\/p>","protected":false},"author":1,"featured_media":0,"parent":0,"menu_order":0,"comment_status":"closed","ping_status":"closed","template":"","meta":{"pgc_sgb_lightbox_settings":"","footnotes":""},"categories":[],"class_list":["post-377","page","type-page","status-publish","hentry"],"_links":{"self":[{"href":"https:\/\/lejardinbotanique.roaaar.fr\/en\/wp-json\/wp\/v2\/pages\/377","targetHints":{"allow":["GET"]}}],"collection":[{"href":"https:\/\/lejardinbotanique.roaaar.fr\/en\/wp-json\/wp\/v2\/pages"}],"about":[{"href":"https:\/\/lejardinbotanique.roaaar.fr\/en\/wp-json\/wp\/v2\/types\/page"}],"author":[{"embeddable":true,"href":"https:\/\/lejardinbotanique.roaaar.fr\/en\/wp-json\/wp\/v2\/users\/1"}],"replies":[{"embeddable":true,"href":"https:\/\/lejardinbotanique.roaaar.fr\/en\/wp-json\/wp\/v2\/comments?post=377"}],"version-history":[{"count":0,"href":"https:\/\/lejardinbotanique.roaaar.fr\/en\/wp-json\/wp\/v2\/pages\/377\/revisions"}],"wp:attachment":[{"href":"https:\/\/lejardinbotanique.roaaar.fr\/en\/wp-json\/wp\/v2\/media?parent=377"}],"wp:term":[{"taxonomy":"category","embeddable":true,"href":"https:\/\/lejardinbotanique.roaaar.fr\/en\/wp-json\/wp\/v2\/categories?post=377"}],"curies":[{"name":"wp","href":"https:\/\/api.w.org\/{rel}","templated":true}]}}