{"id":381,"date":"2025-03-14T09:37:16","date_gmt":"2025-03-14T08:37:16","guid":{"rendered":"http:\/\/lejardinbotanique.test\/?page_id=381"},"modified":"2025-10-02T09:49:06","modified_gmt":"2025-10-02T07:49:06","slug":"presentation","status":"publish","type":"page","link":"https:\/\/lejardinbotanique.roaaar.fr\/en\/presentation\/","title":{"rendered":"Pr\u00e9sentation"},"content":{"rendered":"<div data-elementor-type=\"wp-page\" data-elementor-id=\"381\" class=\"elementor elementor-381\" data-elementor-post-type=\"page\">\n\t\t\t\t<div class=\"elementor-element elementor-element-7667c6cb e-flex e-con-boxed e-con e-parent\" data-id=\"7667c6cb\" data-element_type=\"container\" data-settings=\"{&quot;background_background&quot;:&quot;classic&quot;}\">\n\t\t\t\t\t<div class=\"e-con-inner\">\n\t\t\t\t<div class=\"elementor-element elementor-element-53c44d6c elementor-widget elementor-widget-heading\" data-id=\"53c44d6c\" data-element_type=\"widget\" data-widget_type=\"heading.default\">\n\t\t\t\t<div class=\"elementor-widget-container\">\n\t\t\t\t\t<h2 class=\"elementor-heading-title elementor-size-default\">Pr\u00e9sentation<\/h2>\t\t\t\t<\/div>\n\t\t\t\t<\/div>\n\t\t\t\t\t<\/div>\n\t\t\t\t<\/div>\n\t\t<div class=\"elementor-element elementor-element-74b4e5a7 e-flex e-con-boxed e-con e-parent\" data-id=\"74b4e5a7\" data-element_type=\"container\">\n\t\t\t\t\t<div class=\"e-con-inner\">\n\t\t<div class=\"elementor-element elementor-element-4a355bec e-con-full e-flex e-con e-child\" data-id=\"4a355bec\" data-element_type=\"container\">\n\t\t\t\t<div class=\"elementor-element elementor-element-55512843 elementor-widget__width-inherit elementor-widget elementor-widget-image\" data-id=\"55512843\" data-element_type=\"widget\" data-widget_type=\"image.default\">\n\t\t\t\t<div class=\"elementor-widget-container\">\n\t\t\t\t\t\t\t\t\t\t\t\t\t\t\t<img fetchpriority=\"high\" decoding=\"async\" width=\"2048\" height=\"1151\" src=\"https:\/\/lejardinbotanique.roaaar.fr\/wp-content\/uploads\/2025\/07\/Mascarin-jardin-botanique-de-la-reunion-saint-leu-vue-aerienne.webp\" class=\"attachment-full size-full wp-image-1560\" alt=\"\" srcset=\"https:\/\/lejardinbotanique.roaaar.fr\/wp-content\/uploads\/2025\/07\/Mascarin-jardin-botanique-de-la-reunion-saint-leu-vue-aerienne.webp 2048w, https:\/\/lejardinbotanique.roaaar.fr\/wp-content\/uploads\/2025\/07\/Mascarin-jardin-botanique-de-la-reunion-saint-leu-vue-aerienne-300x169.webp 300w, https:\/\/lejardinbotanique.roaaar.fr\/wp-content\/uploads\/2025\/07\/Mascarin-jardin-botanique-de-la-reunion-saint-leu-vue-aerienne-1024x576.webp 1024w, https:\/\/lejardinbotanique.roaaar.fr\/wp-content\/uploads\/2025\/07\/Mascarin-jardin-botanique-de-la-reunion-saint-leu-vue-aerienne-768x432.webp 768w, https:\/\/lejardinbotanique.roaaar.fr\/wp-content\/uploads\/2025\/07\/Mascarin-jardin-botanique-de-la-reunion-saint-leu-vue-aerienne-1536x863.webp 1536w, https:\/\/lejardinbotanique.roaaar.fr\/wp-content\/uploads\/2025\/07\/Mascarin-jardin-botanique-de-la-reunion-saint-leu-vue-aerienne-18x10.webp 18w\" sizes=\"(max-width: 2048px) 100vw, 2048px\" \/>\t\t\t\t\t\t\t\t\t\t\t\t\t\t\t<\/div>\n\t\t\t\t<\/div>\n\t\t\t\t<\/div>\n\t\t<div class=\"elementor-element elementor-element-4a306e02 e-con-full e-flex e-con e-child\" data-id=\"4a306e02\" data-element_type=\"container\">\n\t\t\t\t<div class=\"elementor-element elementor-element-1f6ae69c elementor-widget elementor-widget-heading\" data-id=\"1f6ae69c\" data-element_type=\"widget\" data-widget_type=\"heading.default\">\n\t\t\t\t<div class=\"elementor-widget-container\">\n\t\t\t\t\t<h2 class=\"elementor-heading-title elementor-size-default\">Mascarin \u2013 Le Jardin Botanique de La R\u00e9union<\/h2>\t\t\t\t<\/div>\n\t\t\t\t<\/div>\n\t\t\t\t<div class=\"elementor-element elementor-element-503e7f6e elementor-widget-divider--view-line elementor-widget elementor-widget-divider\" data-id=\"503e7f6e\" data-element_type=\"widget\" data-widget_type=\"divider.default\">\n\t\t\t\t<div class=\"elementor-widget-container\">\n\t\t\t\t\t\t\t<div class=\"elementor-divider\">\n\t\t\t<span class=\"elementor-divider-separator\">\n\t\t\t\t\t\t<\/span>\n\t\t<\/div>\n\t\t\t\t\t\t<\/div>\n\t\t\t\t<\/div>\n\t\t\t\t<div class=\"elementor-element elementor-element-3379f150 elementor-widget elementor-widget-text-editor\" data-id=\"3379f150\" data-element_type=\"widget\" data-widget_type=\"text-editor.default\">\n\t\t\t\t<div class=\"elementor-widget-container\">\n\t\t\t\t\t\t\t\t\t<p class=\"p1\">N\u00e9 en 2014 de la reprise partielle des activit\u00e9s du Conservatoire Botanique de Mascarin (CBN-CPIE Mascarin) par le D\u00e9partement de La R\u00e9union, Mascarin \u2013 Jardin Botanique de La R\u00e9union (Mascarin-JBR) s\u2019inscrit dans une continuit\u00e9 historique et scientifique forte. Install\u00e9 sur le site patrimonial des Colima\u00e7ons, ancien domaine agricole de la famille de Chateauvieux, ce lieu de m\u00e9moire et de nature est la propri\u00e9t\u00e9 de la Collectivit\u00e9 d\u00e9partementale depuis 1987.<\/p><p class=\"p1\">Avec pr\u00e8s de <b>13 hectares<\/b>, dont <b>8 ouverts au public<\/b>, Mascarin-JBR est aujourd\u2019hui <b>le seul Jardin Botanique de La R\u00e9union<\/b>. Il rassemble <b>huit collections botaniques vivantes<\/b>, valorise le patrimoine v\u00e9g\u00e9tal r\u00e9unionnais et met en lumi\u00e8re la richesse de la biodiversit\u00e9 insulaire dans une d\u00e9marche <b>scientifique, p\u00e9dagogique et durable<\/b>.<\/p><p class=\"p1\">Reconnu au-del\u00e0 de son \u00eele, Mascarin est :<\/p><ul><li><span class=\"s1\">\ud83c\udf3f<\/span> <b>Labelis\u00e9 Jardin Botanique de France et des Pays Francophones (JBFP)<\/b>, garant d\u2019un savoir-faire et d\u2019une expertise partag\u00e9e avec les grands jardins du monde francophone.<\/li><li><span class=\"s1\">\ud83c\udf38<\/span> <b>Labellis\u00e9 Jardin Remarquable<\/b>, pour la qualit\u00e9 exceptionnelle de ses paysages et de son patrimoine culturel et v\u00e9g\u00e9tal.<\/li><li><span class=\"s1\">\ud83d\udd4a\ufe0f<\/span> <b>Refuge LPO P\u00e9\u00ef<\/b>, symbole de son engagement pour la protection de la faune, notamment les oiseaux de La R\u00e9union.<\/li><\/ul><p class=\"p1\"><br \/>Son ambition est claire : <b>rayonner \u00e0 l\u2019\u00e9chelle de La R\u00e9union, de l\u2019oc\u00e9an Indien et au-del\u00e0<\/b>, en s\u2019appuyant sur des partenariats solides \u2013 notamment avec le Conservatoire Botanique National de Mascarin (CBNM) \u2013 et en pla\u00e7ant la connaissance, la sensibilisation et l\u2019exp\u00e9rience du visiteur au c\u0153ur de son action.<\/p>\t\t\t\t\t\t\t\t<\/div>\n\t\t\t\t<\/div>\n\t\t\t\t<div class=\"elementor-element elementor-element-291e23f elementor-widget elementor-widget-menu-anchor\" data-id=\"291e23f\" data-element_type=\"widget\" data-widget_type=\"menu-anchor.default\">\n\t\t\t\t<div class=\"elementor-widget-container\">\n\t\t\t\t\t\t\t<div class=\"elementor-menu-anchor\" id=\"connaissance\"><\/div>\n\t\t\t\t\t\t<\/div>\n\t\t\t\t<\/div>\n\t\t\t\t<\/div>\n\t\t\t\t\t<\/div>\n\t\t\t\t<\/div>\n\t\t<div class=\"elementor-element elementor-element-169f27e2 e-flex e-con-boxed e-con e-parent\" data-id=\"169f27e2\" data-element_type=\"container\">\n\t\t\t\t\t<div class=\"e-con-inner\">\n\t\t\t\t<div class=\"elementor-element elementor-element-6ad3050a elementor-widget elementor-widget-image\" data-id=\"6ad3050a\" data-element_type=\"widget\" data-widget_type=\"image.default\">\n\t\t\t\t<div class=\"elementor-widget-container\">\n\t\t\t\t\t\t\t\t\t\t\t\t\t\t\t<img decoding=\"async\" width=\"152\" height=\"25\" src=\"https:\/\/lejardinbotanique.roaaar.fr\/wp-content\/uploads\/2025\/06\/encadre.svg\" class=\"attachment-medium size-medium wp-image-1302\" alt=\"\" \/>\t\t\t\t\t\t\t\t\t\t\t\t\t\t\t<\/div>\n\t\t\t\t<\/div>\n\t\t\t\t<div class=\"elementor-element elementor-element-94bcf05 elementor-widget elementor-widget-heading\" data-id=\"94bcf05\" data-element_type=\"widget\" data-widget_type=\"heading.default\">\n\t\t\t\t<div class=\"elementor-widget-container\">\n\t\t\t\t\t<h2 class=\"elementor-heading-title elementor-size-default\">UN JARDIN DE CONNAISSANCE, D\u2019\u00c9DUCATION ET DE SENSIBILISATION<\/h2>\t\t\t\t<\/div>\n\t\t\t\t<\/div>\n\t\t\t\t<div class=\"elementor-element elementor-element-36d6126d elementor-widget elementor-widget-image\" data-id=\"36d6126d\" data-element_type=\"widget\" data-widget_type=\"image.default\">\n\t\t\t\t<div class=\"elementor-widget-container\">\n\t\t\t\t\t\t\t\t\t\t\t\t\t\t\t<img decoding=\"async\" width=\"152\" height=\"25\" src=\"https:\/\/lejardinbotanique.roaaar.fr\/wp-content\/uploads\/2025\/06\/encadre-bas.svg\" class=\"attachment-medium size-medium wp-image-1303\" alt=\"\" \/>\t\t\t\t\t\t\t\t\t\t\t\t\t\t\t<\/div>\n\t\t\t\t<\/div>\n\t\t\t\t<div class=\"elementor-element elementor-element-6bcdc3c8 elementor-widget elementor-widget-text-editor\" data-id=\"6bcdc3c8\" data-element_type=\"widget\" data-widget_type=\"text-editor.default\">\n\t\t\t\t<div class=\"elementor-widget-container\">\n\t\t\t\t\t\t\t\t\t<p class=\"p1\">Lieu d\u2019expertise et de transmission, Mascarin-JBR fait de la <b>botanique et de la biodiversit\u00e9<\/b> ses priorit\u00e9s :<\/p><ul class=\"ul1\"><li class=\"li1\"><span class=\"s1\">\ud83c\udf31<\/span> <b>Collections vivantes<\/b> : huit espaces th\u00e9matiques (orchid\u00e9es, plantes succulentes, palmiers, caf\u00e9iers, etc.), accompagn\u00e9s d\u2019une signal\u00e9tique p\u00e9dagogique.<\/li><li class=\"li1\"><span class=\"s1\">\ud83d\udcda<\/span> <b>Approche scientifique<\/b> : gestion des collections selon des standards internationaux, lutte contre les esp\u00e8ces exotiques envahissantes, respect des conventions de pr\u00e9servation de la biodiversit\u00e9.<\/li><li class=\"li1\"><span class=\"s1\">\ud83c\udf93<\/span> <b>\u00c9ducation et m\u00e9diation<\/b> : visites guid\u00e9es, ateliers p\u00e9dagogiques, expositions permanentes et temporaires.<\/li><li class=\"li1\"><span class=\"s1\">\ud83e\udd1d<\/span> <b>Partenariats<\/b> : collaboration \u00e9troite avec le CBNM et implication dans les r\u00e9seaux locaux, nationaux et internationaux de pr\u00e9servation.<\/li><li class=\"li1\"><span class=\"s1\">\u267b\ufe0f<\/span> <b>Pratiques durables<\/b> : entretien \u00e9cologique des collections, tri s\u00e9lectif, valorisation des d\u00e9chets, communication sur les m\u00e9thodes de gestion responsables.<\/li><li class=\"li1\"><span class=\"s1\">\ud83d\uddd3\ufe0f<\/span> <b>\u00c9v\u00e9nements phares<\/b> : Rendez-vous natureS, F\u00eate de la Nature, Rendez-vous aux Jardins, JAEDD (Journ\u00e9es acad\u00e9miques de l\u2019\u00e9ducation au d\u00e9veloppement durable)\u2026<\/li><\/ul><p class=\"p1\"><br \/>Enfin, la prochaine <b>ouverture du centre de ressources<\/b> viendra renforcer l\u2019ancrage scientifique et \u00e9ducatif du Jardin, en int\u00e9grant pleinement les dimensions <b>sociale, \u00e9conomique et environnementale<\/b> du d\u00e9veloppement durable.<\/p>\t\t\t\t\t\t\t\t<\/div>\n\t\t\t\t<\/div>\n\t\t\t\t<div class=\"elementor-element elementor-element-ec94727 elementor-widget elementor-widget-menu-anchor\" data-id=\"ec94727\" data-element_type=\"widget\" data-widget_type=\"menu-anchor.default\">\n\t\t\t\t<div class=\"elementor-widget-container\">\n\t\t\t\t\t\t\t<div class=\"elementor-menu-anchor\" id=\"flanerie\"><\/div>\n\t\t\t\t\t\t<\/div>\n\t\t\t\t<\/div>\n\t\t\t\t\t<\/div>\n\t\t\t\t<\/div>\n\t\t<div class=\"elementor-element elementor-element-b481dfa e-flex e-con-boxed e-con e-parent\" data-id=\"b481dfa\" data-element_type=\"container\">\n\t\t\t\t\t<div class=\"e-con-inner\">\n\t\t\t\t<div class=\"elementor-element elementor-element-5aee900 elementor-widget elementor-widget-image\" data-id=\"5aee900\" data-element_type=\"widget\" data-widget_type=\"image.default\">\n\t\t\t\t<div class=\"elementor-widget-container\">\n\t\t\t\t\t\t\t\t\t\t\t\t\t\t\t<img decoding=\"async\" width=\"152\" height=\"25\" src=\"https:\/\/lejardinbotanique.roaaar.fr\/wp-content\/uploads\/2025\/06\/encadre.svg\" class=\"attachment-medium size-medium wp-image-1302\" alt=\"\" \/>\t\t\t\t\t\t\t\t\t\t\t\t\t\t\t<\/div>\n\t\t\t\t<\/div>\n\t\t\t\t<div class=\"elementor-element elementor-element-1fa565e elementor-widget elementor-widget-heading\" data-id=\"1fa565e\" data-element_type=\"widget\" data-widget_type=\"heading.default\">\n\t\t\t\t<div class=\"elementor-widget-container\">\n\t\t\t\t\t<h2 class=\"elementor-heading-title elementor-size-default\">UNE INVITATION \u00c0 LA FL\u00c2NERIE<\/h2>\t\t\t\t<\/div>\n\t\t\t\t<\/div>\n\t\t\t\t<div class=\"elementor-element elementor-element-49318e1 elementor-widget elementor-widget-image\" data-id=\"49318e1\" data-element_type=\"widget\" data-widget_type=\"image.default\">\n\t\t\t\t<div class=\"elementor-widget-container\">\n\t\t\t\t\t\t\t\t\t\t\t\t\t\t\t<img decoding=\"async\" width=\"152\" height=\"25\" src=\"https:\/\/lejardinbotanique.roaaar.fr\/wp-content\/uploads\/2025\/06\/encadre-bas.svg\" class=\"attachment-medium size-medium wp-image-1303\" alt=\"\" \/>\t\t\t\t\t\t\t\t\t\t\t\t\t\t\t<\/div>\n\t\t\t\t<\/div>\n\t\t\t\t<div class=\"elementor-element elementor-element-91abdd8 elementor-widget elementor-widget-text-editor\" data-id=\"91abdd8\" data-element_type=\"widget\" data-widget_type=\"text-editor.default\">\n\t\t\t\t<div class=\"elementor-widget-container\">\n\t\t\t\t\t\t\t\t\t<p class=\"p1\">Au-del\u00e0 de sa vocation scientifique, Mascarin-JBR est un lieu de <b>d\u00e9couverte sensorielle et de contemplation<\/b>. Ses all\u00e9es, entre patrimoine b\u00e2ti cr\u00e9ole et paysages v\u00e9g\u00e9taux, invitent \u00e0 la d\u00e9tente et \u00e0 la curiosit\u00e9 :<\/p><ul class=\"ul1\"><li class=\"li1\"><span class=\"s1\">\ud83c\udf38<\/span> <b>Une immersion botanique<\/b> : entre fleurs tropicales, arbres majestueux, plantes end\u00e9miques et essences rares.<\/li><li class=\"li1\"><span class=\"s1\">\ud83c\udfdb\ufe0f<\/span> <b>Un site patrimonial<\/b> : l\u2019ancien domaine de Chateauvieux et ses b\u00e2timents restaur\u00e9s racontent une histoire o\u00f9 la nature et la culture se m\u00ealent.<\/li><li class=\"li1\"><span class=\"s1\">\ud83c\udf43<\/span> <b>Une pause nature<\/b> : d\u00e9ambulation libre ou accompagn\u00e9e, espaces ombrag\u00e9s pour se ressourcer.<\/li><li class=\"li1\"><span class=\"s1\">\ud83d\udecd\ufe0f<\/span> <b>Une boutique engag\u00e9e<\/b> : produits locaux, naturels et artisanaux (hydrolats, cr\u00e9ations v\u00e9g\u00e9tales, ouvrages, souvenirs durables).<\/li><li class=\"li1\"><span class=\"s1\">\ud83c\udf74<\/span> <b>Un restaurant sur site<\/b> : pour prolonger l\u2019exp\u00e9rience autour d\u2019une table conviviale aux saveurs locales.<\/li><li class=\"li1\"><span class=\"s1\">\ud83c\udf0d<\/span> <b>Un tourisme responsable<\/b> : dans l\u2019esprit d\u00e9fini par l\u2019Organisation Mondiale du Tourisme (OMT), Mascarin-JBR contribue \u00e0 un tourisme respectueux des \u00e9quilibres <b>\u00e9cologiques, sociaux et \u00e9conomiques<\/b>.<\/li><\/ul>\t\t\t\t\t\t\t\t<\/div>\n\t\t\t\t<\/div>\n\t\t\t\t<div class=\"elementor-element elementor-element-9c06fe6 elementor-widget elementor-widget-text-editor\" data-id=\"9c06fe6\" data-element_type=\"widget\" data-widget_type=\"text-editor.default\">\n\t\t\t\t<div class=\"elementor-widget-container\">\n\t\t\t\t\t\t\t\t\t<p class=\"p1\"><span class=\"s1\">\u2728<\/span> <b>Mascarin \u2013 Jardin Botanique de La R\u00e9union<\/b> n\u2019est pas seulement un lieu de conservation et de savoir : c\u2019est un <b>Jardin Botanique de France et des Pays Francophones<\/b>, un <b>Jardin Remarquable<\/b> et un <b>Refuge LPO P\u00e9\u00ef<\/b>.<br><br>Un espace de vie, de rencontre et d\u2019inspiration, o\u00f9 l\u2019on vient apprendre, transmettre, s\u2019\u00e9merveiller\u2026 et simplement prendre le temps de fl\u00e2ner au c\u0153ur d\u2019une biodiversit\u00e9 unique au monde.<\/p>\t\t\t\t\t\t\t\t<\/div>\n\t\t\t\t<\/div>\n\t\t\t\t\t<\/div>\n\t\t\t\t<\/div>\n\t\t\t\t<\/div>","protected":false},"excerpt":{"rendered":"<p>Mascarin \u2013 Le Jardin Botanique de La R\u00e9union N\u00e9 en 2014 de la reprise partielle des activit\u00e9s du Conservatoire Botanique de Mascarin (CBN-CPIE Mascarin) par le D\u00e9partement de La R\u00e9union, Mascarin \u2013 Jardin Botanique de La R\u00e9union (Mascarin-JBR) s\u2019inscrit dans une continuit\u00e9 historique et scientifique forte. Install\u00e9 sur le site patrimonial des Colima\u00e7ons, ancien domaine [&hellip;]<\/p>","protected":false},"author":1,"featured_media":0,"parent":0,"menu_order":0,"comment_status":"closed","ping_status":"closed","template":"","meta":{"pgc_sgb_lightbox_settings":"","footnotes":""},"categories":[],"class_list":["post-381","page","type-page","status-publish","hentry"],"_links":{"self":[{"href":"https:\/\/lejardinbotanique.roaaar.fr\/en\/wp-json\/wp\/v2\/pages\/381","targetHints":{"allow":["GET"]}}],"collection":[{"href":"https:\/\/lejardinbotanique.roaaar.fr\/en\/wp-json\/wp\/v2\/pages"}],"about":[{"href":"https:\/\/lejardinbotanique.roaaar.fr\/en\/wp-json\/wp\/v2\/types\/page"}],"author":[{"embeddable":true,"href":"https:\/\/lejardinbotanique.roaaar.fr\/en\/wp-json\/wp\/v2\/users\/1"}],"replies":[{"embeddable":true,"href":"https:\/\/lejardinbotanique.roaaar.fr\/en\/wp-json\/wp\/v2\/comments?post=381"}],"version-history":[{"count":0,"href":"https:\/\/lejardinbotanique.roaaar.fr\/en\/wp-json\/wp\/v2\/pages\/381\/revisions"}],"wp:attachment":[{"href":"https:\/\/lejardinbotanique.roaaar.fr\/en\/wp-json\/wp\/v2\/media?parent=381"}],"wp:term":[{"taxonomy":"category","embeddable":true,"href":"https:\/\/lejardinbotanique.roaaar.fr\/en\/wp-json\/wp\/v2\/categories?post=381"}],"curies":[{"name":"wp","href":"https:\/\/api.w.org\/{rel}","templated":true}]}}