{"id":385,"date":"2025-03-14T09:37:38","date_gmt":"2025-03-14T08:37:38","guid":{"rendered":"http:\/\/lejardinbotanique.test\/?page_id=385"},"modified":"2025-09-03T18:52:49","modified_gmt":"2025-09-03T16:52:49","slug":"visites-guidees","status":"publish","type":"page","link":"https:\/\/lejardinbotanique.roaaar.fr\/en\/visites-guidees\/","title":{"rendered":"Visites guid\u00e9es"},"content":{"rendered":"<div data-elementor-type=\"wp-page\" data-elementor-id=\"385\" class=\"elementor elementor-385\" data-elementor-post-type=\"page\">\n\t\t\t\t<div class=\"elementor-element elementor-element-70845448 e-flex e-con-boxed e-con e-parent\" data-id=\"70845448\" data-element_type=\"container\" data-settings=\"{&quot;background_background&quot;:&quot;classic&quot;}\">\n\t\t\t\t\t<div class=\"e-con-inner\">\n\t\t\t\t<div class=\"elementor-element elementor-element-56566583 elementor-widget elementor-widget-heading\" data-id=\"56566583\" data-element_type=\"widget\" data-widget_type=\"heading.default\">\n\t\t\t\t<div class=\"elementor-widget-container\">\n\t\t\t\t\t<h2 class=\"elementor-heading-title elementor-size-default\">Visites guid\u00e9es<\/h2>\t\t\t\t<\/div>\n\t\t\t\t<\/div>\n\t\t\t\t\t<\/div>\n\t\t\t\t<\/div>\n\t\t<div class=\"elementor-element elementor-element-285a700 e-flex e-con-boxed e-con e-parent\" data-id=\"285a700\" data-element_type=\"container\">\n\t\t\t\t\t<div class=\"e-con-inner\">\n\t\t<div class=\"elementor-element elementor-element-0bfd1c8 e-con-full e-flex e-con e-child\" data-id=\"0bfd1c8\" data-element_type=\"container\">\n\t\t\t\t<div class=\"elementor-element elementor-element-8d3f015 elementor-widget__width-inherit elementor-widget elementor-widget-image\" data-id=\"8d3f015\" data-element_type=\"widget\" data-widget_type=\"image.default\">\n\t\t\t\t<div class=\"elementor-widget-container\">\n\t\t\t\t\t\t\t\t\t\t\t\t\t\t\t<img fetchpriority=\"high\" decoding=\"async\" width=\"467\" height=\"350\" src=\"https:\/\/lejardinbotanique.roaaar.fr\/wp-content\/uploads\/2025\/09\/psc14.jpg\" class=\"attachment-full size-full wp-image-1801\" alt=\"\" srcset=\"https:\/\/lejardinbotanique.roaaar.fr\/wp-content\/uploads\/2025\/09\/psc14.jpg 467w, https:\/\/lejardinbotanique.roaaar.fr\/wp-content\/uploads\/2025\/09\/psc14-300x225.jpg 300w, https:\/\/lejardinbotanique.roaaar.fr\/wp-content\/uploads\/2025\/09\/psc14-16x12.jpg 16w\" sizes=\"(max-width: 467px) 100vw, 467px\" \/>\t\t\t\t\t\t\t\t\t\t\t\t\t\t\t<\/div>\n\t\t\t\t<\/div>\n\t\t\t\t<\/div>\n\t\t<div class=\"elementor-element elementor-element-4863079 e-con-full e-flex e-con e-child\" data-id=\"4863079\" data-element_type=\"container\">\n\t\t\t\t<div class=\"elementor-element elementor-element-f180927 elementor-widget elementor-widget-text-editor\" data-id=\"f180927\" data-element_type=\"widget\" data-widget_type=\"text-editor.default\">\n\t\t\t\t<div class=\"elementor-widget-container\">\n\t\t\t\t\t\t\t\t\t<p class=\"p1\">Le visiteur a la possibilit\u00e9 de suivre une ou plusieurs des deux visites guid\u00e9es propos\u00e9es \u00e0 11h, 14h30 sur l\u2019une ou l\u2019autre des collections selon la saison, mais au moins une visite quotidienne est programm\u00e9e sur la collection \u00ab\u00a0R\u00e9union\u00a0\u00bb, la plus demand\u00e9e par le public.<\/p><p class=\"p1\">Ces visites sont assur\u00e9es par une \u00e9quipe de 3 m\u00e9diateurs scientifiques et culturels.<\/p>\t\t\t\t\t\t\t\t<\/div>\n\t\t\t\t<\/div>\n\t\t\t\t<\/div>\n\t\t\t\t\t<\/div>\n\t\t\t\t<\/div>\n\t\t\t\t<\/div>","protected":false},"excerpt":{"rendered":"<p>Le visiteur a la possibilit\u00e9 de suivre une ou plusieurs des deux visites guid\u00e9es propos\u00e9es \u00e0 11h, 14h30 sur l\u2019une ou l\u2019autre des collections selon la saison, mais au moins une visite quotidienne est programm\u00e9e sur la collection \u00ab\u00a0R\u00e9union\u00a0\u00bb, la plus demand\u00e9e par le public. Ces visites sont assur\u00e9es par une \u00e9quipe de 3 m\u00e9diateurs [&hellip;]<\/p>","protected":false},"author":1,"featured_media":0,"parent":0,"menu_order":0,"comment_status":"closed","ping_status":"closed","template":"","meta":{"pgc_sgb_lightbox_settings":"","footnotes":""},"categories":[],"class_list":["post-385","page","type-page","status-publish","hentry"],"_links":{"self":[{"href":"https:\/\/lejardinbotanique.roaaar.fr\/en\/wp-json\/wp\/v2\/pages\/385","targetHints":{"allow":["GET"]}}],"collection":[{"href":"https:\/\/lejardinbotanique.roaaar.fr\/en\/wp-json\/wp\/v2\/pages"}],"about":[{"href":"https:\/\/lejardinbotanique.roaaar.fr\/en\/wp-json\/wp\/v2\/types\/page"}],"author":[{"embeddable":true,"href":"https:\/\/lejardinbotanique.roaaar.fr\/en\/wp-json\/wp\/v2\/users\/1"}],"replies":[{"embeddable":true,"href":"https:\/\/lejardinbotanique.roaaar.fr\/en\/wp-json\/wp\/v2\/comments?post=385"}],"version-history":[{"count":0,"href":"https:\/\/lejardinbotanique.roaaar.fr\/en\/wp-json\/wp\/v2\/pages\/385\/revisions"}],"wp:attachment":[{"href":"https:\/\/lejardinbotanique.roaaar.fr\/en\/wp-json\/wp\/v2\/media?parent=385"}],"wp:term":[{"taxonomy":"category","embeddable":true,"href":"https:\/\/lejardinbotanique.roaaar.fr\/en\/wp-json\/wp\/v2\/categories?post=385"}],"curies":[{"name":"wp","href":"https:\/\/api.w.org\/{rel}","templated":true}]}}