{"id":389,"date":"2025-03-14T09:37:57","date_gmt":"2025-03-14T08:37:57","guid":{"rendered":"http:\/\/lejardinbotanique.test\/?page_id=389"},"modified":"2025-11-06T08:08:02","modified_gmt":"2025-11-06T07:08:02","slug":"evenements-dentreprises","status":"publish","type":"page","link":"https:\/\/lejardinbotanique.roaaar.fr\/en\/evenements-dentreprises\/","title":{"rendered":"\u00c9v\u00e8nements d\u2019entreprises"},"content":{"rendered":"<div data-elementor-type=\"wp-page\" data-elementor-id=\"389\" class=\"elementor elementor-389\" data-elementor-post-type=\"page\">\n\t\t\t\t<div class=\"elementor-element elementor-element-2bb4ca5b e-flex e-con-boxed e-con e-parent\" data-id=\"2bb4ca5b\" data-element_type=\"container\" data-settings=\"{&quot;background_background&quot;:&quot;classic&quot;}\">\n\t\t\t\t\t<div class=\"e-con-inner\">\n\t\t\t\t<div class=\"elementor-element elementor-element-47543d17 elementor-widget elementor-widget-heading\" data-id=\"47543d17\" data-element_type=\"widget\" data-widget_type=\"heading.default\">\n\t\t\t\t<div class=\"elementor-widget-container\">\n\t\t\t\t\t<h2 class=\"elementor-heading-title elementor-size-default\">\u00c9v\u00e8nements d\u2019entreprises<\/h2>\t\t\t\t<\/div>\n\t\t\t\t<\/div>\n\t\t\t\t\t<\/div>\n\t\t\t\t<\/div>\n\t\t<div class=\"elementor-element elementor-element-2e9d688b e-flex e-con-boxed e-con e-parent\" data-id=\"2e9d688b\" data-element_type=\"container\">\n\t\t\t\t\t<div class=\"e-con-inner\">\n\t\t<div class=\"elementor-element elementor-element-bef993b e-con-full e-flex e-con e-child\" data-id=\"bef993b\" data-element_type=\"container\">\n\t\t\t\t<div class=\"elementor-element elementor-element-609e312 elementor-widget__width-inherit elementor-widget elementor-widget-image\" data-id=\"609e312\" data-element_type=\"widget\" data-widget_type=\"image.default\">\n\t\t\t\t<div class=\"elementor-widget-container\">\n\t\t\t\t\t\t\t\t\t\t\t\t\t\t\t<img fetchpriority=\"high\" decoding=\"async\" width=\"920\" height=\"556\" src=\"https:\/\/lejardinbotanique.roaaar.fr\/wp-content\/uploads\/2025\/06\/Frame-1.png\" class=\"attachment-full size-full wp-image-1212\" alt=\"\" srcset=\"https:\/\/lejardinbotanique.roaaar.fr\/wp-content\/uploads\/2025\/06\/Frame-1.png 920w, https:\/\/lejardinbotanique.roaaar.fr\/wp-content\/uploads\/2025\/06\/Frame-1-300x181.png 300w, https:\/\/lejardinbotanique.roaaar.fr\/wp-content\/uploads\/2025\/06\/Frame-1-768x464.png 768w, https:\/\/lejardinbotanique.roaaar.fr\/wp-content\/uploads\/2025\/06\/Frame-1-18x12.png 18w\" sizes=\"(max-width: 920px) 100vw, 920px\" \/>\t\t\t\t\t\t\t\t\t\t\t\t\t\t\t<\/div>\n\t\t\t\t<\/div>\n\t\t\t\t<\/div>\n\t\t<div class=\"elementor-element elementor-element-dfae54d e-con-full e-flex e-con e-child\" data-id=\"dfae54d\" data-element_type=\"container\">\n\t\t\t\t<div class=\"elementor-element elementor-element-8a1b030 elementor-widget elementor-widget-heading\" data-id=\"8a1b030\" data-element_type=\"widget\" data-widget_type=\"heading.default\">\n\t\t\t\t<div class=\"elementor-widget-container\">\n\t\t\t\t\t<h2 class=\"elementor-heading-title elementor-size-default\">PROFESSIONNELS <br>OU PRIV\u00c9S<\/h2>\t\t\t\t<\/div>\n\t\t\t\t<\/div>\n\t\t\t\t<div class=\"elementor-element elementor-element-8bcabbb elementor-widget-divider--view-line elementor-widget elementor-widget-divider\" data-id=\"8bcabbb\" data-element_type=\"widget\" data-widget_type=\"divider.default\">\n\t\t\t\t<div class=\"elementor-widget-container\">\n\t\t\t\t\t\t\t<div class=\"elementor-divider\">\n\t\t\t<span class=\"elementor-divider-separator\">\n\t\t\t\t\t\t<\/span>\n\t\t<\/div>\n\t\t\t\t\t\t<\/div>\n\t\t\t\t<\/div>\n\t\t\t\t<div class=\"elementor-element elementor-element-6fd14cd elementor-widget elementor-widget-text-editor\" data-id=\"6fd14cd\" data-element_type=\"widget\" data-widget_type=\"text-editor.default\">\n\t\t\t\t<div class=\"elementor-widget-container\">\n\t\t\t\t\t\t\t\t\t<p>Pour vos \u00e9v\u00e9nements Professionnels ou priv\u00e9s, vous pouvez faire appel au service de Mascarin.<\/p><p>Le site dispose de 3 salles de s\u00e9minaires avec des capacit\u00e9s d\u2019accueil diff\u00e9rentes\u00a0:<\/p><ul class=\"ul1\"><li class=\"li2\">Salle de Cordemoy \u2013 capacit\u00e9 d\u2019accueil 80 personnes<\/li><li class=\"li2\">Salle Commerson \u2013 capacit\u00e9 d\u2019accueil 20 personnes<\/li><li class=\"li2\">Salle de l\u2019Atelier Vert &#8211; capacit\u00e9 d\u2019accueil 20 personnes<\/li><\/ul>\t\t\t\t\t\t\t\t<\/div>\n\t\t\t\t<\/div>\n\t\t\t\t<\/div>\n\t\t\t\t\t<\/div>\n\t\t\t\t<\/div>\n\t\t<div class=\"elementor-element elementor-element-c9f8761 e-flex e-con-boxed e-con e-parent\" data-id=\"c9f8761\" data-element_type=\"container\">\n\t\t\t\t\t<div class=\"e-con-inner\">\n\t\t<div class=\"elementor-element elementor-element-a84e311 e-con-full e-flex e-con e-child\" data-id=\"a84e311\" data-element_type=\"container\">\n\t\t\t\t<div class=\"elementor-element elementor-element-5320f66 elementor-widget__width-inherit elementor-widget elementor-widget-image\" data-id=\"5320f66\" data-element_type=\"widget\" data-widget_type=\"image.default\">\n\t\t\t\t<div class=\"elementor-widget-container\">\n\t\t\t\t\t\t\t\t\t\t\t\t\t\t\t<img decoding=\"async\" width=\"2048\" height=\"1151\" src=\"https:\/\/lejardinbotanique.roaaar.fr\/wp-content\/uploads\/2025\/07\/Mascarin-jardin-botanique-de-la-reunion-saint-leu-vue-aerienne.webp\" class=\"attachment-full size-full wp-image-1560\" alt=\"\" srcset=\"https:\/\/lejardinbotanique.roaaar.fr\/wp-content\/uploads\/2025\/07\/Mascarin-jardin-botanique-de-la-reunion-saint-leu-vue-aerienne.webp 2048w, https:\/\/lejardinbotanique.roaaar.fr\/wp-content\/uploads\/2025\/07\/Mascarin-jardin-botanique-de-la-reunion-saint-leu-vue-aerienne-300x169.webp 300w, https:\/\/lejardinbotanique.roaaar.fr\/wp-content\/uploads\/2025\/07\/Mascarin-jardin-botanique-de-la-reunion-saint-leu-vue-aerienne-1024x576.webp 1024w, https:\/\/lejardinbotanique.roaaar.fr\/wp-content\/uploads\/2025\/07\/Mascarin-jardin-botanique-de-la-reunion-saint-leu-vue-aerienne-768x432.webp 768w, https:\/\/lejardinbotanique.roaaar.fr\/wp-content\/uploads\/2025\/07\/Mascarin-jardin-botanique-de-la-reunion-saint-leu-vue-aerienne-1536x863.webp 1536w, https:\/\/lejardinbotanique.roaaar.fr\/wp-content\/uploads\/2025\/07\/Mascarin-jardin-botanique-de-la-reunion-saint-leu-vue-aerienne-18x10.webp 18w\" sizes=\"(max-width: 2048px) 100vw, 2048px\" \/>\t\t\t\t\t\t\t\t\t\t\t\t\t\t\t<\/div>\n\t\t\t\t<\/div>\n\t\t\t\t<\/div>\n\t\t<div class=\"elementor-element elementor-element-535c715 e-con-full e-flex e-con e-child\" data-id=\"535c715\" data-element_type=\"container\">\n\t\t\t\t<div class=\"elementor-element elementor-element-6bb344d elementor-widget elementor-widget-heading\" data-id=\"6bb344d\" data-element_type=\"widget\" data-widget_type=\"heading.default\">\n\t\t\t\t<div class=\"elementor-widget-container\">\n\t\t\t\t\t<h2 class=\"elementor-heading-title elementor-size-default\">ESPACES DISPONIBLES<\/h2>\t\t\t\t<\/div>\n\t\t\t\t<\/div>\n\t\t\t\t<div class=\"elementor-element elementor-element-f03b339 elementor-widget-divider--view-line elementor-widget elementor-widget-divider\" data-id=\"f03b339\" data-element_type=\"widget\" data-widget_type=\"divider.default\">\n\t\t\t\t<div class=\"elementor-widget-container\">\n\t\t\t\t\t\t\t<div class=\"elementor-divider\">\n\t\t\t<span class=\"elementor-divider-separator\">\n\t\t\t\t\t\t<\/span>\n\t\t<\/div>\n\t\t\t\t\t\t<\/div>\n\t\t\t\t<\/div>\n\t\t\t\t<div class=\"elementor-element elementor-element-e0b06af elementor-widget elementor-widget-text-editor\" data-id=\"e0b06af\" data-element_type=\"widget\" data-widget_type=\"text-editor.default\">\n\t\t\t\t<div class=\"elementor-widget-container\">\n\t\t\t\t\t\t\t\t\t<p class=\"p1\">Plusieurs espaces ext\u00e9rieurs sont disponibles\u00a0:<\/p><ul class=\"ul1\"><li class=\"li2\">Espace Tortue \u2013 capacit\u00e9 d\u2019accueil 200 personnes max<\/li><li class=\"li2\">Th\u00e9\u00e2tre de Verdure &#8211; capacit\u00e9 d\u2019accueil 80 personnes max<\/li><li class=\"li2\">L\u2019Amphi Plein-Air Mascarin &#8211; capacit\u00e9 d\u2019accueil 200 personnes max<\/li><li class=\"li2\">Espace Bambou &#8211; capacit\u00e9 d\u2019accueil 100 personnes max<\/li><\/ul>\t\t\t\t\t\t\t\t<\/div>\n\t\t\t\t<\/div>\n\t\t\t\t<\/div>\n\t\t\t\t\t<\/div>\n\t\t\t\t<\/div>\n\t\t<div class=\"elementor-element elementor-element-05c3bc5 e-flex e-con-boxed e-con e-parent\" data-id=\"05c3bc5\" data-element_type=\"container\">\n\t\t\t\t\t<div class=\"e-con-inner\">\n\t\t\t\t<div class=\"elementor-element elementor-element-bccb54b elementor-widget elementor-widget-text-editor\" data-id=\"bccb54b\" data-element_type=\"widget\" data-widget_type=\"text-editor.default\">\n\t\t\t\t<div class=\"elementor-widget-container\">\n\t\t\t\t\t\t\t\t\t<p class=\"p1\">Pour tout compl\u00e9ment d\u2019informations <a href=\"mailto:mascarin.jardinbotanique@cg974.fr\"><span class=\"s1\">mascarin.jardinbotanique@cg974.fr<\/span><\/a><br>ou <a href=\"tel:0693927155\">0693 92 71 55<\/a><\/p>\t\t\t\t\t\t\t\t<\/div>\n\t\t\t\t<\/div>\n\t\t\t\t\t<\/div>\n\t\t\t\t<\/div>\n\t\t\t\t<\/div>","protected":false},"excerpt":{"rendered":"<p>PROFESSIONNELS OU PRIV\u00c9S Pour vos \u00e9v\u00e9nements Professionnels ou priv\u00e9s, vous pouvez faire appel au service de Mascarin. Le site dispose de 3 salles de s\u00e9minaires avec des capacit\u00e9s d\u2019accueil diff\u00e9rentes\u00a0: Salle de Cordemoy \u2013 capacit\u00e9 d\u2019accueil 80 personnes Salle Commerson \u2013 capacit\u00e9 d\u2019accueil 20 personnes Salle de l\u2019Atelier Vert &#8211; capacit\u00e9 d\u2019accueil 20 personnes ESPACES [&hellip;]<\/p>","protected":false},"author":1,"featured_media":0,"parent":0,"menu_order":0,"comment_status":"closed","ping_status":"closed","template":"","meta":{"pgc_sgb_lightbox_settings":"","footnotes":""},"categories":[],"class_list":["post-389","page","type-page","status-publish","hentry"],"_links":{"self":[{"href":"https:\/\/lejardinbotanique.roaaar.fr\/en\/wp-json\/wp\/v2\/pages\/389","targetHints":{"allow":["GET"]}}],"collection":[{"href":"https:\/\/lejardinbotanique.roaaar.fr\/en\/wp-json\/wp\/v2\/pages"}],"about":[{"href":"https:\/\/lejardinbotanique.roaaar.fr\/en\/wp-json\/wp\/v2\/types\/page"}],"author":[{"embeddable":true,"href":"https:\/\/lejardinbotanique.roaaar.fr\/en\/wp-json\/wp\/v2\/users\/1"}],"replies":[{"embeddable":true,"href":"https:\/\/lejardinbotanique.roaaar.fr\/en\/wp-json\/wp\/v2\/comments?post=389"}],"version-history":[{"count":0,"href":"https:\/\/lejardinbotanique.roaaar.fr\/en\/wp-json\/wp\/v2\/pages\/389\/revisions"}],"wp:attachment":[{"href":"https:\/\/lejardinbotanique.roaaar.fr\/en\/wp-json\/wp\/v2\/media?parent=389"}],"wp:term":[{"taxonomy":"category","embeddable":true,"href":"https:\/\/lejardinbotanique.roaaar.fr\/en\/wp-json\/wp\/v2\/categories?post=389"}],"curies":[{"name":"wp","href":"https:\/\/api.w.org\/{rel}","templated":true}]}}