{"id":393,"date":"2025-03-14T09:38:44","date_gmt":"2025-03-14T08:38:44","guid":{"rendered":"http:\/\/lejardinbotanique.test\/?page_id=393"},"modified":"2025-09-30T09:37:13","modified_gmt":"2025-09-30T07:37:13","slug":"lhistoire-du-domaine","status":"publish","type":"page","link":"https:\/\/lejardinbotanique.roaaar.fr\/en\/lhistoire-du-domaine\/","title":{"rendered":"L\u2019histoire du Domaine"},"content":{"rendered":"<div data-elementor-type=\"wp-page\" data-elementor-id=\"393\" class=\"elementor elementor-393\" data-elementor-post-type=\"page\">\n\t\t\t\t<div class=\"elementor-element elementor-element-48bb0848 e-flex e-con-boxed e-con e-parent\" data-id=\"48bb0848\" data-element_type=\"container\" data-settings=\"{&quot;background_background&quot;:&quot;classic&quot;}\">\n\t\t\t\t\t<div class=\"e-con-inner\">\n\t\t\t\t<div class=\"elementor-element elementor-element-47ee051b elementor-widget elementor-widget-heading\" data-id=\"47ee051b\" data-element_type=\"widget\" data-widget_type=\"heading.default\">\n\t\t\t\t<div class=\"elementor-widget-container\">\n\t\t\t\t\t<h2 class=\"elementor-heading-title elementor-size-default\">Un lieu charg\u00e9 d'histoire<\/h2>\t\t\t\t<\/div>\n\t\t\t\t<\/div>\n\t\t\t\t\t<\/div>\n\t\t\t\t<\/div>\n\t\t<div class=\"elementor-element elementor-element-a6b12cd e-flex e-con-boxed e-con e-parent\" data-id=\"a6b12cd\" data-element_type=\"container\">\n\t\t\t\t\t<div class=\"e-con-inner\">\n\t\t<div class=\"elementor-element elementor-element-cf8403f e-con-full elementor-hidden-tablet elementor-hidden-mobile e-flex e-con e-child\" data-id=\"cf8403f\" data-element_type=\"container\">\n\t\t\t\t<div class=\"elementor-element elementor-element-14ff770 elementor-widget__width-inherit elementor-hidden-tablet elementor-hidden-mobile elementor-widget elementor-widget-image\" data-id=\"14ff770\" data-element_type=\"widget\" data-widget_type=\"image.default\">\n\t\t\t\t<div class=\"elementor-widget-container\">\n\t\t\t\t\t\t\t\t\t\t\t\t\t\t\t<img fetchpriority=\"high\" decoding=\"async\" width=\"442\" height=\"578\" src=\"https:\/\/lejardinbotanique.roaaar.fr\/wp-content\/uploads\/2025\/06\/arc-1.png\" class=\"attachment-full size-full wp-image-1178\" alt=\"\" srcset=\"https:\/\/lejardinbotanique.roaaar.fr\/wp-content\/uploads\/2025\/06\/arc-1.png 442w, https:\/\/lejardinbotanique.roaaar.fr\/wp-content\/uploads\/2025\/06\/arc-1-229x300.png 229w, https:\/\/lejardinbotanique.roaaar.fr\/wp-content\/uploads\/2025\/06\/arc-1-9x12.png 9w\" sizes=\"(max-width: 442px) 100vw, 442px\" \/>\t\t\t\t\t\t\t\t\t\t\t\t\t\t\t<\/div>\n\t\t\t\t<\/div>\n\t\t\t\t<\/div>\n\t\t<div class=\"elementor-element elementor-element-b11d17b e-con-full e-flex e-con e-child\" data-id=\"b11d17b\" data-element_type=\"container\">\n\t\t\t\t<div class=\"elementor-element elementor-element-e4dd67c elementor-widget elementor-widget-heading\" data-id=\"e4dd67c\" data-element_type=\"widget\" data-widget_type=\"heading.default\">\n\t\t\t\t<div class=\"elementor-widget-container\">\n\t\t\t\t\t<h2 class=\"elementor-heading-title elementor-size-default\">LE DOMAINE DES COLIMA\u00c7ONS : UN PATRIMOINE FAMILIAL<\/h2>\t\t\t\t<\/div>\n\t\t\t\t<\/div>\n\t\t\t\t<div class=\"elementor-element elementor-element-63c6bac elementor-widget-divider--view-line elementor-widget elementor-widget-divider\" data-id=\"63c6bac\" data-element_type=\"widget\" data-widget_type=\"divider.default\">\n\t\t\t\t<div class=\"elementor-widget-container\">\n\t\t\t\t\t\t\t<div class=\"elementor-divider\">\n\t\t\t<span class=\"elementor-divider-separator\">\n\t\t\t\t\t\t<\/span>\n\t\t<\/div>\n\t\t\t\t\t\t<\/div>\n\t\t\t\t<\/div>\n\t\t\t\t<div class=\"elementor-element elementor-element-bbc84f7 elementor-widget__width-inherit elementor-hidden-desktop elementor-widget elementor-widget-image\" data-id=\"bbc84f7\" data-element_type=\"widget\" data-widget_type=\"image.default\">\n\t\t\t\t<div class=\"elementor-widget-container\">\n\t\t\t\t\t\t\t\t\t\t\t\t\t\t\t<img fetchpriority=\"high\" decoding=\"async\" width=\"442\" height=\"578\" src=\"https:\/\/lejardinbotanique.roaaar.fr\/wp-content\/uploads\/2025\/06\/arc-1.png\" class=\"attachment-full size-full wp-image-1178\" alt=\"\" srcset=\"https:\/\/lejardinbotanique.roaaar.fr\/wp-content\/uploads\/2025\/06\/arc-1.png 442w, https:\/\/lejardinbotanique.roaaar.fr\/wp-content\/uploads\/2025\/06\/arc-1-229x300.png 229w, https:\/\/lejardinbotanique.roaaar.fr\/wp-content\/uploads\/2025\/06\/arc-1-9x12.png 9w\" sizes=\"(max-width: 442px) 100vw, 442px\" \/>\t\t\t\t\t\t\t\t\t\t\t\t\t\t\t<\/div>\n\t\t\t\t<\/div>\n\t\t\t\t<div class=\"elementor-element elementor-element-912d875 elementor-widget elementor-widget-text-editor\" data-id=\"912d875\" data-element_type=\"widget\" data-widget_type=\"text-editor.default\">\n\t\t\t\t<div class=\"elementor-widget-container\">\n\t\t\t\t\t\t\t\t\t<h3><strong>Une maison historique<\/strong><\/h3><p class=\"p1\">Situ\u00e9e \u00e0 moins de 10 km de Saint-Leu, le domaine des Colima\u00e7ons a appartenu pendant plus de <strong>trois g\u00e9n\u00e9rations \u00e0 la famille de Chateauvieux.<span class=\"Apple-converted-space\">\u00a0<\/span><\/strong><\/p><p class=\"p1\">Construite en 1794, \u00e0 l\u2019annonce de la guerre contre l\u2019Angleterre, la maison \u00e9tait r\u00e9duite aux deux tours avant. Elles \u00e9taient reli\u00e9es par une passerelle couverte et faisaient office de <strong>\u00ab\u00a0Tour de vigie\u00a0\u00bb.<\/strong><\/p><h3><strong>L&rsquo;agrandissement de la maison<\/strong><\/h3><p class=\"p1\">Quand la famille de Chateauvieux s\u2019installa dans la maison, en 1855, elle fut agrandie pour abriter vingt et une personnes en permanence. <strong>Il y e\u00fbt jusqu\u2019\u00e0 36 pi\u00e8ces.<\/strong><\/p><p class=\"p1\">Les chambres se trouvaient \u00e0 l\u2019\u00e9tage. Le <span class=\"s1\"><b>rez-de-chauss\u00e9e<\/b><\/span> quant \u00e0 lui \u00e9tait compos\u00e9 de la <span class=\"s1\"><b>varangue<\/b><\/span>, du hall, du petit et du grand <span class=\"s1\"><b>salon<\/b><\/span>, de la <span class=\"s1\"><b>salle \u00e0 manger<\/b><\/span>, d\u2019un <span class=\"s1\"><b>bureau<\/b><\/span>, de la salle de bains et des toilettes, de deux godons, d\u2019un \u00e9vier et de deux chambres \u00e0 donner.<\/p>\t\t\t\t\t\t\t\t<\/div>\n\t\t\t\t<\/div>\n\t\t\t\t<\/div>\n\t\t\t\t\t<\/div>\n\t\t\t\t<\/div>\n\t\t<div class=\"elementor-element elementor-element-457d1eaa e-flex e-con-boxed e-con e-parent\" data-id=\"457d1eaa\" data-element_type=\"container\" data-settings=\"{&quot;background_background&quot;:&quot;classic&quot;}\">\n\t\t\t\t\t<div class=\"e-con-inner\">\n\t\t<div class=\"elementor-element elementor-element-471ed1cf e-con-full e-flex e-con e-child\" data-id=\"471ed1cf\" data-element_type=\"container\" data-settings=\"{&quot;background_background&quot;:&quot;classic&quot;}\">\n\t\t\t\t<div class=\"elementor-element elementor-element-b26760f elementor-widget elementor-widget-heading\" data-id=\"b26760f\" data-element_type=\"widget\" data-widget_type=\"heading.default\">\n\t\t\t\t<div class=\"elementor-widget-container\">\n\t\t\t\t\t<h2 class=\"elementor-heading-title elementor-size-default\">LE DOMAINE agricole<\/h2>\t\t\t\t<\/div>\n\t\t\t\t<\/div>\n\t\t\t\t<div class=\"elementor-element elementor-element-2bf6986 elementor-widget-divider--view-line elementor-widget elementor-widget-divider\" data-id=\"2bf6986\" data-element_type=\"widget\" data-widget_type=\"divider.default\">\n\t\t\t\t<div class=\"elementor-widget-container\">\n\t\t\t\t\t\t\t<div class=\"elementor-divider\">\n\t\t\t<span class=\"elementor-divider-separator\">\n\t\t\t\t\t\t<\/span>\n\t\t<\/div>\n\t\t\t\t\t\t<\/div>\n\t\t\t\t<\/div>\n\t\t\t\t<div class=\"elementor-element elementor-element-5dbf8fb0 elementor-widget__width-initial elementor-widget elementor-widget-text-editor\" data-id=\"5dbf8fb0\" data-element_type=\"widget\" data-widget_type=\"text-editor.default\">\n\t\t\t\t<div class=\"elementor-widget-container\">\n\t\t\t\t\t\t\t\t\t<h3 class=\"p1\"><strong>Une exploitation agricole en expansion<\/strong><\/h3><p class=\"p2\">Le domaine agricole fond\u00e9 par le <strong>Marquis Antoine Sosth\u00e8ne d\u2019Armand de Chateauvieux<\/strong>, s\u2019\u00e9tendait alors du battant des lames au sommet des montagnes sur 660 ha.<\/p><p class=\"p2\">La cuisine \u00e9tait \u00e0 l\u2019ext\u00e9rieure de la maison. A l\u2019origine elle \u00e9tait d\u2019une seule pi\u00e8ce avec une chemin\u00e9e double. Lors des cyclones, on utilisait la petite cuisine de la maison \u00e9quip\u00e9e d\u2019un simple \u00e9vier et d\u2019un petit fourneau \u00e0 gaz. Elle servait g\u00e9n\u00e9ralement \u00e0 pr\u00e9parer des collations ou \u00e0 faire du caf\u00e9.<\/p><h3 class=\"p4\"><strong>Les installations annexes<\/strong><\/h3><p class=\"p2\">Le Marquis entama la construction des d\u00e9pendances peu de temps apr\u00e8s son arriv\u00e9e aux Colima\u00e7ons, en usant de ses qualit\u00e9s d\u2019architecte et de ma\u00e7on. A l\u2019origine, il devait y avoir \u00e0 l\u2019emplacement de ces b\u00e2timents des cabanons et des parcs \u00e0 bestiaux.<\/p><p class=\"p2\">La <b>cidrerie <\/b>\u00e9tait plus ancienne. Lorsque l\u2019on a commenc\u00e9 \u00e0 d\u00e9fricher la for\u00eat des Colima\u00e7ons, elle fut dans un premier temps remplac\u00e9e par des pommiers \u00e0 cidre que le Marquis avait import\u00e9. Ils s\u2019acclimat\u00e8rent tellement bien qu\u2019il fut d\u00e9cid\u00e9 de faire du cidre.<\/p><p class=\"p2\">Derri\u00e8re la cuisine, un <b>four \u00e0 pain<\/b> avait \u00e9t\u00e9 construit. Il devint assez rapidement poulailler. La <b>porcherie <\/b>prolongeait les<b> <\/b>b\u00e2timents abritant d\u00e9j\u00e0 le poulailler.<\/p><p class=\"p2\">En passant sous le <b>porche<\/b>, \u00e0 c\u00f4t\u00e9 de l\u2019<b>\u00e9table<\/b>, o\u00f9 le chiffre 1900 est majestueusement grav\u00e9, on arrivait \u00e0 la <b>forge<\/b>. Les <b>\u00e9curies<\/b> occupaient le reste<span class=\"Apple-converted-space\">\u00a0<\/span><\/p><p class=\"p2\">L\u2019ancienne <b>minoterie <\/b>ne fut construite que lors de la seconde guerre mondiale lorsque La R\u00e9union connut de gros probl\u00e8mes de ravitaillement.<span class=\"Apple-converted-space\">\u00a0<\/span><\/p>\t\t\t\t\t\t\t\t<\/div>\n\t\t\t\t<\/div>\n\t\t\t\t<\/div>\n\t\t\t\t\t<\/div>\n\t\t\t\t<\/div>\n\t\t<div class=\"elementor-element elementor-element-79c93f8 e-flex e-con-boxed e-con e-parent\" data-id=\"79c93f8\" data-element_type=\"container\">\n\t\t\t\t\t<div class=\"e-con-inner\">\n\t\t\t\t<div class=\"elementor-element elementor-element-564e58d elementor-widget elementor-widget-heading\" data-id=\"564e58d\" data-element_type=\"widget\" data-widget_type=\"heading.default\">\n\t\t\t\t<div class=\"elementor-widget-container\">\n\t\t\t\t\t<h2 class=\"elementor-heading-title elementor-size-default\">La fin d'une \u00e9poque<\/h2>\t\t\t\t<\/div>\n\t\t\t\t<\/div>\n\t\t\t\t<div class=\"elementor-element elementor-element-b40728a elementor-widget-divider--view-line elementor-widget elementor-widget-divider\" data-id=\"b40728a\" data-element_type=\"widget\" data-widget_type=\"divider.default\">\n\t\t\t\t<div class=\"elementor-widget-container\">\n\t\t\t\t\t\t\t<div class=\"elementor-divider\">\n\t\t\t<span class=\"elementor-divider-separator\">\n\t\t\t\t\t\t<\/span>\n\t\t<\/div>\n\t\t\t\t\t\t<\/div>\n\t\t\t\t<\/div>\n\t\t\t\t\t<\/div>\n\t\t\t\t<\/div>\n\t\t<div class=\"elementor-element elementor-element-5ce5827 e-flex e-con-boxed e-con e-parent\" data-id=\"5ce5827\" data-element_type=\"container\">\n\t\t\t\t\t<div class=\"e-con-inner\">\n\t\t<div class=\"elementor-element elementor-element-b606149 e-con-full e-flex e-con e-child\" data-id=\"b606149\" data-element_type=\"container\">\n\t\t\t\t<div class=\"elementor-element elementor-element-9dcf38f elementor-widget elementor-widget-text-editor\" data-id=\"9dcf38f\" data-element_type=\"widget\" data-widget_type=\"text-editor.default\">\n\t\t\t\t<div class=\"elementor-widget-container\">\n\t\t\t\t\t\t\t\t\t<h3 class=\"p1\"><strong>Les bouleversements de l\u2019apr\u00e8s-guerre<\/strong><\/h3><p class=\"p1\">La fin de la guerre (1939 \u2013 1945) et la loi de mars 1946 \u00e9rigeant en d\u00e9partement d\u2019outre-mer les anciennes colonies de la Guadeloupe, de la Guyane, de la Martinique et de La R\u00e9union <strong>boulevers\u00e8rent consid\u00e9rablement \u00ab\u00a0l\u2019ordre \u00e9tabli\u00a0\u00bb<\/strong> quasi intangible qui pr\u00e9sidait depuis pr\u00e8s d\u2019un si\u00e8cle \u00e0 la destin\u00e9e des habitants de Bourbon.<\/p><p class=\"p1\">La <strong>quasi-totalit\u00e9<\/strong> des grandes propri\u00e9t\u00e9s \u00ab\u00a0du battant des lames au sommet des montagnes\u00a0\u00bb furent alors d\u00e9membr\u00e9es, le plus souvent acquises par la SAFER et r\u00e9troc\u00e9d\u00e9es, soient aux anciens colons ou \u00e0 de jeunes exploitants agricoles.<\/p><p class=\"p1\">Le domaine des Colima\u00e7ons connus le m\u00eame destin. La grande demeure se vida peu \u00e0 peu, et \u00e0 la mort de son p\u00e8re Georges en 1961, <strong>Marie Th\u00e9r\u00e8se de Chateauvieux resta seule \u00e0 g\u00e9rer la propri\u00e9t\u00e9<\/strong> de 600 ha.<\/p><h3 class=\"p1\"><strong>La vente du domaine<\/strong><\/h3><p class=\"p1\">Vingt ans plus tard, les lourdes charges d\u2019entretien provoqu\u00e8rent l\u2019abandon progressif puis la vente d\u2019une partie grande partie du domaine.<\/p><p class=\"p4\">En 1986, la Maison et les 12ha, 59 ares qui restent du grand domaine agricole <strong>sont mis en vente<\/strong>, et c\u2019est l\u2019intervention d\u2019une R\u00e9unionnaise passionn\u00e9e de flore et d\u2019histoire, <strong>Mme Odette ROCHE<\/strong>, qui va convaincre le Conseil D\u00e9partemental de La R\u00e9union de se porter acqu\u00e9reur pour y installer le <strong>Conservatoire Botanique National de Mascarin<\/strong>, association \u0153uvrant pour la protection de la flore et des habitats naturels, apr\u00e8s d\u2019importants travaux de r\u00e9habilitation.<\/p><p class=\"p5\">\u00a0<\/p>\t\t\t\t\t\t\t\t<\/div>\n\t\t\t\t<\/div>\n\t\t\t\t<\/div>\n\t\t<div class=\"elementor-element elementor-element-7319bb5 e-con-full e-flex e-con e-child\" data-id=\"7319bb5\" data-element_type=\"container\">\n\t\t\t\t<div class=\"elementor-element elementor-element-8aa6474 elementor-widget__width-inherit elementor-widget elementor-widget-image\" data-id=\"8aa6474\" data-element_type=\"widget\" data-widget_type=\"image.default\">\n\t\t\t\t<div class=\"elementor-widget-container\">\n\t\t\t\t\t\t\t\t\t\t\t\t\t\t\t<img decoding=\"async\" width=\"442\" height=\"506\" src=\"https:\/\/lejardinbotanique.roaaar.fr\/wp-content\/uploads\/2025\/06\/histoire-jardin-botanique-reunion.png\" class=\"attachment-full size-full wp-image-1192\" alt=\"\" srcset=\"https:\/\/lejardinbotanique.roaaar.fr\/wp-content\/uploads\/2025\/06\/histoire-jardin-botanique-reunion.png 442w, https:\/\/lejardinbotanique.roaaar.fr\/wp-content\/uploads\/2025\/06\/histoire-jardin-botanique-reunion-262x300.png 262w, https:\/\/lejardinbotanique.roaaar.fr\/wp-content\/uploads\/2025\/06\/histoire-jardin-botanique-reunion-10x12.png 10w\" sizes=\"(max-width: 442px) 100vw, 442px\" \/>\t\t\t\t\t\t\t\t\t\t\t\t\t\t\t<\/div>\n\t\t\t\t<\/div>\n\t\t\t\t<\/div>\n\t\t\t\t\t<\/div>\n\t\t\t\t<\/div>\n\t\t<div class=\"elementor-element elementor-element-3cf44e4 e-flex e-con-boxed e-con e-parent\" data-id=\"3cf44e4\" data-element_type=\"container\">\n\t\t\t\t\t<div class=\"e-con-inner\">\n\t\t\t\t<div class=\"elementor-element elementor-element-e0ee260 elementor-widget elementor-widget-image\" data-id=\"e0ee260\" data-element_type=\"widget\" data-widget_type=\"image.default\">\n\t\t\t\t<div class=\"elementor-widget-container\">\n\t\t\t\t\t\t\t\t\t\t\t\t\t\t\t<img decoding=\"async\" width=\"152\" height=\"25\" src=\"https:\/\/lejardinbotanique.roaaar.fr\/wp-content\/uploads\/2025\/06\/encadre.svg\" class=\"attachment-medium size-medium wp-image-1302\" alt=\"\" \/>\t\t\t\t\t\t\t\t\t\t\t\t\t\t\t<\/div>\n\t\t\t\t<\/div>\n\t\t\t\t<div class=\"elementor-element elementor-element-737200f elementor-widget elementor-widget-heading\" data-id=\"737200f\" data-element_type=\"widget\" data-widget_type=\"heading.default\">\n\t\t\t\t<div class=\"elementor-widget-container\">\n\t\t\t\t\t<h2 class=\"elementor-heading-title elementor-size-default\">LA RENAISSANCE DU DOMAINE : <br \/>\nMASCARIN JARDIN BOTANIQUE <br \/>\nDE LA R\u00c9UNION<\/h2>\t\t\t\t<\/div>\n\t\t\t\t<\/div>\n\t\t\t\t<div class=\"elementor-element elementor-element-49de383 elementor-widget elementor-widget-image\" data-id=\"49de383\" data-element_type=\"widget\" data-widget_type=\"image.default\">\n\t\t\t\t<div class=\"elementor-widget-container\">\n\t\t\t\t\t\t\t\t\t\t\t\t\t\t\t<img loading=\"lazy\" decoding=\"async\" width=\"152\" height=\"25\" src=\"https:\/\/lejardinbotanique.roaaar.fr\/wp-content\/uploads\/2025\/06\/encadre-bas.svg\" class=\"attachment-medium size-medium wp-image-1303\" alt=\"\" \/>\t\t\t\t\t\t\t\t\t\t\t\t\t\t\t<\/div>\n\t\t\t\t<\/div>\n\t\t\t\t<div class=\"elementor-element elementor-element-8321aeb elementor-widget elementor-widget-text-editor\" data-id=\"8321aeb\" data-element_type=\"widget\" data-widget_type=\"text-editor.default\">\n\t\t\t\t<div class=\"elementor-widget-container\">\n\t\t\t\t\t\t\t\t\t<h3><strong>Le Conservatoire Botanique<\/strong><\/h3><p class=\"p5\">En 2014, le D\u00e9partement de La R\u00e9union a souhait\u00e9 reprendre la gestion des services d\u2019accueil des publics. Ainsi est n\u00e9 <strong>Mascarin, jardin botanique de La R\u00e9union<\/strong> (Mascarin-JBR), devenant un service du <strong>D\u00e9partement de La R\u00e9union<\/strong>, rattach\u00e9 \u00e0 la Direction de l\u2019Agriculture de l\u2019Eau et de l\u2019Environnement.<\/p>\t\t\t\t\t\t\t\t<\/div>\n\t\t\t\t<\/div>\n\t\t\t\t\t<\/div>\n\t\t\t\t<\/div>\n\t\t<div class=\"elementor-element elementor-element-60be8a4b e-con-full e-flex e-con e-parent\" data-id=\"60be8a4b\" data-element_type=\"container\" data-settings=\"{&quot;background_background&quot;:&quot;classic&quot;}\">\n\t\t<div class=\"elementor-element elementor-element-37dfef37 e-con-full e-flex e-con e-child\" data-id=\"37dfef37\" data-element_type=\"container\" data-settings=\"{&quot;background_background&quot;:&quot;classic&quot;}\">\n\t\t<div class=\"elementor-element elementor-element-62dcecd2 e-con-full e-flex e-con e-child\" data-id=\"62dcecd2\" data-element_type=\"container\" data-settings=\"{&quot;background_background&quot;:&quot;classic&quot;}\">\n\t\t\t\t<div class=\"elementor-element elementor-element-3d52498e elementor-hidden-tablet elementor-hidden-mobile elementor-widget elementor-widget-image\" data-id=\"3d52498e\" data-element_type=\"widget\" data-widget_type=\"image.default\">\n\t\t\t\t<div class=\"elementor-widget-container\">\n\t\t\t\t\t\t\t\t\t\t\t\t\t\t\t<img loading=\"lazy\" decoding=\"async\" width=\"920\" height=\"556\" src=\"https:\/\/lejardinbotanique.roaaar.fr\/wp-content\/uploads\/2025\/06\/Frame-1.png\" class=\"attachment-full size-full wp-image-1212\" alt=\"\" srcset=\"https:\/\/lejardinbotanique.roaaar.fr\/wp-content\/uploads\/2025\/06\/Frame-1.png 920w, https:\/\/lejardinbotanique.roaaar.fr\/wp-content\/uploads\/2025\/06\/Frame-1-300x181.png 300w, https:\/\/lejardinbotanique.roaaar.fr\/wp-content\/uploads\/2025\/06\/Frame-1-768x464.png 768w, https:\/\/lejardinbotanique.roaaar.fr\/wp-content\/uploads\/2025\/06\/Frame-1-18x12.png 18w\" sizes=\"(max-width: 920px) 100vw, 920px\" \/>\t\t\t\t\t\t\t\t\t\t\t\t\t\t\t<\/div>\n\t\t\t\t<\/div>\n\t\t\t\t<\/div>\n\t\t<div class=\"elementor-element elementor-element-1b64bb3e e-con-full e-flex e-con e-child\" data-id=\"1b64bb3e\" data-element_type=\"container\">\n\t\t\t\t<div class=\"elementor-element elementor-element-38d8ff3 elementor-widget elementor-widget-heading\" data-id=\"38d8ff3\" data-element_type=\"widget\" data-widget_type=\"heading.default\">\n\t\t\t\t<div class=\"elementor-widget-container\">\n\t\t\t\t\t<h2 class=\"elementor-heading-title elementor-size-default\">Aujourd'hui<\/h2>\t\t\t\t<\/div>\n\t\t\t\t<\/div>\n\t\t\t\t<div class=\"elementor-element elementor-element-8480a41 elementor-widget-divider--view-line elementor-widget elementor-widget-divider\" data-id=\"8480a41\" data-element_type=\"widget\" data-widget_type=\"divider.default\">\n\t\t\t\t<div class=\"elementor-widget-container\">\n\t\t\t\t\t\t\t<div class=\"elementor-divider\">\n\t\t\t<span class=\"elementor-divider-separator\">\n\t\t\t\t\t\t<\/span>\n\t\t<\/div>\n\t\t\t\t\t\t<\/div>\n\t\t\t\t<\/div>\n\t\t\t\t<div class=\"elementor-element elementor-element-276a515 elementor-widget elementor-widget-text-editor\" data-id=\"276a515\" data-element_type=\"widget\" data-widget_type=\"text-editor.default\">\n\t\t\t\t<div class=\"elementor-widget-container\">\n\t\t\t\t\t\t\t\t\t<p class=\"p1\"><span class=\"Apple-converted-space\">\u00a0<\/span>Aujourd\u2019hui ses \u00e9quipes sont <strong>pluridisciplinaires<\/strong>, offrant notamment<span class=\"Apple-converted-space\">\u00a0 <\/span>des comp\u00e9tences dans les domaines de la gestion et l\u2019<strong>entretien des espaces cultiv\u00e9s<\/strong>, des collections et de b\u00e2timents, une <strong>expertise<\/strong> en accueil des publics,<span class=\"Apple-converted-space\">\u00a0 <\/span>\u00e9ducation, formation et gestion de projets.<span class=\"Apple-converted-space\">\u00a0<\/span><\/p>\t\t\t\t\t\t\t\t<\/div>\n\t\t\t\t<\/div>\n\t\t\t\t<\/div>\n\t\t\t\t<\/div>\n\t\t\t\t<\/div>\n\t\t\t\t<\/div>","protected":false},"excerpt":{"rendered":"<p>Un lieu charg\u00e9 d&rsquo;histoire LE DOMAINE DES COLIMA\u00c7ONS : UN PATRIMOINE FAMILIAL Une maison historique Situ\u00e9e \u00e0 moins de 10 km de Saint-Leu, le domaine des Colima\u00e7ons a appartenu pendant plus de trois g\u00e9n\u00e9rations \u00e0 la famille de Chateauvieux.\u00a0 Construite en 1794, \u00e0 l\u2019annonce de la guerre contre l\u2019Angleterre, la maison \u00e9tait r\u00e9duite aux deux [&hellip;]<\/p>","protected":false},"author":1,"featured_media":0,"parent":0,"menu_order":0,"comment_status":"closed","ping_status":"closed","template":"","meta":{"pgc_sgb_lightbox_settings":"","footnotes":""},"categories":[],"class_list":["post-393","page","type-page","status-publish","hentry"],"_links":{"self":[{"href":"https:\/\/lejardinbotanique.roaaar.fr\/en\/wp-json\/wp\/v2\/pages\/393","targetHints":{"allow":["GET"]}}],"collection":[{"href":"https:\/\/lejardinbotanique.roaaar.fr\/en\/wp-json\/wp\/v2\/pages"}],"about":[{"href":"https:\/\/lejardinbotanique.roaaar.fr\/en\/wp-json\/wp\/v2\/types\/page"}],"author":[{"embeddable":true,"href":"https:\/\/lejardinbotanique.roaaar.fr\/en\/wp-json\/wp\/v2\/users\/1"}],"replies":[{"embeddable":true,"href":"https:\/\/lejardinbotanique.roaaar.fr\/en\/wp-json\/wp\/v2\/comments?post=393"}],"version-history":[{"count":0,"href":"https:\/\/lejardinbotanique.roaaar.fr\/en\/wp-json\/wp\/v2\/pages\/393\/revisions"}],"wp:attachment":[{"href":"https:\/\/lejardinbotanique.roaaar.fr\/en\/wp-json\/wp\/v2\/media?parent=393"}],"wp:term":[{"taxonomy":"category","embeddable":true,"href":"https:\/\/lejardinbotanique.roaaar.fr\/en\/wp-json\/wp\/v2\/categories?post=393"}],"curies":[{"name":"wp","href":"https:\/\/api.w.org\/{rel}","templated":true}]}}