{"id":399,"date":"2025-03-14T09:40:20","date_gmt":"2025-03-14T08:40:20","guid":{"rendered":"http:\/\/lejardinbotanique.test\/?page_id=399"},"modified":"2025-09-03T18:19:35","modified_gmt":"2025-09-03T16:19:35","slug":"plantes-lontan","status":"publish","type":"page","link":"https:\/\/lejardinbotanique.roaaar.fr\/en\/nos-collections\/plantes-lontan\/","title":{"rendered":"Plantes lontan"},"content":{"rendered":"<div class=\"wp-block-columns is-layout-flex wp-container-core-columns-is-layout-6127943d wp-block-columns-is-layout-flex\">\n<div class=\"wp-block-column is-layout-flow wp-block-column-is-layout-flow\" style=\"flex-basis:50%\"><div class=\"pgc-sgb-cb wp-block-pgcsimplygalleryblock-slider\" data-gallery-id=\"a1500389\"style=\"&quot;min-height:400px&quot;\"><div class=\"sgb-preloader\" id=\"pr_a1500389\">\n\t<div class=\"sgb-square\" style=\"background:#d4d4d4\"><\/div>\n\t<div class=\"sgb-square\" style=\"background:#d4d4d4\"><\/div>\n\t<div class=\"sgb-square\" style=\"background:#d4d4d4\"><\/div>\n\t<div class=\"sgb-square\" style=\"background:#d4d4d4\"><\/div><\/div><div class=\"simply-gallery-amp pgc_sgb_slider\"><noscript><div class=\"sgb-gallery\"><div class=\"sgb-item\"><a href=\"http:\/\/lejardinbotanique.roaaar.fr\/en\/nos-collections\/presentation-generale\/plante-lontan\/\" target=\"_blank\"><img loading=\"lazy\" decoding=\"async\" alt=\"\" width=\"300\" height=\"226\" src=\"http:\/\/lejardinbotanique.roaaar.fr\/wp-content\/uploads\/2025\/09\/plante-lontan-300x226.jpg\" srcset=\"http:\/\/lejardinbotanique.roaaar.fr\/wp-content\/uploads\/2025\/09\/plante-lontan-300x226.jpg 300w,http:\/\/lejardinbotanique.roaaar.fr\/wp-content\/uploads\/2025\/09\/plante-lontan.jpg 456w\" sizes=\"auto, 250px\"\/><\/a><\/div><\/div><\/noscript><\/div><script type=\"application\/json\" class=\"sgb-data\">{\"externalLink\":false,\"captions\":false,\"collectionThumbSubMenuDownload\":false,\"collectionThumbSubMenuShare\":false,\"sliderAdminWidth\":380,\"responsiveHeight\":true,\"collectionColumns\":1,\"sliderThumbsNavi\":false,\"galleryType\":\"pgc_sgb_slider\",\"galleryId\":\"a1500389\",\"images\":[{\"id\":1737,\"title\":\"plante lontan\",\"url\":\"http:\/\/lejardinbotanique.roaaar.fr\/wp-content\/uploads\/2025\/09\/plante-lontan.jpg\",\"link\":\"http:\/\/lejardinbotanique.roaaar.fr\/nos-collections\/presentation-generale\/plante-lontan\/\",\"alt\":\"\",\"description\":\"\",\"caption\":\"\",\"mime\":\"image\/jpeg\",\"type\":\"image\",\"width\":456,\"height\":343,\"sizes\":{\"thumbnail\":{\"height\":150,\"width\":150,\"url\":\"http:\/\/lejardinbotanique.roaaar.fr\/wp-content\/uploads\/2025\/09\/plante-lontan-150x150.jpg\",\"orientation\":\"landscape\"},\"medium\":{\"height\":226,\"width\":300,\"url\":\"http:\/\/lejardinbotanique.roaaar.fr\/wp-content\/uploads\/2025\/09\/plante-lontan-300x226.jpg\",\"orientation\":\"landscape\"},\"full\":{\"url\":\"http:\/\/lejardinbotanique.roaaar.fr\/wp-content\/uploads\/2025\/09\/plante-lontan.jpg\",\"height\":343,\"width\":456,\"orientation\":\"landscape\"}},\"imageMeta\":{\"aperture\":\"0\",\"credit\":\"\",\"camera\":\"\",\"caption\":\"\",\"created_timestamp\":\"0\",\"copyright\":\"\",\"focal_length\":\"0\",\"iso\":\"0\",\"shutter_speed\":\"0\",\"title\":\"\",\"orientation\":\"0\",\"keywords\":[]},\"meta\":false,\"postlink\":\"http:\/\/lejardinbotanique.roaaar.fr\/nos-collections\/presentation-generale\/plante-lontan\/\"}],\"contentNoPadding\":true,\"customCSS\":\"selector {\\n\\tz-index: 11;\\n}\",\"sliderItemCounterEnable\":false,\"sliderItemTitleEnable\":false,\"sliderSlideshow\":false,\"sliderSocialShareEnabled\":false,\"sliderZoomEnable\":false,\"sliderFullscreenEnabled\":false,\"TrpContentRestriction\":{\"restriction_type\":\"exclude\",\"selected_languages\":[],\"panel_open\":false},\"itemsMetaDataCollection\":[]}<\/script><script>(function(){if(window.PGC_SGB && window.PGC_SGB.searcher){window.PGC_SGB.searcher.initBlocks()}})()<\/script><\/div><\/div>\n\n\n\n<div class=\"wp-block-column is-layout-flow wp-block-column-is-layout-flow\" style=\"flex-basis:50%\">\n<p><em>Le long du sentier, plongez-vous dans l\u2019histoire de l\u2019introduction des plantes qui ont marqu\u00e9 l\u2019environnement naturel et social de La R\u00e9union, du 17e au d\u00e9but du 20e si\u00e8cle.<\/em><\/p>\n\n\n\n<p>La collection \u00ab&nbsp;<strong>Plantes lontan&nbsp;<\/strong>\u00bb apporte des \u00e9l\u00e9ments de r\u00e9ponses \u00e0 l\u2019\u00e9volution du paysage naturel originel. Elle retrace le long d\u2019un parcours chronologique, jalonn\u00e9e par les principales plantes introduites, les grandes \u00e9tapes de l\u2019occupation des terres et de la d\u00e9forestation.<\/p>\n\n\n\n<p>On retrouvera ainsi l\u2019introduction du caf\u00e9, puis des \u00e9pices et des arbres fruitiers, auxquels succ\u00e8dent la canne \u00e0 sucre et le g\u00e9ranium. Autant de causes du recul de la for\u00eat originelle.<\/p>\n<\/div>\n<\/div>","protected":false},"excerpt":{"rendered":"<p>Le long du sentier, plongez-vous dans l\u2019histoire de l\u2019introduction des plantes qui ont marqu\u00e9 l\u2019environnement naturel et social de La R\u00e9union, du 17e au d\u00e9but du 20e si\u00e8cle. La collection \u00ab&nbsp;Plantes lontan&nbsp;\u00bb apporte des \u00e9l\u00e9ments de r\u00e9ponses \u00e0 l\u2019\u00e9volution du paysage naturel originel. Elle retrace le long d\u2019un parcours chronologique, jalonn\u00e9e par les principales plantes [&hellip;]<\/p>","protected":false},"author":1,"featured_media":668,"parent":395,"menu_order":0,"comment_status":"closed","ping_status":"closed","template":"","meta":{"pgc_sgb_lightbox_settings":"","footnotes":""},"categories":[10],"class_list":["post-399","page","type-page","status-publish","has-post-thumbnail","hentry","category-collection"],"_links":{"self":[{"href":"https:\/\/lejardinbotanique.roaaar.fr\/en\/wp-json\/wp\/v2\/pages\/399","targetHints":{"allow":["GET"]}}],"collection":[{"href":"https:\/\/lejardinbotanique.roaaar.fr\/en\/wp-json\/wp\/v2\/pages"}],"about":[{"href":"https:\/\/lejardinbotanique.roaaar.fr\/en\/wp-json\/wp\/v2\/types\/page"}],"author":[{"embeddable":true,"href":"https:\/\/lejardinbotanique.roaaar.fr\/en\/wp-json\/wp\/v2\/users\/1"}],"replies":[{"embeddable":true,"href":"https:\/\/lejardinbotanique.roaaar.fr\/en\/wp-json\/wp\/v2\/comments?post=399"}],"version-history":[{"count":0,"href":"https:\/\/lejardinbotanique.roaaar.fr\/en\/wp-json\/wp\/v2\/pages\/399\/revisions"}],"up":[{"embeddable":true,"href":"https:\/\/lejardinbotanique.roaaar.fr\/en\/wp-json\/wp\/v2\/pages\/395"}],"wp:featuredmedia":[{"embeddable":true,"href":"https:\/\/lejardinbotanique.roaaar.fr\/en\/wp-json\/wp\/v2\/media\/668"}],"wp:attachment":[{"href":"https:\/\/lejardinbotanique.roaaar.fr\/en\/wp-json\/wp\/v2\/media?parent=399"}],"wp:term":[{"taxonomy":"category","embeddable":true,"href":"https:\/\/lejardinbotanique.roaaar.fr\/en\/wp-json\/wp\/v2\/categories?post=399"}],"curies":[{"name":"wp","href":"https:\/\/api.w.org\/{rel}","templated":true}]}}