{"id":401,"date":"2025-03-14T09:43:12","date_gmt":"2025-03-14T08:43:12","guid":{"rendered":"http:\/\/lejardinbotanique.test\/?page_id=401"},"modified":"2025-09-03T18:33:03","modified_gmt":"2025-09-03T16:33:03","slug":"le-verger","status":"publish","type":"page","link":"https:\/\/lejardinbotanique.roaaar.fr\/en\/nos-collections\/le-verger\/","title":{"rendered":"Le verger"},"content":{"rendered":"<div class=\"wp-block-columns is-layout-flex wp-container-core-columns-is-layout-6127943d wp-block-columns-is-layout-flex\">\n<div class=\"wp-block-column is-layout-flow wp-block-column-is-layout-flow\" style=\"flex-basis:50%\"><div class=\"pgc-sgb-cb wp-block-pgcsimplygalleryblock-slider\" data-gallery-id=\"a1500389\"style=\"&quot;min-height:400px&quot;\"><div class=\"sgb-preloader\" id=\"pr_a1500389\">\n\t<div class=\"sgb-square\" style=\"background:#d4d4d4\"><\/div>\n\t<div class=\"sgb-square\" style=\"background:#d4d4d4\"><\/div>\n\t<div class=\"sgb-square\" style=\"background:#d4d4d4\"><\/div>\n\t<div class=\"sgb-square\" style=\"background:#d4d4d4\"><\/div><\/div><div class=\"simply-gallery-amp pgc_sgb_slider\"><noscript><div class=\"sgb-gallery\"><div class=\"sgb-item\"><a href=\"http:\/\/lejardinbotanique.roaaar.fr\/en\/nos-collections\/presentation-generale\/verger-creole\/\" target=\"_blank\"><img loading=\"lazy\" decoding=\"async\" alt=\"\" width=\"300\" height=\"226\" src=\"http:\/\/lejardinbotanique.roaaar.fr\/wp-content\/uploads\/2025\/09\/Verger-Creole-300x226.jpg\" srcset=\"http:\/\/lejardinbotanique.roaaar.fr\/wp-content\/uploads\/2025\/09\/Verger-Creole-300x226.jpg 300w,http:\/\/lejardinbotanique.roaaar.fr\/wp-content\/uploads\/2025\/09\/Verger-Creole.jpg 456w\" sizes=\"auto, 250px\"\/><\/a><\/div><\/div><\/noscript><\/div><script type=\"application\/json\" class=\"sgb-data\">{\"externalLink\":false,\"captions\":false,\"collectionThumbSubMenuDownload\":false,\"collectionThumbSubMenuShare\":false,\"sliderAdminWidth\":388,\"responsiveHeight\":true,\"collectionColumns\":1,\"sliderThumbsNavi\":false,\"galleryType\":\"pgc_sgb_slider\",\"galleryId\":\"a1500389\",\"images\":[{\"id\":1738,\"title\":\"Verger Cre\u0301ole\",\"url\":\"http:\/\/lejardinbotanique.roaaar.fr\/wp-content\/uploads\/2025\/09\/Verger-Creole.jpg\",\"link\":\"http:\/\/lejardinbotanique.roaaar.fr\/nos-collections\/presentation-generale\/verger-creole\/\",\"alt\":\"\",\"description\":\"\",\"caption\":\"\",\"mime\":\"image\/jpeg\",\"type\":\"image\",\"width\":456,\"height\":343,\"sizes\":{\"thumbnail\":{\"height\":150,\"width\":150,\"url\":\"http:\/\/lejardinbotanique.roaaar.fr\/wp-content\/uploads\/2025\/09\/Verger-Creole-150x150.jpg\",\"orientation\":\"landscape\"},\"medium\":{\"height\":226,\"width\":300,\"url\":\"http:\/\/lejardinbotanique.roaaar.fr\/wp-content\/uploads\/2025\/09\/Verger-Creole-300x226.jpg\",\"orientation\":\"landscape\"},\"full\":{\"url\":\"http:\/\/lejardinbotanique.roaaar.fr\/wp-content\/uploads\/2025\/09\/Verger-Creole.jpg\",\"height\":343,\"width\":456,\"orientation\":\"landscape\"}},\"imageMeta\":{\"aperture\":\"0\",\"credit\":\"\",\"camera\":\"\",\"caption\":\"\",\"created_timestamp\":\"0\",\"copyright\":\"\",\"focal_length\":\"0\",\"iso\":\"0\",\"shutter_speed\":\"0\",\"title\":\"\",\"orientation\":\"0\",\"keywords\":[]},\"meta\":false,\"postlink\":\"http:\/\/lejardinbotanique.roaaar.fr\/nos-collections\/presentation-generale\/verger-creole\/\"}],\"contentNoPadding\":true,\"customCSS\":\"selector {\\n\\tz-index: 11;\\n}\",\"sliderItemCounterEnable\":false,\"sliderItemTitleEnable\":false,\"sliderSlideshow\":false,\"sliderSocialShareEnabled\":false,\"sliderZoomEnable\":false,\"sliderFullscreenEnabled\":false,\"TrpContentRestriction\":{\"restriction_type\":\"exclude\",\"selected_languages\":[],\"panel_open\":false},\"itemsMetaDataCollection\":[]}<\/script><script>(function(){if(window.PGC_SGB && window.PGC_SGB.searcher){window.PGC_SGB.searcher.initBlocks()}})()<\/script><\/div><\/div>\n\n\n\n<div class=\"wp-block-column is-layout-flow wp-block-column-is-layout-flow\" style=\"flex-basis:50%\">\n<p><em>Parmi les plantes introduites, nous retrouvons des arbres fruitiers aujourd\u2019hui oubli\u00e9s et des esp\u00e8ces actuellement valoris\u00e9es.<\/em><\/p>\n\n\n\n<p>En pr\u00e9sentant plus de 50 esp\u00e8ces cultiv\u00e9es \u00e0 La R\u00e9union, la collection \u00ab&nbsp;<strong>Verger&nbsp;<\/strong>\u00bb permet de se rendre compte que ces esp\u00e8ces ont toutes \u00e9t\u00e9 introduites sur l\u2019\u00eele \u00e0 des diverses p\u00e9riodes, la flore indig\u00e8ne ne pr\u00e9sentant que 3 esp\u00e8ces donnant des fruits relativement comestibles. <\/p>\n\n\n\n<p>La pr\u00e9sentation d\u2019esp\u00e8ces telles que le goyavier permet en outre de sensibiliser les visiteurs aux risques que peuvent repr\u00e9senter certaines introductions.&nbsp;<\/p>\n<\/div>\n<\/div>","protected":false},"excerpt":{"rendered":"<p>Parmi les plantes introduites, nous retrouvons des arbres fruitiers aujourd\u2019hui oubli\u00e9s et des esp\u00e8ces actuellement valoris\u00e9es. En pr\u00e9sentant plus de 50 esp\u00e8ces cultiv\u00e9es \u00e0 La R\u00e9union, la collection \u00ab&nbsp;Verger&nbsp;\u00bb permet de se rendre compte que ces esp\u00e8ces ont toutes \u00e9t\u00e9 introduites sur l\u2019\u00eele \u00e0 des diverses p\u00e9riodes, la flore indig\u00e8ne ne pr\u00e9sentant que 3 esp\u00e8ces [&hellip;]<\/p>","protected":false},"author":1,"featured_media":671,"parent":395,"menu_order":0,"comment_status":"closed","ping_status":"closed","template":"","meta":{"pgc_sgb_lightbox_settings":"","footnotes":""},"categories":[10],"class_list":["post-401","page","type-page","status-publish","has-post-thumbnail","hentry","category-collection"],"_links":{"self":[{"href":"https:\/\/lejardinbotanique.roaaar.fr\/en\/wp-json\/wp\/v2\/pages\/401","targetHints":{"allow":["GET"]}}],"collection":[{"href":"https:\/\/lejardinbotanique.roaaar.fr\/en\/wp-json\/wp\/v2\/pages"}],"about":[{"href":"https:\/\/lejardinbotanique.roaaar.fr\/en\/wp-json\/wp\/v2\/types\/page"}],"author":[{"embeddable":true,"href":"https:\/\/lejardinbotanique.roaaar.fr\/en\/wp-json\/wp\/v2\/users\/1"}],"replies":[{"embeddable":true,"href":"https:\/\/lejardinbotanique.roaaar.fr\/en\/wp-json\/wp\/v2\/comments?post=401"}],"version-history":[{"count":0,"href":"https:\/\/lejardinbotanique.roaaar.fr\/en\/wp-json\/wp\/v2\/pages\/401\/revisions"}],"up":[{"embeddable":true,"href":"https:\/\/lejardinbotanique.roaaar.fr\/en\/wp-json\/wp\/v2\/pages\/395"}],"wp:featuredmedia":[{"embeddable":true,"href":"https:\/\/lejardinbotanique.roaaar.fr\/en\/wp-json\/wp\/v2\/media\/671"}],"wp:attachment":[{"href":"https:\/\/lejardinbotanique.roaaar.fr\/en\/wp-json\/wp\/v2\/media?parent=401"}],"wp:term":[{"taxonomy":"category","embeddable":true,"href":"https:\/\/lejardinbotanique.roaaar.fr\/en\/wp-json\/wp\/v2\/categories?post=401"}],"curies":[{"name":"wp","href":"https:\/\/api.w.org\/{rel}","templated":true}]}}