{"id":408,"date":"2025-03-14T09:45:09","date_gmt":"2025-03-14T08:45:09","guid":{"rendered":"http:\/\/lejardinbotanique.test\/?page_id=408"},"modified":"2025-09-03T18:27:28","modified_gmt":"2025-09-03T16:27:28","slug":"les-palmiers","status":"publish","type":"page","link":"https:\/\/lejardinbotanique.roaaar.fr\/en\/nos-collections\/les-palmiers\/","title":{"rendered":"Les palmiers"},"content":{"rendered":"<div class=\"wp-block-columns is-layout-flex wp-container-core-columns-is-layout-6127943d wp-block-columns-is-layout-flex\">\n<div class=\"wp-block-column is-layout-flow wp-block-column-is-layout-flow\" style=\"flex-basis:50%\"><div class=\"pgc-sgb-cb wp-block-pgcsimplygalleryblock-slider\" data-gallery-id=\"a1500389\"style=\"&quot;min-height:400px&quot;\"><div class=\"sgb-preloader\" id=\"pr_a1500389\">\n\t<div class=\"sgb-square\" style=\"background:#d4d4d4\"><\/div>\n\t<div class=\"sgb-square\" style=\"background:#d4d4d4\"><\/div>\n\t<div class=\"sgb-square\" style=\"background:#d4d4d4\"><\/div>\n\t<div class=\"sgb-square\" style=\"background:#d4d4d4\"><\/div><\/div><div class=\"simply-gallery-amp pgc_sgb_slider\"><noscript><div class=\"sgb-gallery\"><div class=\"sgb-item\"><a href=\"http:\/\/lejardinbotanique.roaaar.fr\/en\/nos-collections\/presentation-generale\/palmier\/\" target=\"_blank\"><img loading=\"lazy\" decoding=\"async\" alt=\"\" width=\"300\" height=\"226\" src=\"http:\/\/lejardinbotanique.roaaar.fr\/wp-content\/uploads\/2025\/09\/Palmier-300x226.jpg\" srcset=\"http:\/\/lejardinbotanique.roaaar.fr\/wp-content\/uploads\/2025\/09\/Palmier-300x226.jpg 300w,http:\/\/lejardinbotanique.roaaar.fr\/wp-content\/uploads\/2025\/09\/Palmier.jpg 456w\" sizes=\"auto, 250px\"\/><\/a><\/div><\/div><\/noscript><\/div><script type=\"application\/json\" class=\"sgb-data\">{\"externalLink\":false,\"captions\":false,\"collectionThumbSubMenuDownload\":false,\"collectionThumbSubMenuShare\":false,\"sliderAdminWidth\":380,\"responsiveHeight\":true,\"collectionColumns\":1,\"sliderThumbsNavi\":false,\"galleryType\":\"pgc_sgb_slider\",\"galleryId\":\"a1500389\",\"images\":[{\"id\":1741,\"title\":\"Palmier\",\"url\":\"http:\/\/lejardinbotanique.roaaar.fr\/wp-content\/uploads\/2025\/09\/Palmier.jpg\",\"link\":\"http:\/\/lejardinbotanique.roaaar.fr\/nos-collections\/presentation-generale\/palmier\/\",\"alt\":\"\",\"description\":\"\",\"caption\":\"\",\"mime\":\"image\/jpeg\",\"type\":\"image\",\"width\":456,\"height\":343,\"sizes\":{\"thumbnail\":{\"height\":150,\"width\":150,\"url\":\"http:\/\/lejardinbotanique.roaaar.fr\/wp-content\/uploads\/2025\/09\/Palmier-150x150.jpg\",\"orientation\":\"landscape\"},\"medium\":{\"height\":226,\"width\":300,\"url\":\"http:\/\/lejardinbotanique.roaaar.fr\/wp-content\/uploads\/2025\/09\/Palmier-300x226.jpg\",\"orientation\":\"landscape\"},\"full\":{\"url\":\"http:\/\/lejardinbotanique.roaaar.fr\/wp-content\/uploads\/2025\/09\/Palmier.jpg\",\"height\":343,\"width\":456,\"orientation\":\"landscape\"}},\"imageMeta\":{\"aperture\":\"0\",\"credit\":\"\",\"camera\":\"\",\"caption\":\"\",\"created_timestamp\":\"0\",\"copyright\":\"\",\"focal_length\":\"0\",\"iso\":\"0\",\"shutter_speed\":\"0\",\"title\":\"\",\"orientation\":\"0\",\"keywords\":[]},\"meta\":false,\"postlink\":\"http:\/\/lejardinbotanique.roaaar.fr\/nos-collections\/presentation-generale\/palmier\/\"}],\"contentNoPadding\":true,\"customCSS\":\"selector {\\n\\tz-index: 11;\\n}\",\"sliderItemCounterEnable\":false,\"sliderItemTitleEnable\":false,\"sliderSlideshow\":false,\"sliderSocialShareEnabled\":false,\"sliderZoomEnable\":false,\"sliderFullscreenEnabled\":false,\"TrpContentRestriction\":{\"restriction_type\":\"exclude\",\"selected_languages\":[],\"panel_open\":false},\"itemsMetaDataCollection\":[]}<\/script><script>(function(){if(window.PGC_SGB && window.PGC_SGB.searcher){window.PGC_SGB.searcher.initBlocks()}})()<\/script><\/div><\/div>\n\n\n\n<div class=\"wp-block-column is-layout-flow wp-block-column-is-layout-flow\" style=\"flex-basis:50%\">\n<p>Connaissez-vous les mille et un usages de ces remarquables plantes connues depuis les temps anciens? Cette collection vous invite \u00e0 les d\u00e9couvrir.<\/p>\n\n\n\n<p>Enfin, la collection \u00ab\u00a0<strong>Palmiers<\/strong>\u00a0\u00bb, permet de d\u00e9couvrir les palmiers end\u00e9miques de l\u2019\u00eele (dont 2 esp\u00e8ces sont encore braconn\u00e9es pour leur int\u00e9r\u00eat gastronomique). Elle offre aussi la d\u00e9couverte de nombreuses esp\u00e8ces originaires de diverses contr\u00e9es. <\/p>\n\n\n\n<p>Au travers de cette collection, l\u2019accent est mis sur la connaissance et l\u2019utilisation diversifi\u00e9e que l\u2019homme peut faire d\u2019un m\u00eame v\u00e9g\u00e9tal et pose la question de l\u2019exploitation de telles ressources.<\/p>\n<\/div>\n<\/div>\n\n\n\n<p><\/p>","protected":false},"excerpt":{"rendered":"<p>Connaissez-vous les mille et un usages de ces remarquables plantes connues depuis les temps anciens? Cette collection vous invite \u00e0 les d\u00e9couvrir. Enfin, la collection \u00ab\u00a0Palmiers\u00a0\u00bb, permet de d\u00e9couvrir les palmiers end\u00e9miques de l\u2019\u00eele (dont 2 esp\u00e8ces sont encore braconn\u00e9es pour leur int\u00e9r\u00eat gastronomique). Elle offre aussi la d\u00e9couverte de nombreuses esp\u00e8ces originaires de diverses [&hellip;]<\/p>","protected":false},"author":1,"featured_media":667,"parent":395,"menu_order":0,"comment_status":"closed","ping_status":"closed","template":"","meta":{"pgc_sgb_lightbox_settings":"","footnotes":""},"categories":[10],"class_list":["post-408","page","type-page","status-publish","has-post-thumbnail","hentry","category-collection"],"_links":{"self":[{"href":"https:\/\/lejardinbotanique.roaaar.fr\/en\/wp-json\/wp\/v2\/pages\/408","targetHints":{"allow":["GET"]}}],"collection":[{"href":"https:\/\/lejardinbotanique.roaaar.fr\/en\/wp-json\/wp\/v2\/pages"}],"about":[{"href":"https:\/\/lejardinbotanique.roaaar.fr\/en\/wp-json\/wp\/v2\/types\/page"}],"author":[{"embeddable":true,"href":"https:\/\/lejardinbotanique.roaaar.fr\/en\/wp-json\/wp\/v2\/users\/1"}],"replies":[{"embeddable":true,"href":"https:\/\/lejardinbotanique.roaaar.fr\/en\/wp-json\/wp\/v2\/comments?post=408"}],"version-history":[{"count":0,"href":"https:\/\/lejardinbotanique.roaaar.fr\/en\/wp-json\/wp\/v2\/pages\/408\/revisions"}],"up":[{"embeddable":true,"href":"https:\/\/lejardinbotanique.roaaar.fr\/en\/wp-json\/wp\/v2\/pages\/395"}],"wp:featuredmedia":[{"embeddable":true,"href":"https:\/\/lejardinbotanique.roaaar.fr\/en\/wp-json\/wp\/v2\/media\/667"}],"wp:attachment":[{"href":"https:\/\/lejardinbotanique.roaaar.fr\/en\/wp-json\/wp\/v2\/media?parent=408"}],"wp:term":[{"taxonomy":"category","embeddable":true,"href":"https:\/\/lejardinbotanique.roaaar.fr\/en\/wp-json\/wp\/v2\/categories?post=408"}],"curies":[{"name":"wp","href":"https:\/\/api.w.org\/{rel}","templated":true}]}}