{"id":410,"date":"2025-03-14T09:45:28","date_gmt":"2025-03-14T08:45:28","guid":{"rendered":"http:\/\/lejardinbotanique.test\/?page_id=410"},"modified":"2025-09-03T18:28:43","modified_gmt":"2025-09-03T16:28:43","slug":"les-orchidees-fougeres","status":"publish","type":"page","link":"https:\/\/lejardinbotanique.roaaar.fr\/en\/nos-collections\/les-orchidees-fougeres\/","title":{"rendered":"Les Orchid\u00e9es &#038; Foug\u00e8res"},"content":{"rendered":"<div class=\"wp-block-columns is-layout-flex wp-container-core-columns-is-layout-6127943d wp-block-columns-is-layout-flex\">\n<div class=\"wp-block-column is-layout-flow wp-block-column-is-layout-flow\" style=\"flex-basis:50%\"><div class=\"pgc-sgb-cb wp-block-pgcsimplygalleryblock-slider\" data-gallery-id=\"a1500389\"style=\"&quot;min-height:400px&quot;\"><div class=\"sgb-preloader\" id=\"pr_a1500389\">\n\t<div class=\"sgb-square\" style=\"background:#d4d4d4\"><\/div>\n\t<div class=\"sgb-square\" style=\"background:#d4d4d4\"><\/div>\n\t<div class=\"sgb-square\" style=\"background:#d4d4d4\"><\/div>\n\t<div class=\"sgb-square\" style=\"background:#d4d4d4\"><\/div><\/div><div class=\"simply-gallery-amp pgc_sgb_slider\"><noscript><div class=\"sgb-gallery\"><div class=\"sgb-item\"><a href=\"http:\/\/lejardinbotanique.roaaar.fr\/en\/nos-collections\/presentation-generale\/orchidees-fougeres\/\" target=\"_blank\"><img loading=\"lazy\" decoding=\"async\" alt=\"\" width=\"300\" height=\"226\" src=\"http:\/\/lejardinbotanique.roaaar.fr\/wp-content\/uploads\/2025\/09\/Orchidees-fougeres-300x226.jpg\" srcset=\"http:\/\/lejardinbotanique.roaaar.fr\/wp-content\/uploads\/2025\/09\/Orchidees-fougeres-300x226.jpg 300w,http:\/\/lejardinbotanique.roaaar.fr\/wp-content\/uploads\/2025\/09\/Orchidees-fougeres.jpg 456w\" sizes=\"auto, 250px\"\/><\/a><\/div><\/div><\/noscript><\/div><script type=\"application\/json\" class=\"sgb-data\">{\"externalLink\":false,\"captions\":false,\"collectionThumbSubMenuDownload\":false,\"collectionThumbSubMenuShare\":false,\"sliderAdminWidth\":380,\"responsiveHeight\":true,\"collectionColumns\":1,\"sliderThumbsNavi\":false,\"galleryType\":\"pgc_sgb_slider\",\"galleryId\":\"a1500389\",\"images\":[{\"id\":1742,\"title\":\"Orchide\u0301es fouge\u0300res\",\"url\":\"http:\/\/lejardinbotanique.roaaar.fr\/wp-content\/uploads\/2025\/09\/Orchidees-fougeres.jpg\",\"link\":\"http:\/\/lejardinbotanique.roaaar.fr\/nos-collections\/presentation-generale\/orchidees-fougeres\/\",\"alt\":\"\",\"description\":\"\",\"caption\":\"\",\"mime\":\"image\/jpeg\",\"type\":\"image\",\"width\":456,\"height\":343,\"sizes\":{\"thumbnail\":{\"height\":150,\"width\":150,\"url\":\"http:\/\/lejardinbotanique.roaaar.fr\/wp-content\/uploads\/2025\/09\/Orchidees-fougeres-150x150.jpg\",\"orientation\":\"landscape\"},\"medium\":{\"height\":226,\"width\":300,\"url\":\"http:\/\/lejardinbotanique.roaaar.fr\/wp-content\/uploads\/2025\/09\/Orchidees-fougeres-300x226.jpg\",\"orientation\":\"landscape\"},\"full\":{\"url\":\"http:\/\/lejardinbotanique.roaaar.fr\/wp-content\/uploads\/2025\/09\/Orchidees-fougeres.jpg\",\"height\":343,\"width\":456,\"orientation\":\"landscape\"}},\"imageMeta\":{\"aperture\":\"0\",\"credit\":\"\",\"camera\":\"\",\"caption\":\"\",\"created_timestamp\":\"0\",\"copyright\":\"\",\"focal_length\":\"0\",\"iso\":\"0\",\"shutter_speed\":\"0\",\"title\":\"\",\"orientation\":\"0\",\"keywords\":[]},\"meta\":false,\"postlink\":\"http:\/\/lejardinbotanique.roaaar.fr\/nos-collections\/presentation-generale\/orchidees-fougeres\/\"}],\"contentNoPadding\":true,\"customCSS\":\"selector {\\n\\tz-index: 11;\\n}\",\"sliderItemCounterEnable\":false,\"sliderItemTitleEnable\":false,\"sliderSlideshow\":false,\"sliderSocialShareEnabled\":false,\"sliderZoomEnable\":false,\"sliderFullscreenEnabled\":false,\"TrpContentRestriction\":{\"restriction_type\":\"exclude\",\"selected_languages\":[],\"panel_open\":false},\"itemsMetaDataCollection\":[]}<\/script><script>(function(){if(window.PGC_SGB && window.PGC_SGB.searcher){window.PGC_SGB.searcher.initBlocks()}})()<\/script><\/div><\/div>\n\n\n\n<div class=\"wp-block-column is-layout-flow wp-block-column-is-layout-flow\" style=\"flex-basis:50%\">\n<p>Avec plusieurs dizaines de milliers d\u2019esp\u00e8ces, les Orchid\u00e9es comptent parmi les plus grandes familles de plantes \u00e0 fleurs dans le monde. Mais \u00e0 cette diversit\u00e9 naturelle s\u2019ajoute la cr\u00e9ativit\u00e9 des hommes : la capacit\u00e9 des Orchid\u00e9es \u00e0 se croiser permet aux passionn\u00e9s de multiplier \u00e0 l\u2019infini les hybrides. On en compte plus de 100 000 \u00e0 ce jour ! <\/p>\n\n\n\n<p>Cette extraordinaire diversit\u00e9 a permis aux Orchid\u00e9es de s\u2019adapter \u00e0 tous les milieux, \u00e0 l\u2019exception des d\u00e9serts et des r\u00e9gions polaires. <\/p>\n\n\n\n<p>Les foug\u00e8res pr\u00e9sentent une diversit\u00e9 (environ 10\u00a0000 esp\u00e8ces) et une r\u00e9partition mondiale comparables \u00e0 celles des Orchid\u00e9es, avec qui elles partagent une forte capacit\u00e9 \u00e0 se disperser. On les retrouve d\u2019ailleurs souvent associ\u00e9es dans les for\u00eats tropicales, qui abritent leurs milieux de vie privil\u00e9gi\u00e9s<\/p>\n\n\n\n<p>Cette collection vous invite \u00e0 d\u00e9couvrir quelques uns des secrets de ces plantes myst\u00e9rieuses, gr\u00e2ce \u00e0 un ensemble de panneaux et un \u00e9clairage sp\u00e9cifique. Un syst\u00e8me d\u2019arrosage adapt\u00e9 permet le maintien constant de l\u2019humidit\u00e9 n\u00e9cessaire \u00e0 ces v\u00e9g\u00e9taux.<\/p>\n<\/div>\n<\/div>","protected":false},"excerpt":{"rendered":"<p>Avec plusieurs dizaines de milliers d\u2019esp\u00e8ces, les Orchid\u00e9es comptent parmi les plus grandes familles de plantes \u00e0 fleurs dans le monde. Mais \u00e0 cette diversit\u00e9 naturelle s\u2019ajoute la cr\u00e9ativit\u00e9 des hommes : la capacit\u00e9 des Orchid\u00e9es \u00e0 se croiser permet aux passionn\u00e9s de multiplier \u00e0 l\u2019infini les hybrides. On en compte plus de 100 000 [&hellip;]<\/p>","protected":false},"author":1,"featured_media":666,"parent":395,"menu_order":0,"comment_status":"closed","ping_status":"closed","template":"","meta":{"pgc_sgb_lightbox_settings":"","footnotes":""},"categories":[10],"class_list":["post-410","page","type-page","status-publish","has-post-thumbnail","hentry","category-collection"],"_links":{"self":[{"href":"https:\/\/lejardinbotanique.roaaar.fr\/en\/wp-json\/wp\/v2\/pages\/410","targetHints":{"allow":["GET"]}}],"collection":[{"href":"https:\/\/lejardinbotanique.roaaar.fr\/en\/wp-json\/wp\/v2\/pages"}],"about":[{"href":"https:\/\/lejardinbotanique.roaaar.fr\/en\/wp-json\/wp\/v2\/types\/page"}],"author":[{"embeddable":true,"href":"https:\/\/lejardinbotanique.roaaar.fr\/en\/wp-json\/wp\/v2\/users\/1"}],"replies":[{"embeddable":true,"href":"https:\/\/lejardinbotanique.roaaar.fr\/en\/wp-json\/wp\/v2\/comments?post=410"}],"version-history":[{"count":0,"href":"https:\/\/lejardinbotanique.roaaar.fr\/en\/wp-json\/wp\/v2\/pages\/410\/revisions"}],"up":[{"embeddable":true,"href":"https:\/\/lejardinbotanique.roaaar.fr\/en\/wp-json\/wp\/v2\/pages\/395"}],"wp:featuredmedia":[{"embeddable":true,"href":"https:\/\/lejardinbotanique.roaaar.fr\/en\/wp-json\/wp\/v2\/media\/666"}],"wp:attachment":[{"href":"https:\/\/lejardinbotanique.roaaar.fr\/en\/wp-json\/wp\/v2\/media?parent=410"}],"wp:term":[{"taxonomy":"category","embeddable":true,"href":"https:\/\/lejardinbotanique.roaaar.fr\/en\/wp-json\/wp\/v2\/categories?post=410"}],"curies":[{"name":"wp","href":"https:\/\/api.w.org\/{rel}","templated":true}]}}