{"id":412,"date":"2025-03-14T09:45:57","date_gmt":"2025-03-14T08:45:57","guid":{"rendered":"http:\/\/lejardinbotanique.test\/?page_id=412"},"modified":"2025-09-24T12:41:08","modified_gmt":"2025-09-24T10:41:08","slug":"cafeiers-du-monde","status":"publish","type":"page","link":"https:\/\/lejardinbotanique.roaaar.fr\/en\/nos-collections\/cafeiers-du-monde\/","title":{"rendered":"Caf\u00e9iers du monde"},"content":{"rendered":"<div class=\"wp-block-columns is-layout-flex wp-container-core-columns-is-layout-6127943d wp-block-columns-is-layout-flex\">\n<div class=\"wp-block-column is-layout-flow wp-block-column-is-layout-flow\" style=\"flex-basis:50%\"><div class=\"pgc-sgb-cb wp-block-pgcsimplygalleryblock-slider\" data-gallery-id=\"a1500389\"style=\"&quot;min-height:400px&quot;\"><div class=\"sgb-preloader\" id=\"pr_a1500389\">\n\t<div class=\"sgb-square\" style=\"background:#d4d4d4\"><\/div>\n\t<div class=\"sgb-square\" style=\"background:#d4d4d4\"><\/div>\n\t<div class=\"sgb-square\" style=\"background:#d4d4d4\"><\/div>\n\t<div class=\"sgb-square\" style=\"background:#d4d4d4\"><\/div><\/div><div class=\"simply-gallery-amp pgc_sgb_slider\"><noscript><div class=\"sgb-gallery\"><div class=\"sgb-item\"><a href=\"https:\/\/lejardinbotanique.roaaar.fr\/en\/nos-collections\/cafeiers-du-monde\/coffea-racemosa_cbm_mp-2\/\" target=\"_blank\"><img loading=\"lazy\" decoding=\"async\" alt=\"\" width=\"225\" height=\"300\" src=\"http:\/\/lejardinbotanique.roaaar.fr\/wp-content\/uploads\/2025\/09\/Coffea-racemosa_CBM_MP-2-225x300.webp\" srcset=\"http:\/\/lejardinbotanique.roaaar.fr\/wp-content\/uploads\/2025\/09\/Coffea-racemosa_CBM_MP-2-225x300.webp 225w,http:\/\/lejardinbotanique.roaaar.fr\/wp-content\/uploads\/2025\/09\/Coffea-racemosa_CBM_MP-2-768x1024.webp 768w,http:\/\/lejardinbotanique.roaaar.fr\/wp-content\/uploads\/2025\/09\/Coffea-racemosa_CBM_MP-2.webp 1000w\" sizes=\"auto, 250px\"\/><\/a><\/div><\/div><\/noscript><\/div><script type=\"application\/json\" class=\"sgb-data\">{\"externalLink\":false,\"captions\":false,\"collectionThumbSubMenuDownload\":false,\"collectionThumbSubMenuShare\":false,\"sliderAdminWidth\":380,\"responsiveHeight\":true,\"collectionColumns\":1,\"sliderThumbsNavi\":false,\"galleryType\":\"pgc_sgb_slider\",\"galleryId\":\"a1500389\",\"images\":[{\"id\":1836,\"title\":\"Coffea racemosa_CBM_MP (2)\",\"url\":\"http:\/\/lejardinbotanique.roaaar.fr\/wp-content\/uploads\/2025\/09\/Coffea-racemosa_CBM_MP-2.webp\",\"link\":\"https:\/\/lejardinbotanique.roaaar.fr\/nos-collections\/cafeiers-du-monde\/coffea-racemosa_cbm_mp-2\/\",\"alt\":\"\",\"description\":\"\",\"caption\":\"\",\"mime\":\"image\/webp\",\"type\":\"image\",\"width\":1000,\"height\":1333,\"sizes\":{\"thumbnail\":{\"height\":150,\"width\":150,\"url\":\"http:\/\/lejardinbotanique.roaaar.fr\/wp-content\/uploads\/2025\/09\/Coffea-racemosa_CBM_MP-2-150x150.webp\",\"orientation\":\"landscape\"},\"medium\":{\"height\":300,\"width\":225,\"url\":\"http:\/\/lejardinbotanique.roaaar.fr\/wp-content\/uploads\/2025\/09\/Coffea-racemosa_CBM_MP-2-225x300.webp\",\"orientation\":\"portrait\"},\"large\":{\"height\":1024,\"width\":768,\"url\":\"http:\/\/lejardinbotanique.roaaar.fr\/wp-content\/uploads\/2025\/09\/Coffea-racemosa_CBM_MP-2-768x1024.webp\",\"orientation\":\"portrait\"},\"full\":{\"url\":\"http:\/\/lejardinbotanique.roaaar.fr\/wp-content\/uploads\/2025\/09\/Coffea-racemosa_CBM_MP-2.webp\",\"height\":1333,\"width\":1000,\"orientation\":\"portrait\"}},\"imageMeta\":{\"aperture\":\"0\",\"credit\":\"\",\"camera\":\"\",\"caption\":\"\",\"created_timestamp\":\"0\",\"copyright\":\"\",\"focal_length\":\"0\",\"iso\":\"0\",\"shutter_speed\":\"0\",\"title\":\"\",\"orientation\":\"0\",\"keywords\":[]},\"meta\":false,\"postlink\":\"https:\/\/lejardinbotanique.roaaar.fr\/nos-collections\/cafeiers-du-monde\/coffea-racemosa_cbm_mp-2\/\"}],\"contentNoPadding\":true,\"customCSS\":\"selector {\\n\\tz-index: 11;\\n}\",\"sliderItemCounterEnable\":false,\"sliderItemTitleEnable\":false,\"sliderSlideshow\":false,\"sliderSocialShareEnabled\":false,\"sliderZoomEnable\":false,\"sliderFullscreenEnabled\":false,\"TrpContentRestriction\":{\"restriction_type\":\"exclude\",\"selected_languages\":[],\"panel_open\":false},\"itemsMetaDataCollection\":[]}<\/script><script>(function(){if(window.PGC_SGB && window.PGC_SGB.searcher){window.PGC_SGB.searcher.initBlocks()}})()<\/script><\/div><\/div>\n\n\n\n<div class=\"wp-block-column is-layout-flow wp-block-column-is-layout-flow\" style=\"flex-basis:50%\">\n<p><br>Cette collection, fruit d\u2019un partenariat avec l\u2019IRD (Institut de Recherche pour le D\u00e9veloppement) a donc pour vocation de conserver la diversit\u00e9 g\u00e9n\u00e9tique des caf\u00e9iers, tout en permettant au public de d\u00e9couvrir une trentaine d\u2019esp\u00e8ces de caf\u00e9iers sauvages, originaire d\u2019Afrique orientale, centrale et occidentale, de Madagascar, des Mascareignes et des Comores. <\/p>\n\n\n\n<p>Elle vient \u00e9galement compl\u00e9ter la visite de la Collection Plantes Lontan qui s\u2019ouvre sur une page de l\u2019histoire locale au cours de laquelle esclavage et caf\u00e9 \u00e9taient particuli\u00e8rement li\u00e9s.<\/p>\n<\/div>\n<\/div>","protected":false},"excerpt":{"rendered":"<p>Cette collection, fruit d\u2019un partenariat avec l\u2019IRD (Institut de Recherche pour le D\u00e9veloppement) a donc pour vocation de conserver la diversit\u00e9 g\u00e9n\u00e9tique des caf\u00e9iers, tout en permettant au public de d\u00e9couvrir une trentaine d\u2019esp\u00e8ces de caf\u00e9iers sauvages, originaire d\u2019Afrique orientale, centrale et occidentale, de Madagascar, des Mascareignes et des Comores. Elle vient \u00e9galement compl\u00e9ter la [&hellip;]<\/p>","protected":false},"author":1,"featured_media":664,"parent":395,"menu_order":0,"comment_status":"closed","ping_status":"closed","template":"","meta":{"pgc_sgb_lightbox_settings":"","footnotes":""},"categories":[10],"class_list":["post-412","page","type-page","status-publish","has-post-thumbnail","hentry","category-collection"],"_links":{"self":[{"href":"https:\/\/lejardinbotanique.roaaar.fr\/en\/wp-json\/wp\/v2\/pages\/412","targetHints":{"allow":["GET"]}}],"collection":[{"href":"https:\/\/lejardinbotanique.roaaar.fr\/en\/wp-json\/wp\/v2\/pages"}],"about":[{"href":"https:\/\/lejardinbotanique.roaaar.fr\/en\/wp-json\/wp\/v2\/types\/page"}],"author":[{"embeddable":true,"href":"https:\/\/lejardinbotanique.roaaar.fr\/en\/wp-json\/wp\/v2\/users\/1"}],"replies":[{"embeddable":true,"href":"https:\/\/lejardinbotanique.roaaar.fr\/en\/wp-json\/wp\/v2\/comments?post=412"}],"version-history":[{"count":0,"href":"https:\/\/lejardinbotanique.roaaar.fr\/en\/wp-json\/wp\/v2\/pages\/412\/revisions"}],"up":[{"embeddable":true,"href":"https:\/\/lejardinbotanique.roaaar.fr\/en\/wp-json\/wp\/v2\/pages\/395"}],"wp:featuredmedia":[{"embeddable":true,"href":"https:\/\/lejardinbotanique.roaaar.fr\/en\/wp-json\/wp\/v2\/media\/664"}],"wp:attachment":[{"href":"https:\/\/lejardinbotanique.roaaar.fr\/en\/wp-json\/wp\/v2\/media?parent=412"}],"wp:term":[{"taxonomy":"category","embeddable":true,"href":"https:\/\/lejardinbotanique.roaaar.fr\/en\/wp-json\/wp\/v2\/categories?post=412"}],"curies":[{"name":"wp","href":"https:\/\/api.w.org\/{rel}","templated":true}]}}