{"id":420,"date":"2025-03-14T09:46:59","date_gmt":"2025-03-14T08:46:59","guid":{"rendered":"http:\/\/lejardinbotanique.test\/?page_id=420"},"modified":"2025-09-03T18:49:19","modified_gmt":"2025-09-03T16:49:19","slug":"lecole-botanique-de-mascarin","status":"publish","type":"page","link":"https:\/\/lejardinbotanique.roaaar.fr\/en\/lecole-botanique-de-mascarin\/","title":{"rendered":"L\u2019\u00c9cole Botanique de Mascarin"},"content":{"rendered":"<div data-elementor-type=\"wp-page\" data-elementor-id=\"420\" class=\"elementor elementor-420\" data-elementor-post-type=\"page\">\n\t\t\t\t<div class=\"elementor-element elementor-element-686c7551 e-flex e-con-boxed e-con e-parent\" data-id=\"686c7551\" data-element_type=\"container\" data-settings=\"{&quot;background_background&quot;:&quot;classic&quot;}\">\n\t\t\t\t\t<div class=\"e-con-inner\">\n\t\t\t\t<div class=\"elementor-element elementor-element-3249b050 elementor-widget elementor-widget-heading\" data-id=\"3249b050\" data-element_type=\"widget\" data-widget_type=\"heading.default\">\n\t\t\t\t<div class=\"elementor-widget-container\">\n\t\t\t\t\t<h2 class=\"elementor-heading-title elementor-size-default\">L\u2019\u00c9cole Botanique de Mascarin<\/h2>\t\t\t\t<\/div>\n\t\t\t\t<\/div>\n\t\t\t\t\t<\/div>\n\t\t\t\t<\/div>\n\t\t<div class=\"elementor-element elementor-element-2c2aa474 e-flex e-con-boxed e-con e-parent\" data-id=\"2c2aa474\" data-element_type=\"container\">\n\t\t\t\t\t<div class=\"e-con-inner\">\n\t\t\t\t<div class=\"elementor-element elementor-element-3761ec1a elementor-widget elementor-widget-text-editor\" data-id=\"3761ec1a\" data-element_type=\"widget\" data-widget_type=\"text-editor.default\">\n\t\t\t\t<div class=\"elementor-widget-container\">\n\t\t\t\t\t\t\t\t\t<p>Au vu de la forte proportion de la jeunesse r\u00e9unionnaise, d\u00e8s sa cr\u00e9ation, Mascarin a souhait\u00e9 s\u2019impliquer dans la sensibilisation et l\u2019\u00e9ducation des publics et a d\u00e9velopp\u00e9 un r\u00e9el concept \u00e9ducatif.<\/p>\t\t\t\t\t\t\t\t<\/div>\n\t\t\t\t<\/div>\n\t\t\t\t\t<\/div>\n\t\t\t\t<\/div>\n\t\t<div class=\"elementor-element elementor-element-0338e26 e-flex e-con-boxed e-con e-parent\" data-id=\"0338e26\" data-element_type=\"container\">\n\t\t\t\t\t<div class=\"e-con-inner\">\n\t\t<div class=\"elementor-element elementor-element-7943723 e-con-full e-flex e-con e-child\" data-id=\"7943723\" data-element_type=\"container\">\n\t\t\t\t<div class=\"elementor-element elementor-element-f0fd271 elementor-widget__width-inherit elementor-widget elementor-widget-image\" data-id=\"f0fd271\" data-element_type=\"widget\" data-widget_type=\"image.default\">\n\t\t\t\t<div class=\"elementor-widget-container\">\n\t\t\t\t\t\t\t\t\t\t\t\t\t\t\t<img fetchpriority=\"high\" decoding=\"async\" width=\"647\" height=\"485\" src=\"https:\/\/lejardinbotanique.roaaar.fr\/wp-content\/uploads\/2025\/09\/exposition-mascarine.jpg\" class=\"attachment-full size-full wp-image-1788\" alt=\"\" srcset=\"https:\/\/lejardinbotanique.roaaar.fr\/wp-content\/uploads\/2025\/09\/exposition-mascarine.jpg 647w, https:\/\/lejardinbotanique.roaaar.fr\/wp-content\/uploads\/2025\/09\/exposition-mascarine-300x225.jpg 300w, https:\/\/lejardinbotanique.roaaar.fr\/wp-content\/uploads\/2025\/09\/exposition-mascarine-16x12.jpg 16w\" sizes=\"(max-width: 647px) 100vw, 647px\" \/>\t\t\t\t\t\t\t\t\t\t\t\t\t\t\t<\/div>\n\t\t\t\t<\/div>\n\t\t\t\t<\/div>\n\t\t<div class=\"elementor-element elementor-element-b3b70c7 e-con-full e-flex e-con e-child\" data-id=\"b3b70c7\" data-element_type=\"container\">\n\t\t\t\t<div class=\"elementor-element elementor-element-06e1868 elementor-hidden-desktop elementor-hidden-tablet elementor-hidden-mobile elementor-widget elementor-widget-heading\" data-id=\"06e1868\" data-element_type=\"widget\" data-widget_type=\"heading.default\">\n\t\t\t\t<div class=\"elementor-widget-container\">\n\t\t\t\t\t<h2 class=\"elementor-heading-title elementor-size-default\">Titre<\/h2>\t\t\t\t<\/div>\n\t\t\t\t<\/div>\n\t\t\t\t<div class=\"elementor-element elementor-element-ac28643 elementor-hidden-desktop elementor-hidden-tablet elementor-hidden-mobile elementor-widget-divider--view-line elementor-widget elementor-widget-divider\" data-id=\"ac28643\" data-element_type=\"widget\" data-widget_type=\"divider.default\">\n\t\t\t\t<div class=\"elementor-widget-container\">\n\t\t\t\t\t\t\t<div class=\"elementor-divider\">\n\t\t\t<span class=\"elementor-divider-separator\">\n\t\t\t\t\t\t<\/span>\n\t\t<\/div>\n\t\t\t\t\t\t<\/div>\n\t\t\t\t<\/div>\n\t\t\t\t<div class=\"elementor-element elementor-element-dfcdbee elementor-widget elementor-widget-text-editor\" data-id=\"dfcdbee\" data-element_type=\"widget\" data-widget_type=\"text-editor.default\">\n\t\t\t\t<div class=\"elementor-widget-container\">\n\t\t\t\t\t\t\t\t\t<p class=\"p1\">Aujourd\u2019hui, le service de m\u00e9diation scientifique et culturelle du jardin botanique propose un large programme d\u2019activit\u00e9s destin\u00e9es notamment aux enfants tant dans le cadre scolaire que pendant les temps de loisirs et vacances. Il s\u2019agit principalement de proposer \u00e0 ce jeune public de mieux<span class=\"Apple-converted-space\">\u00a0 <\/span>comprendre l\u2019environnement pour mieux agir, et pour cela Mascarin d\u00e9veloppe des approches p\u00e9dagogiques tant scientifiques, que ludiques ou artistiques, conduites par nos propres \u00e9quipes ou en partenariat, en particulier avec des artistes. C\u2019est notamment le cas des ateliers pendant les p\u00e9riodes de vacances scolaires afin de toucher les enfants en individuels.<\/p><p class=\"p1\">Les activit\u00e9s s\u2019appuient principalement sur l\u2019exploitation d\u2019une ou plusieurs collections botaniques ainsi que l\u2019\u00e9quipement de l\u2019Atelier Vert. L\u2019\u00e9quipe intervient \u00e9galement r\u00e9guli\u00e8rement en ext\u00e9rieur (\u00e9tablissements scolaires, milieux naturels), dans le cadre des certains projets.<\/p><p class=\"p1\">Nous ne disposons pas d\u2019une \u00e9tude de l\u2019origine g\u00e9ographique des groupes accueillis.<\/p>\t\t\t\t\t\t\t\t<\/div>\n\t\t\t\t<\/div>\n\t\t\t\t<\/div>\n\t\t\t\t\t<\/div>\n\t\t\t\t<\/div>\n\t\t<div class=\"elementor-element elementor-element-a2ed7a6 e-flex e-con-boxed e-con e-parent\" data-id=\"a2ed7a6\" data-element_type=\"container\">\n\t\t\t\t\t<div class=\"e-con-inner\">\n\t\t<div class=\"elementor-element elementor-element-2a24c87 e-con-full e-flex e-con e-child\" data-id=\"2a24c87\" data-element_type=\"container\">\n\t\t\t\t<div class=\"elementor-element elementor-element-b432f07 elementor-widget__width-inherit elementor-widget elementor-widget-image\" data-id=\"b432f07\" data-element_type=\"widget\" data-widget_type=\"image.default\">\n\t\t\t\t<div class=\"elementor-widget-container\">\n\t\t\t\t\t\t\t\t\t\t\t\t\t\t\t<img decoding=\"async\" width=\"322\" height=\"428\" src=\"https:\/\/lejardinbotanique.roaaar.fr\/wp-content\/uploads\/2025\/09\/enfant-bitasiyon.jpg\" class=\"attachment-full size-full wp-image-1787\" alt=\"\" srcset=\"https:\/\/lejardinbotanique.roaaar.fr\/wp-content\/uploads\/2025\/09\/enfant-bitasiyon.jpg 322w, https:\/\/lejardinbotanique.roaaar.fr\/wp-content\/uploads\/2025\/09\/enfant-bitasiyon-226x300.jpg 226w, https:\/\/lejardinbotanique.roaaar.fr\/wp-content\/uploads\/2025\/09\/enfant-bitasiyon-9x12.jpg 9w\" sizes=\"(max-width: 322px) 100vw, 322px\" \/>\t\t\t\t\t\t\t\t\t\t\t\t\t\t\t<\/div>\n\t\t\t\t<\/div>\n\t\t\t\t<\/div>\n\t\t<div class=\"elementor-element elementor-element-f1d6acd e-con-full e-flex e-con e-child\" data-id=\"f1d6acd\" data-element_type=\"container\">\n\t\t\t\t<div class=\"elementor-element elementor-element-447aac0 elementor-hidden-desktop elementor-hidden-tablet elementor-hidden-mobile elementor-widget elementor-widget-heading\" data-id=\"447aac0\" data-element_type=\"widget\" data-widget_type=\"heading.default\">\n\t\t\t\t<div class=\"elementor-widget-container\">\n\t\t\t\t\t<h2 class=\"elementor-heading-title elementor-size-default\">Titre<\/h2>\t\t\t\t<\/div>\n\t\t\t\t<\/div>\n\t\t\t\t<div class=\"elementor-element elementor-element-c786c0e elementor-hidden-desktop elementor-hidden-tablet elementor-hidden-mobile elementor-widget-divider--view-line elementor-widget elementor-widget-divider\" data-id=\"c786c0e\" data-element_type=\"widget\" data-widget_type=\"divider.default\">\n\t\t\t\t<div class=\"elementor-widget-container\">\n\t\t\t\t\t\t\t<div class=\"elementor-divider\">\n\t\t\t<span class=\"elementor-divider-separator\">\n\t\t\t\t\t\t<\/span>\n\t\t<\/div>\n\t\t\t\t\t\t<\/div>\n\t\t\t\t<\/div>\n\t\t\t\t<div class=\"elementor-element elementor-element-406d378 elementor-widget elementor-widget-text-editor\" data-id=\"406d378\" data-element_type=\"widget\" data-widget_type=\"text-editor.default\">\n\t\t\t\t<div class=\"elementor-widget-container\">\n\t\t\t\t\t\t\t\t\t<p>Les activit\u00e9s propos\u00e9es s\u2019articulent principalement autour de 3 grandes th\u00e9matiques :<\/p>\n<ul>\n<li class=\"p1\">Biodiversit\u00e9<\/li>\n<li class=\"p1\">Patrimoine<\/li>\n<li class=\"p1\">Ecocitoyennet\u00e9<\/li>\n<\/ul><div><br><\/div>\n<p>Elles permettent \u00e9galement aux enfants d\u2019exercer leur capacit\u00e9 \u00e0 observer, analyser, synth\u00e9tiser et \u00e9changer. Ils exp\u00e9rimentent aussi le travail individuel et collectif.<br>Les activit\u00e9s s\u2019inscrivent alors dans un programme de plusieurs s\u00e9ances qui se d\u00e9roulent soit au sein des collections du jardin ou en ext\u00e9rieur, sur le site de l\u2019\u00e9tablissement ou en milieu naturel. \u2028Les propositions de projets se d\u00e9clinent selon 3 axes principaux, par niveaux et par th\u00e9matique&nbsp;: jardins cr\u00e9oles, arboretums p\u00e9dagogiques et \u00e9cocitoyennet\u00e9. Dans ces th\u00e8mes il peut \u00eatre question des fruits et l\u00e9gumes \u00ab&nbsp;lontan&nbsp;\u00bb, de plantes m\u00e9dicinales, du compost&#8230;<\/p>\t\t\t\t\t\t\t\t<\/div>\n\t\t\t\t<\/div>\n\t\t\t\t<\/div>\n\t\t\t\t\t<\/div>\n\t\t\t\t<\/div>\n\t\t<div class=\"elementor-element elementor-element-1078d50 e-flex e-con-boxed e-con e-parent\" data-id=\"1078d50\" data-element_type=\"container\">\n\t\t\t\t\t<div class=\"e-con-inner\">\n\t\t\t\t<div class=\"elementor-element elementor-element-a2f1c18 elementor-widget elementor-widget-text-editor\" data-id=\"a2f1c18\" data-element_type=\"widget\" data-widget_type=\"text-editor.default\">\n\t\t\t\t<div class=\"elementor-widget-container\">\n\t\t\t\t\t\t\t\t\t<p>L\u2019\u00e9quipe accueille les enseignants et les \u00e9ducateurs en pr\u00e9-visite afin qu\u2019ils puissent mieux s\u2019approprier et int\u00e9grer l\u2019activit\u00e9 p\u00e9dagogique propos\u00e9e par Mascarin dans leur programme d\u2019activit\u00e9s et d\u2019enseignement et r\u00e9ciproquement Mascarin s\u2019adapte aussi aux attentes des encadrants.<\/p>\t\t\t\t\t\t\t\t<\/div>\n\t\t\t\t<\/div>\n\t\t\t\t\t<\/div>\n\t\t\t\t<\/div>\n\t\t\t\t<\/div>","protected":false},"excerpt":{"rendered":"<p>Au vu de la forte proportion de la jeunesse r\u00e9unionnaise, d\u00e8s sa cr\u00e9ation, Mascarin a souhait\u00e9 s\u2019impliquer dans la sensibilisation et l\u2019\u00e9ducation des publics et a d\u00e9velopp\u00e9 un r\u00e9el concept \u00e9ducatif. Titre Aujourd\u2019hui, le service de m\u00e9diation scientifique et culturelle du jardin botanique propose un large programme d\u2019activit\u00e9s destin\u00e9es notamment aux enfants tant dans le [&hellip;]<\/p>","protected":false},"author":1,"featured_media":0,"parent":0,"menu_order":0,"comment_status":"closed","ping_status":"closed","template":"","meta":{"pgc_sgb_lightbox_settings":"","footnotes":""},"categories":[],"class_list":["post-420","page","type-page","status-publish","hentry"],"_links":{"self":[{"href":"https:\/\/lejardinbotanique.roaaar.fr\/en\/wp-json\/wp\/v2\/pages\/420","targetHints":{"allow":["GET"]}}],"collection":[{"href":"https:\/\/lejardinbotanique.roaaar.fr\/en\/wp-json\/wp\/v2\/pages"}],"about":[{"href":"https:\/\/lejardinbotanique.roaaar.fr\/en\/wp-json\/wp\/v2\/types\/page"}],"author":[{"embeddable":true,"href":"https:\/\/lejardinbotanique.roaaar.fr\/en\/wp-json\/wp\/v2\/users\/1"}],"replies":[{"embeddable":true,"href":"https:\/\/lejardinbotanique.roaaar.fr\/en\/wp-json\/wp\/v2\/comments?post=420"}],"version-history":[{"count":0,"href":"https:\/\/lejardinbotanique.roaaar.fr\/en\/wp-json\/wp\/v2\/pages\/420\/revisions"}],"wp:attachment":[{"href":"https:\/\/lejardinbotanique.roaaar.fr\/en\/wp-json\/wp\/v2\/media?parent=420"}],"wp:term":[{"taxonomy":"category","embeddable":true,"href":"https:\/\/lejardinbotanique.roaaar.fr\/en\/wp-json\/wp\/v2\/categories?post=420"}],"curies":[{"name":"wp","href":"https:\/\/api.w.org\/{rel}","templated":true}]}}