{"id":422,"date":"2025-03-14T09:47:12","date_gmt":"2025-03-14T08:47:12","guid":{"rendered":"http:\/\/lejardinbotanique.test\/?page_id=422"},"modified":"2025-09-03T18:42:28","modified_gmt":"2025-09-03T16:42:28","slug":"la-faune-du-jardin","status":"publish","type":"page","link":"https:\/\/lejardinbotanique.roaaar.fr\/en\/la-faune-du-jardin\/","title":{"rendered":"La faune du jardin"},"content":{"rendered":"<div data-elementor-type=\"wp-page\" data-elementor-id=\"422\" class=\"elementor elementor-422\" data-elementor-post-type=\"page\">\n\t\t\t\t<div class=\"elementor-element elementor-element-2c7cd344 e-flex e-con-boxed e-con e-parent\" data-id=\"2c7cd344\" data-element_type=\"container\" data-settings=\"{&quot;background_background&quot;:&quot;classic&quot;}\">\n\t\t\t\t\t<div class=\"e-con-inner\">\n\t\t\t\t<div class=\"elementor-element elementor-element-73c024c8 elementor-widget elementor-widget-heading\" data-id=\"73c024c8\" data-element_type=\"widget\" data-widget_type=\"heading.default\">\n\t\t\t\t<div class=\"elementor-widget-container\">\n\t\t\t\t\t<h2 class=\"elementor-heading-title elementor-size-default\">La faune du jardin<\/h2>\t\t\t\t<\/div>\n\t\t\t\t<\/div>\n\t\t\t\t\t<\/div>\n\t\t\t\t<\/div>\n\t\t<div class=\"elementor-element elementor-element-604b45fe e-flex e-con-boxed e-con e-parent\" data-id=\"604b45fe\" data-element_type=\"container\">\n\t\t\t\t\t<div class=\"e-con-inner\">\n\t\t\t\t<div class=\"elementor-element elementor-element-20d5c27d elementor-widget elementor-widget-text-editor\" data-id=\"20d5c27d\" data-element_type=\"widget\" data-widget_type=\"text-editor.default\">\n\t\t\t\t<div class=\"elementor-widget-container\">\n\t\t\t\t\t\t\t\t\t<p class=\"p1\"><span class=\"s2\">L\u2019attractivit\u00e9 des animaux \u00e0 observer, notamment pour les enfants, est ind\u00e9niable. <\/span><\/p><p class=\"p2\">Mascarin dispose d\u00e9j\u00e0 d\u2019un rucher p\u00e9dagogique qui permet des animations et des formations, mais aussi des moments particuliers d\u2019ouverture de ruches \u00e0 l\u2019occasion de certains \u00e9v\u00e8nements. La demande du public pour ce type d\u2019animation est forte.<\/p><p class=\"p2\">Aussi Mascarin souhaite-t-il miser sur ce volet de la biodiversit\u00e9 pour attirer des publics et contribuer \u00e0 la prise de conscience du Vivant dans notre environnement.<\/p>\t\t\t\t\t\t\t\t<\/div>\n\t\t\t\t<\/div>\n\t\t\t\t\t<\/div>\n\t\t\t\t<\/div>\n\t\t<div class=\"elementor-element elementor-element-5b2916c e-flex e-con-boxed e-con e-parent\" data-id=\"5b2916c\" data-element_type=\"container\">\n\t\t\t\t\t<div class=\"e-con-inner\">\n\t\t<div class=\"elementor-element elementor-element-ce73799 e-con-full e-flex e-con e-child\" data-id=\"ce73799\" data-element_type=\"container\">\n\t\t\t\t<div class=\"elementor-element elementor-element-61894fe elementor-widget__width-inherit elementor-widget elementor-widget-image\" data-id=\"61894fe\" data-element_type=\"widget\" data-widget_type=\"image.default\">\n\t\t\t\t<div class=\"elementor-widget-container\">\n\t\t\t\t\t\t\t\t\t\t\t\t\t\t\t<img fetchpriority=\"high\" decoding=\"async\" width=\"353\" height=\"402\" src=\"https:\/\/lejardinbotanique.roaaar.fr\/wp-content\/uploads\/2025\/09\/faune-mascarin-.png\" class=\"attachment-full size-full wp-image-1778\" alt=\"\" srcset=\"https:\/\/lejardinbotanique.roaaar.fr\/wp-content\/uploads\/2025\/09\/faune-mascarin-.png 353w, https:\/\/lejardinbotanique.roaaar.fr\/wp-content\/uploads\/2025\/09\/faune-mascarin--263x300.png 263w, https:\/\/lejardinbotanique.roaaar.fr\/wp-content\/uploads\/2025\/09\/faune-mascarin--11x12.png 11w\" sizes=\"(max-width: 353px) 100vw, 353px\" \/>\t\t\t\t\t\t\t\t\t\t\t\t\t\t\t<\/div>\n\t\t\t\t<\/div>\n\t\t\t\t<\/div>\n\t\t<div class=\"elementor-element elementor-element-4890a9c e-con-full e-flex e-con e-child\" data-id=\"4890a9c\" data-element_type=\"container\">\n\t\t\t\t<div class=\"elementor-element elementor-element-e411ab9 elementor-widget elementor-widget-heading\" data-id=\"e411ab9\" data-element_type=\"widget\" data-widget_type=\"heading.default\">\n\t\t\t\t<div class=\"elementor-widget-container\">\n\t\t\t\t\t<h2 class=\"elementor-heading-title elementor-size-default\">Valoriser la faune pr\u00e9sente spontan\u00e9ment sur le site <\/h2>\t\t\t\t<\/div>\n\t\t\t\t<\/div>\n\t\t\t\t<div class=\"elementor-element elementor-element-13257b7 elementor-widget-divider--view-line elementor-widget elementor-widget-divider\" data-id=\"13257b7\" data-element_type=\"widget\" data-widget_type=\"divider.default\">\n\t\t\t\t<div class=\"elementor-widget-container\">\n\t\t\t\t\t\t\t<div class=\"elementor-divider\">\n\t\t\t<span class=\"elementor-divider-separator\">\n\t\t\t\t\t\t<\/span>\n\t\t<\/div>\n\t\t\t\t\t\t<\/div>\n\t\t\t\t<\/div>\n\t\t\t\t<div class=\"elementor-element elementor-element-bd6d2c9 elementor-widget elementor-widget-text-editor\" data-id=\"bd6d2c9\" data-element_type=\"widget\" data-widget_type=\"text-editor.default\">\n\t\t\t\t<div class=\"elementor-widget-container\">\n\t\t\t\t\t\t\t\t\t<p class=\"p1\"><span class=\"s2\">Mascarin, Jardin Botanique de La R\u00e9union constitue un espace de nature riche en biodiversit\u00e9 spontan\u00e9e dont une faune int\u00e9ressante \u00e0 observer.\u00a0<\/span><\/p><p class=\"p3\">Au sein des collections, ou au d\u00e9tour d\u2019un chemin, on peut ainsi d\u00e9couvrir\u00a0de nombreux oiseaux<span class=\"Apple-converted-space\">\u00a0 <\/span>(Cardinal, B\u00e9lier, Oiseau blanc, Tourterelle \u00ab\u00a0p\u00e9\u00ef\u00a0\u00bb, Caille patate, \u2026), des reptiles (Cam\u00e9l\u00e9on<span class=\"Apple-converted-space\">\u00a0 <\/span>ou \u00ab\u00a0endormi\u00a0\u00bb, Agame, \u2026), des insectes (<i>Papilio phorbanta<\/i>, \u2026), des araign\u00e9es (Bibe, \u2026) et les habitants du bassin central.<\/p><p class=\"p3\">Toutefois, ces animaux pouvant parfois \u00eatre difficiles \u00e0 observer, une signal\u00e9tique particuli\u00e8re et des points d\u2019observation (Ravine Bambous) seront propos\u00e9s aux visiteurs.<\/p>\t\t\t\t\t\t\t\t<\/div>\n\t\t\t\t<\/div>\n\t\t\t\t<\/div>\n\t\t\t\t\t<\/div>\n\t\t\t\t<\/div>\n\t\t<div class=\"elementor-element elementor-element-2082c02 e-flex e-con-boxed e-con e-parent\" data-id=\"2082c02\" data-element_type=\"container\">\n\t\t\t\t\t<div class=\"e-con-inner\">\n\t\t\t\t<div class=\"elementor-element elementor-element-4ab0ee1 elementor-widget elementor-widget-text-editor\" data-id=\"4ab0ee1\" data-element_type=\"widget\" data-widget_type=\"text-editor.default\">\n\t\t\t\t<div class=\"elementor-widget-container\">\n\t\t\t\t\t\t\t\t\t<p class=\"p1\"><span class=\"s2\">Le volet animalier de Mascarin sera \u00e9galement renforc\u00e9 par 2 projets qui n\u00e9cessiteront des \u00e9quipements sp\u00e9cifiques et des comp\u00e9tences particuli\u00e8res.<\/span><\/p>\t\t\t\t\t\t\t\t<\/div>\n\t\t\t\t<\/div>\n\t\t\t\t\t<\/div>\n\t\t\t\t<\/div>\n\t\t<div class=\"elementor-element elementor-element-167263a e-flex e-con-boxed e-con e-parent\" data-id=\"167263a\" data-element_type=\"container\">\n\t\t\t\t\t<div class=\"e-con-inner\">\n\t\t<div class=\"elementor-element elementor-element-57bbd43 e-con-full e-flex e-con e-child\" data-id=\"57bbd43\" data-element_type=\"container\">\n\t\t\t\t<div class=\"elementor-element elementor-element-cbeedb1 elementor-widget__width-inherit elementor-widget elementor-widget-image\" data-id=\"cbeedb1\" data-element_type=\"widget\" data-widget_type=\"image.default\">\n\t\t\t\t<div class=\"elementor-widget-container\">\n\t\t\t\t\t\t\t\t\t\t\t\t\t\t\t<img decoding=\"async\" width=\"471\" height=\"353\" src=\"https:\/\/lejardinbotanique.roaaar.fr\/wp-content\/uploads\/2025\/09\/tortues-seychelles.jpg\" class=\"attachment-full size-full wp-image-1777\" alt=\"\" srcset=\"https:\/\/lejardinbotanique.roaaar.fr\/wp-content\/uploads\/2025\/09\/tortues-seychelles.jpg 471w, https:\/\/lejardinbotanique.roaaar.fr\/wp-content\/uploads\/2025\/09\/tortues-seychelles-300x225.jpg 300w, https:\/\/lejardinbotanique.roaaar.fr\/wp-content\/uploads\/2025\/09\/tortues-seychelles-16x12.jpg 16w\" sizes=\"(max-width: 471px) 100vw, 471px\" \/>\t\t\t\t\t\t\t\t\t\t\t\t\t\t\t<\/div>\n\t\t\t\t<\/div>\n\t\t\t\t<\/div>\n\t\t<div class=\"elementor-element elementor-element-26c57f7 e-con-full e-flex e-con e-child\" data-id=\"26c57f7\" data-element_type=\"container\">\n\t\t\t\t<div class=\"elementor-element elementor-element-dc08706 elementor-widget elementor-widget-heading\" data-id=\"dc08706\" data-element_type=\"widget\" data-widget_type=\"heading.default\">\n\t\t\t\t<div class=\"elementor-widget-container\">\n\t\t\t\t\t<h2 class=\"elementor-heading-title elementor-size-default\">LES TORTUES<\/h2>\t\t\t\t<\/div>\n\t\t\t\t<\/div>\n\t\t\t\t<div class=\"elementor-element elementor-element-6b58712 elementor-widget-divider--view-line elementor-widget elementor-widget-divider\" data-id=\"6b58712\" data-element_type=\"widget\" data-widget_type=\"divider.default\">\n\t\t\t\t<div class=\"elementor-widget-container\">\n\t\t\t\t\t\t\t<div class=\"elementor-divider\">\n\t\t\t<span class=\"elementor-divider-separator\">\n\t\t\t\t\t\t<\/span>\n\t\t<\/div>\n\t\t\t\t\t\t<\/div>\n\t\t\t\t<\/div>\n\t\t\t\t<div class=\"elementor-element elementor-element-532ec9c elementor-widget elementor-widget-text-editor\" data-id=\"532ec9c\" data-element_type=\"widget\" data-widget_type=\"text-editor.default\">\n\t\t\t\t<div class=\"elementor-widget-container\">\n\t\t\t\t\t\t\t\t\t<p class=\"p1\"><span class=\"s2\">Ce projet, initi\u00e9 en 2015, verra 11 tortues <i>Sulcata<\/i> et 5 tortues des Seychelles rejoindre, Mascarin, au cours de l\u2019ann\u00e9e 2018. <\/span><\/p><p class=\"p3\">Il est \u00e9galement envisag\u00e9 d\u2019accueillir ult\u00e9rieurement d\u2019autres esp\u00e8ces de tortues (<i>Radiata<\/i>, \u2026), dans un objectif touristique et p\u00e9dagogique.<\/p>\t\t\t\t\t\t\t\t<\/div>\n\t\t\t\t<\/div>\n\t\t\t\t<\/div>\n\t\t\t\t\t<\/div>\n\t\t\t\t<\/div>\n\t\t<div class=\"elementor-element elementor-element-669dd22 e-flex e-con-boxed e-con e-parent\" data-id=\"669dd22\" data-element_type=\"container\">\n\t\t\t\t\t<div class=\"e-con-inner\">\n\t\t<div class=\"elementor-element elementor-element-16fda69 e-con-full e-flex e-con e-child\" data-id=\"16fda69\" data-element_type=\"container\">\n\t\t\t\t<div class=\"elementor-element elementor-element-4d8d8e7 elementor-widget__width-inherit elementor-widget elementor-widget-image\" data-id=\"4d8d8e7\" data-element_type=\"widget\" data-widget_type=\"image.default\">\n\t\t\t\t<div class=\"elementor-widget-container\">\n\t\t\t\t\t\t\t\t\t\t\t\t\t\t\t<img decoding=\"async\" width=\"471\" height=\"353\" src=\"https:\/\/lejardinbotanique.roaaar.fr\/wp-content\/uploads\/2025\/09\/papillon-bleu.jpg\" class=\"attachment-full size-full wp-image-1775\" alt=\"\" srcset=\"https:\/\/lejardinbotanique.roaaar.fr\/wp-content\/uploads\/2025\/09\/papillon-bleu.jpg 471w, https:\/\/lejardinbotanique.roaaar.fr\/wp-content\/uploads\/2025\/09\/papillon-bleu-300x225.jpg 300w, https:\/\/lejardinbotanique.roaaar.fr\/wp-content\/uploads\/2025\/09\/papillon-bleu-16x12.jpg 16w\" sizes=\"(max-width: 471px) 100vw, 471px\" \/>\t\t\t\t\t\t\t\t\t\t\t\t\t\t\t<\/div>\n\t\t\t\t<\/div>\n\t\t\t\t<\/div>\n\t\t<div class=\"elementor-element elementor-element-8fcfe9a e-con-full e-flex e-con e-child\" data-id=\"8fcfe9a\" data-element_type=\"container\">\n\t\t\t\t<div class=\"elementor-element elementor-element-307821e elementor-widget elementor-widget-heading\" data-id=\"307821e\" data-element_type=\"widget\" data-widget_type=\"heading.default\">\n\t\t\t\t<div class=\"elementor-widget-container\">\n\t\t\t\t\t<h2 class=\"elementor-heading-title elementor-size-default\">LES PAPILLONS<\/h2>\t\t\t\t<\/div>\n\t\t\t\t<\/div>\n\t\t\t\t<div class=\"elementor-element elementor-element-d85abec elementor-widget-divider--view-line elementor-widget elementor-widget-divider\" data-id=\"d85abec\" data-element_type=\"widget\" data-widget_type=\"divider.default\">\n\t\t\t\t<div class=\"elementor-widget-container\">\n\t\t\t\t\t\t\t<div class=\"elementor-divider\">\n\t\t\t<span class=\"elementor-divider-separator\">\n\t\t\t\t\t\t<\/span>\n\t\t<\/div>\n\t\t\t\t\t\t<\/div>\n\t\t\t\t<\/div>\n\t\t\t\t<div class=\"elementor-element elementor-element-2b8d318 elementor-widget elementor-widget-text-editor\" data-id=\"2b8d318\" data-element_type=\"widget\" data-widget_type=\"text-editor.default\">\n\t\t\t\t<div class=\"elementor-widget-container\">\n\t\t\t\t\t\t\t\t\t<p class=\"p1\">Les relations plantes \u2013 insectes constitue d\u00e9j\u00e0 une th\u00e9matique d\u00e9velopp\u00e9e par Mascarin<span class=\"s1\">, d\u2019un point de vue p\u00e9dagogique. <\/span><\/p><p class=\"p2\">La serre \u00e0 papillons de Mascarin, sera une attraction unique \u00e0 La R\u00e9union, aussi bien pour le visiteur ext\u00e9rieur que pour<span class=\"Apple-converted-space\">\u00a0 <\/span>la sortie \u00e0 faire en famille.<\/p>\t\t\t\t\t\t\t\t<\/div>\n\t\t\t\t<\/div>\n\t\t\t\t<\/div>\n\t\t\t\t\t<\/div>\n\t\t\t\t<\/div>\n\t\t\t\t<\/div>","protected":false},"excerpt":{"rendered":"<p>L\u2019attractivit\u00e9 des animaux \u00e0 observer, notamment pour les enfants, est ind\u00e9niable. Mascarin dispose d\u00e9j\u00e0 d\u2019un rucher p\u00e9dagogique qui permet des animations et des formations, mais aussi des moments particuliers d\u2019ouverture de ruches \u00e0 l\u2019occasion de certains \u00e9v\u00e8nements. La demande du public pour ce type d\u2019animation est forte. Aussi Mascarin souhaite-t-il miser sur ce volet de [&hellip;]<\/p>","protected":false},"author":1,"featured_media":0,"parent":0,"menu_order":0,"comment_status":"closed","ping_status":"closed","template":"","meta":{"pgc_sgb_lightbox_settings":"","footnotes":""},"categories":[],"class_list":["post-422","page","type-page","status-publish","hentry"],"_links":{"self":[{"href":"https:\/\/lejardinbotanique.roaaar.fr\/en\/wp-json\/wp\/v2\/pages\/422","targetHints":{"allow":["GET"]}}],"collection":[{"href":"https:\/\/lejardinbotanique.roaaar.fr\/en\/wp-json\/wp\/v2\/pages"}],"about":[{"href":"https:\/\/lejardinbotanique.roaaar.fr\/en\/wp-json\/wp\/v2\/types\/page"}],"author":[{"embeddable":true,"href":"https:\/\/lejardinbotanique.roaaar.fr\/en\/wp-json\/wp\/v2\/users\/1"}],"replies":[{"embeddable":true,"href":"https:\/\/lejardinbotanique.roaaar.fr\/en\/wp-json\/wp\/v2\/comments?post=422"}],"version-history":[{"count":0,"href":"https:\/\/lejardinbotanique.roaaar.fr\/en\/wp-json\/wp\/v2\/pages\/422\/revisions"}],"wp:attachment":[{"href":"https:\/\/lejardinbotanique.roaaar.fr\/en\/wp-json\/wp\/v2\/media?parent=422"}],"wp:term":[{"taxonomy":"category","embeddable":true,"href":"https:\/\/lejardinbotanique.roaaar.fr\/en\/wp-json\/wp\/v2\/categories?post=422"}],"curies":[{"name":"wp","href":"https:\/\/api.w.org\/{rel}","templated":true}]}}